{"id":7233,"date":"2018-06-09T11:42:25","date_gmt":"2018-06-09T10:42:25","guid":{"rendered":"https:\/\/immobiliaria360.com\/que-es-advisoring-360\/"},"modified":"2022-11-10T15:33:28","modified_gmt":"2022-11-10T14:33:28","slug":"que-es-advisoring-360","status":"publish","type":"page","link":"https:\/\/immobiliaria360.com\/ca\/que-es-advisoring-360\/","title":{"rendered":"Qu\u00e8 \u00e9s Advisoring 360?"},"content":{"rendered":"<div class=\"wpb-content-wrapper\"><p>[vc_row][vc_column el_class=&#8221;pr-md-5&#8243; offset=&#8221;vc_col-lg-7 vc_col-md-12&#8243;]<div class=\"section-title-wrapper shortcode-rand-1 zoacres-inline-css\" data-css=\"&quot;.shortcode-rand-1 .title-separator.separator-border { background-color: #00afff; }.shortcode-rand-1.section-title-wrapper &gt; *:nth-child(1) { margin-bottom: 50px; }.shortcode-rand-1.section-title-wrapper &gt; *:nth-child(2) { margin-bottom: -25px; }.shortcode-rand-1 .section-title { text-transform: none; }&quot;\"><div class=\"title-wrap\"><span class=\"sub-title\">ASSESSORIA I GESTI\u00d3<\/span><h2 class=\"section-title\">Qu\u00e8 \u00e9s Advisoring 360?<\/h2><span class=\"title-separator separator-border theme-color-bg\"><\/span><\/div><!-- .title-wrap --><div class=\"section-description\">Advisoring 360 \u00e9s una empresa del grup que ofereix un servei professional i integral d&#8217;assessoria i gesti\u00f3.<br \/>\nEntre els serveis que proporcionem hi ha l\u2019establiment de resid\u00e8ncies a Andorra, inversi\u00f3 estrangera, creaci\u00f3 d\u2019empreses, gesti\u00f3 comptable i fiscal i assessorament en la\u00a0gesti\u00f3 de patrimonis, ja sigui al mercat immobiliari, com als mercats financers.<\/p>\n<blockquote>\n<p style=\"padding-left: 40px\"><strong><a href=\"https:\/\/immobiliaria360.com\/ca\/assessorament-en-inversions\/\">&gt; Assessorament en inversions<\/a><\/strong><br \/>\n<strong><a href=\"https:\/\/immobiliaria360.com\/ca\/arquitectura-projectes-reformes-i-disseny\/\">&gt; Arquitectura, projectes, reformes i disseny<\/a><\/strong><br \/>\n<strong><a href=\"https:\/\/immobiliaria360.com\/ca\/administrem-el-teu-immoble\/\">&gt; Administrem el teu immoble<\/a><\/strong><br \/>\n<strong><a href=\"https:\/\/immobiliaria360.com\/ca\/gestio-del-financament\/\">&gt; Gesti\u00f3 del finan\u00e7ament<\/a><\/strong><br \/>\n<strong><a href=\"https:\/\/immobiliaria360.com\/ca\/tramits-i-certificats\/\">&gt; Tr\u00e0mits i certificats<\/a><\/strong><\/p>\n<\/blockquote>\n<p><\/div><!-- .section-description --><\/div><!-- .section-title-wrapper -->[\/vc_column][vc_column offset=&#8221;vc_col-lg-5 vc_col-md-12&#8243;][vc_single_image image=&#8221;7142&#8243; img_size=&#8221;full&#8221; css_animation=&#8221;none&#8221;][\/vc_column][\/vc_row]<\/p>\n<\/div>","protected":false},"excerpt":{"rendered":"<p>[vc_row][vc_column el_class=&#8221;pr-md-5&#8243; offset=&#8221;vc_col-lg-7 vc_col-md-12&#8243;][\/vc_column][vc_column offset=&#8221;vc_col-lg-5 vc_col-md-12&#8243;][vc_single_image image=&#8221;7142&#8243; img_size=&#8221;full&#8221; css_animation=&#8221;none&#8221;][\/vc_column][\/vc_row]<\/p>\n","protected":false},"author":2,"featured_media":0,"parent":0,"menu_order":0,"comment_status":"closed","ping_status":"closed","template":"","meta":{"_acf_changed":false,"footnotes":""},"class_list":["post-7233","page","type-page","status-publish","hentry"],"acf":[],"_links":{"self":[{"href":"https:\/\/immobiliaria360.com\/ca\/wp-json\/wp\/v2\/pages\/7233","targetHints":{"allow":["GET"]}}],"collection":[{"href":"https:\/\/immobiliaria360.com\/ca\/wp-json\/wp\/v2\/pages"}],"about":[{"href":"https:\/\/immobiliaria360.com\/ca\/wp-json\/wp\/v2\/types\/page"}],"author":[{"embeddable":true,"href":"https:\/\/immobiliaria360.com\/ca\/wp-json\/wp\/v2\/users\/2"}],"replies":[{"embeddable":true,"href":"https:\/\/immobiliaria360.com\/ca\/wp-json\/wp\/v2\/comments?post=7233"}],"version-history":[{"count":0,"href":"https:\/\/immobiliaria360.com\/ca\/wp-json\/wp\/v2\/pages\/7233\/revisions"}],"wp:attachment":[{"href":"https:\/\/immobiliaria360.com\/ca\/wp-json\/wp\/v2\/media?parent=7233"}],"curies":[{"name":"wp","href":"https:\/\/api.w.org\/{rel}","templated":true}]}}