{"id":7237,"date":"2018-12-11T08:46:38","date_gmt":"2018-12-11T07:46:38","guid":{"rendered":"https:\/\/immobiliaria360.com\/home\/"},"modified":"2023-10-03T14:17:17","modified_gmt":"2023-10-03T13:17:17","slug":"home","status":"publish","type":"page","link":"https:\/\/immobiliaria360.com\/ca\/","title":{"rendered":"Home"},"content":{"rendered":"<div class=\"wpb-content-wrapper\"><p>[vc_row full_width=&#8221;stretch_row&#8221; full_height=&#8221;yes&#8221; columns_placement=&#8221;stretch&#8221; row_typo=&#8221;white&#8221; css=&#8221;.vc_custom_1667403574749{background-image: url(https:\/\/immobiliaria360.com\/wp-content\/uploads\/2022\/10\/mirar-finestra.jpg?id=5417) !important;background-position: center !important;background-repeat: no-repeat !important;background-size: cover !important;}&#8221;][vc_column width=&#8221;1\/12&#8243;][\/vc_column][vc_column width=&#8221;10\/12&#8243;][vc_row_inner][vc_column_inner el_class=&#8221;hero-section&#8221;][vc_column_text css=&#8221;.vc_custom_1669660474085{margin-bottom: 10px !important;}&#8221;]<\/p>\n<h1 style=\"font-size: 60px; line-height: 65px; text-align: center; font-weight: bold;\">Troba la teva llar,<br \/>\ntroba la felicitat.<\/h1>\n<p>[\/vc_column_text][vc_empty_space height=&#8221;15px&#8221;][vc_column_text]<\/p>\n<p class=\"vc_custom_heading px-md-5\" style=\"text-align: center;\">Sabem la import\u00e0ncia que t\u00e9 la compra o la venda d&#8217;un habitatge, <strong>per aix\u00f2 el m\u00e9s important per a nosaltres s\u00f3n les persones.<\/strong> La nostra prioritat \u00e9s donar un tracte personalitzat i professional per aconseguir la satisfacci\u00f3 total dels nostres clients.<\/p>\n<p>[\/vc_column_text][vc_empty_space height=&#8221;20px&#8221;][\/vc_column_inner][\/vc_row_inner][vc_btn title=&#8221;FES CLIC AQU\u00cd I TROBA EL TEU PROPER HABITATGE&#8221; color=&#8221;green&#8221; size=&#8221;lg&#8221; align=&#8221;center&#8221; i_icon_fontawesome=&#8221;fas fa-home&#8221; add_icon=&#8221;true&#8221; link=&#8221;url:https%3A%2F%2Fimmobiliaria360.com%2Fca%2Fvendes-i-lloguers%2F|title:Vendes%20i%20lloguers|&#8221;][vc_empty_space height=&#8221;90px&#8221;][\/vc_column][vc_column width=&#8221;1\/12&#8243;][\/vc_column][\/vc_row][vc_row full_width=&#8221;stretch_row&#8221; css=&#8221;.vc_custom_1549366144306{margin-top: -120px !important;padding-top: 0px !important;padding-bottom: 80px !important;}&#8221;][vc_column][vc_row_inner][vc_column_inner width=&#8221;1\/3&#8243; offset=&#8221;vc_col-lg-4 vc_col-md-4&#8243;]<div class=\"feature-box-wrapper feature-box-style-2 text-left vc_custom_1668087848602 shortcode-rand-1 zoacres-inline-css feature-list-1\" data-css=\"&quot;.shortcode-rand-1.feature-box-wrapper .section-title { color: #000000; }.shortcode-rand-1.feature-box-wrapper {background: -moz-linear-gradient(141deg,  0%,  51%,  75%);\\r\\n\\t\\t\\t\\tbackground: -webkit-linear-gradient(141deg,  0%,  51%,  75%);\\r\\n\\t\\t\\t\\tbackground: linear-gradient(141deg,  0%,  51%,  75%);}.shortcode-rand-1 .feature-box-icon { font-size: 70px; }.shortcode-rand-1:hover .feature-box-icon { background: none; }&quot;\"  data-redirect=\"https:\/\/immobiliaria360.com\/ca\/qui-som\/\" data-target=\"_self\"><div class=\"fbox-list\"><div class=\"media\"><div class=\"feature-box-icon mr-3 text-center squared theme-color none\"><span class=\"icon-user-following\"><\/span><\/div><!-- .feature-box-icon --><div class=\"media-body\"><div class=\"feature-box-title\"><h4 class=\"section-title\">Professionalitat i comprom\u00eds<\/h4><\/div><!-- .feature-box-title --><\/div><\/div><\/div><\/div><!-- .feature-box-wrapper -->[\/vc_column_inner][vc_column_inner width=&#8221;1\/3&#8243; offset=&#8221;vc_col-lg-4 vc_col-md-4&#8243;]<div class=\"feature-box-wrapper feature-box-style-2 text-left vc_custom_1668087869258 shortcode-rand-2 zoacres-inline-css feature-list-1\" data-css=\"&quot;.shortcode-rand-2.feature-box-wrapper .section-title { color: #ffffff; }.shortcode-rand-2.feature-box-wrapper { color: #0a0a0a; }.shortcode-rand-2.feature-box-wrapper {background: -moz-linear-gradient(141deg,  0%,  51%,  75%);\\r\\n\\t\\t\\t\\tbackground: -webkit-linear-gradient(141deg,  0%,  51%,  75%);\\r\\n\\t\\t\\t\\tbackground: linear-gradient(141deg,  0%,  51%,  75%);}.shortcode-rand-2 .feature-box-icon { font-size: 70px; }.shortcode-rand-2:hover .feature-box-icon { background: none; }&quot;\"  data-redirect=\"https:\/\/immobiliaria360.com\/ca\/qui-som\/\" data-target=\"_self\"><div class=\"fbox-list\"><div class=\"media\"><div class=\"feature-box-icon mr-3 text-center squared icon-light none\"><span class=\"icon-home\"><\/span><\/div><!-- .feature-box-icon --><div class=\"media-body\"><div class=\"feature-box-title\"><h4 class=\"section-title\">Confian\u00e7a i honestedat<\/h4><\/div><!-- .feature-box-title --><\/div><\/div><\/div><\/div><!-- .feature-box-wrapper -->[\/vc_column_inner][vc_column_inner width=&#8221;1\/3&#8243; offset=&#8221;vc_col-lg-4 vc_col-md-4&#8243;]<div class=\"feature-box-wrapper feature-box-style-2 text-left vc_custom_1668087878555 shortcode-rand-3 zoacres-inline-css feature-list-1\" data-css=\"&quot;.shortcode-rand-3.feature-box-wrapper .section-title { color: #000000; }.shortcode-rand-3.feature-box-wrapper {background: -moz-linear-gradient(141deg,  0%,  51%,  75%);\\r\\n\\t\\t\\t\\tbackground: -webkit-linear-gradient(141deg,  0%,  51%,  75%);\\r\\n\\t\\t\\t\\tbackground: linear-gradient(141deg,  0%,  51%,  75%);}.shortcode-rand-3 .feature-box-icon { font-size: 70px; }.shortcode-rand-3:hover .feature-box-icon { background: none; }&quot;\"  data-redirect=\"https:\/\/immobiliaria360.com\/ca\/qui-som\/\" data-target=\"_self\"><div class=\"fbox-list\"><div class=\"media\"><div class=\"feature-box-icon mr-3 text-center squared theme-color none\"><span class=\"icon-emotsmile\"><\/span><\/div><!-- .feature-box-icon --><div class=\"media-body\"><div class=\"feature-box-title\"><h4 class=\"section-title\">Efici\u00e8ncia i satisfacci\u00f3<\/h4><\/div><!-- .feature-box-title --><\/div><\/div><\/div><\/div><!-- .feature-box-wrapper -->[\/vc_column_inner][\/vc_row_inner][\/vc_column][\/vc_row][vc_row full_width=&#8221;stretch_row&#8221; css=&#8221;.vc_custom_1549366144306{margin-top: -120px !important;padding-top: 0px !important;padding-bottom: 80px !important;}&#8221;][vc_column][vc_empty_space][vc_btn title=&#8221;VALORA EL TEU IMMOBLE AMB 2 CLICS&#8221; color=&#8221;black&#8221; size=&#8221;lg&#8221; align=&#8221;center&#8221; i_icon_fontawesome=&#8221;fas fa-file-invoice-dollar&#8221; button_block=&#8221;true&#8221; add_icon=&#8221;true&#8221; link=&#8221;url:https%3A%2F%2Fimmobiliaria360.com%2Fca%2Fvaloreu-el-vostre-immoble%2F|title:Valoreu%20el%20vostre%20immoble|&#8221;][\/vc_column][\/vc_row][vc_row full_width=&#8221;stretch_row&#8221; row_typo=&#8221;white&#8221; row_overlay=&#8221;custom&#8221; css=&#8221;.vc_custom_1665782587671{padding-top: 90px !important;padding-bottom: 80px !important;background-color: #789c20 !important;background-position: 0 0 !important;background-repeat: repeat !important;}&#8221; row_overlay_color=&#8221;#789c20&#8243; el_class=&#8221;section-rain-drops&#8221; el_id=&#8221;serveis&#8221;][vc_column][vc_row_inner][vc_column_inner width=&#8221;2\/3&#8243;]<div class=\"section-title-wrapper text-left shortcode-rand-4 zoacres-inline-css\" data-css=\"&quot;.shortcode-rand-4 .section-title .title-prefix { color: #ffffff; }.shortcode-rand-4 .title-separator.separator-border { background-color: #ffffff; }.shortcode-rand-4 .section-title { color: #ffffff; text-transform: none; }&quot;\"><div class=\"title-wrap\"><h2 class=\"section-title\">Immobili\u00e0ria 360: un servei integral en assessoria immobili\u00e0ria a Andorra<\/h2><span class=\"title-separator separator-border theme-color-bg\"><\/span><\/div><!-- .title-wrap --><div class=\"section-description\">Vols vendre o llogar casa teva? Posa&#8217;t en contacte amb nosaltres i et farem una estimaci\u00f3 del valor de venda de la teva propietat sense cap comprom\u00eds i cap cost, juntament amb algunes recomanacions per a la venda.<\/p>\n<p>Som una ag\u00e8ncia independent que ofereix un tracte personalitzat, proactiu i proper, aix\u00ed com un servei integral d\u00b4assessoria immobili\u00e0ria.<\/div><!-- .section-description --><\/div><!-- .section-title-wrapper -->[\/vc_column_inner][vc_column_inner width=&#8221;1\/3&#8243;][vc_single_image image=&#8221;7196&#8243; img_size=&#8221;medium&#8221; css_animation=&#8221;fadeInRight&#8221; el_class=&#8221;max-width-none&#8221;][\/vc_column_inner][\/vc_row_inner][vc_row_inner][vc_column_inner width=&#8221;1\/4&#8243;]<div class=\"feature-box-wrapper feature-box-style-1 text-left vc_custom_1668087754755 shortcode-rand-5 zoacres-inline-css feature-list-1\" data-css=\"&quot;.shortcode-rand-5.feature-box-wrapper .fbox-list .media-body &gt; *:nth-child(1) { margin-bottom: 30px; }.shortcode-rand-5.feature-box-wrapper .fbox-list .media-body &gt; *:nth-child(2) { margin-bottom: 20px; }.shortcode-rand-5.feature-box-wrapper {background: -moz-linear-gradient(141deg,  0%,  51%,  75%);\\r\\n\\t\\t\\t\\tbackground: -webkit-linear-gradient(141deg,  0%,  51%,  75%);\\r\\n\\t\\t\\t\\tbackground: linear-gradient(141deg,  0%,  51%,  75%);}.shortcode-rand-5 .feature-box-icon { font-size: 50px; }.shortcode-rand-5:hover .feature-box-icon { background: none; }&quot;\"  data-redirect=\"https:\/\/immobiliaria360.com\/ca\/traslladar-se-a-andorra-2\/\" data-target=\"_self\"><div class=\"fbox-list\"><div class=\"media\"><div class=\"feature-box-icon mr-3 text-center squared icon-light none\"><span class=\"icon-bubble\"><\/span><\/div><!-- .feature-box-icon --><div class=\"media-body\"><div class=\"feature-box-title\"><h5 class=\"section-title\">Vols residir a Andorra?<\/h5><\/div><!-- .feature-box-title --><\/div><\/div><\/div><\/div><!-- .feature-box-wrapper -->[\/vc_column_inner][vc_column_inner width=&#8221;1\/4&#8243;]<div class=\"feature-box-wrapper feature-box-style-1 text-left vc_custom_1668087772282 shortcode-rand-6 zoacres-inline-css feature-list-1\" data-css=\"&quot;.shortcode-rand-6.feature-box-wrapper .fbox-list .media-body &gt; *:nth-child(1) { margin-bottom: 30px; }.shortcode-rand-6.feature-box-wrapper .fbox-list .media-body &gt; *:nth-child(2) { margin-bottom: 20px; }.shortcode-rand-6.feature-box-wrapper {background: -moz-linear-gradient(141deg,  0%,  51%,  75%);\\r\\n\\t\\t\\t\\tbackground: -webkit-linear-gradient(141deg,  0%,  51%,  75%);\\r\\n\\t\\t\\t\\tbackground: linear-gradient(141deg,  0%,  51%,  75%);}.shortcode-rand-6 .feature-box-icon { font-size: 50px; }.shortcode-rand-6:hover .feature-box-icon { background: none; }&quot;\"  data-redirect=\"https:\/\/immobiliaria360.com\/ca\/arquitectura-projectes-reformes-i-disseny\/\" data-target=\"_self\"><div class=\"fbox-list\"><div class=\"media\"><div class=\"feature-box-icon mr-3 text-center squared icon-light none\"><span class=\"icon-volume-2\"><\/span><\/div><!-- .feature-box-icon --><div class=\"media-body\"><div class=\"feature-box-title\"><h5 class=\"section-title\">Arquitectura, projectes i disseny<\/h5><\/div><!-- .feature-box-title --><\/div><\/div><\/div><\/div><!-- .feature-box-wrapper -->[\/vc_column_inner][vc_column_inner width=&#8221;1\/4&#8243;]<div class=\"feature-box-wrapper feature-box-style-1 text-left vc_custom_1668087793660 shortcode-rand-7 zoacres-inline-css feature-list-1\" data-css=\"&quot;.shortcode-rand-7.feature-box-wrapper .fbox-list .media-body &gt; *:nth-child(1) { margin-bottom: 30px; }.shortcode-rand-7.feature-box-wrapper .fbox-list .media-body &gt; *:nth-child(2) { margin-bottom: 20px; }.shortcode-rand-7.feature-box-wrapper {background: -moz-linear-gradient(141deg,  0%,  51%,  75%);\\r\\n\\t\\t\\t\\tbackground: -webkit-linear-gradient(141deg,  0%,  51%,  75%);\\r\\n\\t\\t\\t\\tbackground: linear-gradient(141deg,  0%,  51%,  75%);}.shortcode-rand-7 .feature-box-icon { font-size: 50px; }.shortcode-rand-7:hover .feature-box-icon { background: none; }&quot;\"  data-redirect=\"https:\/\/immobiliaria360.com\/ca\/vens-o-llogues-la-teva-propietat\/\" data-target=\"_self\"><div class=\"fbox-list\"><div class=\"media\"><div class=\"feature-box-icon mr-3 text-center squared icon-light none\"><span class=\"icon-check\"><\/span><\/div><!-- .feature-box-icon --><div class=\"media-body\"><div class=\"feature-box-title\"><h5 class=\"section-title\">Vens o llogues la teva propietat?<\/h5><\/div><!-- .feature-box-title --><\/div><\/div><\/div><\/div><!-- .feature-box-wrapper -->[\/vc_column_inner][vc_column_inner width=&#8221;1\/4&#8243;]<div class=\"feature-box-wrapper feature-box-style-1 text-left vc_custom_1668087812359 shortcode-rand-8 zoacres-inline-css feature-list-1\" data-css=\"&quot;.shortcode-rand-8.feature-box-wrapper .fbox-list .media-body &gt; *:nth-child(1) { margin-bottom: 30px; }.shortcode-rand-8.feature-box-wrapper .fbox-list .media-body &gt; *:nth-child(2) { margin-bottom: 20px; }.shortcode-rand-8.feature-box-wrapper {background: -moz-linear-gradient(141deg,  0%,  51%,  75%);\\r\\n\\t\\t\\t\\tbackground: -webkit-linear-gradient(141deg,  0%,  51%,  75%);\\r\\n\\t\\t\\t\\tbackground: linear-gradient(141deg,  0%,  51%,  75%);}.shortcode-rand-8 .feature-box-icon { font-size: 50px; }.shortcode-rand-8:hover .feature-box-icon { background: none; }&quot;\"  data-redirect=\"https:\/\/immobiliaria360.com\/ca\/tajudem-amb-la-teva-compra\/\" data-target=\"_self\"><div class=\"fbox-list\"><div class=\"media\"><div class=\"feature-box-icon mr-3 text-center squared icon-light none\"><span class=\"icon-credit-card\"><\/span><\/div><!-- .feature-box-icon --><div class=\"media-body\"><div class=\"feature-box-title\"><h5 class=\"section-title\">T&#039;ajudem amb la teva compra<\/h5><\/div><!-- .feature-box-title --><\/div><\/div><\/div><\/div><!-- .feature-box-wrapper -->[\/vc_column_inner][\/vc_row_inner][\/vc_column][\/vc_row][vc_row full_width=&#8221;stretch_row_content&#8221; css=&#8221;.vc_custom_1696339030956{background-image: url(https:\/\/demo.zozothemes.com\/zoacres\/wp-content\/uploads\/2018\/08\/hero-2-right.png?id=3718) !important;background-position: 0 0 !important;background-repeat: no-repeat !important;}&#8221; el_class=&#8221;background-position-left&#8221; el_id=&#8221;vents-home&#8221;][vc_column]<div class=\"section-title-wrapper text-center shortcode-rand-9 zoacres-inline-css\" data-css=\"&quot;.shortcode-rand-9 .section-title .title-prefix { color: #222222; }.shortcode-rand-9 .title-wrap { margin: 0px 0px 0px 0px; }.shortcode-rand-9 .title-separator.separator-border { background-color: #2f6580; }.shortcode-rand-9.section-title-wrapper &gt; *:nth-child(1) { margin-bottom: 35px; }.shortcode-rand-9 .section-title { color: #222222; text-transform: none; }&quot;\"><div class=\"title-wrap\"><h3 class=\"section-title\">Novetats i darreres entrades<\/h3><span class=\"title-separator separator-border theme-color-bg\"><\/span><\/div><!-- .title-wrap --><div class=\"section-description\"><\/div><!-- .section-description --><\/div><!-- .section-title-wrapper -->[vc_column_text]<\/p>\n<div><iframe id=\"iframenews\" style=\"width: 100%; height: 100%;\" src=\"https:\/\/immobiliaria360.com\/recursos\/nlistadom1.php?cod_cliente=53485&amp;cod_captacion=53485&amp;bg_buscador=6d9123&amp;idioma=5&amp;est_bus=1&amp;oferta=S&amp;colorfondo2=6d9123&amp;buscador=N&amp;filas=4\" width=\"100%\" frameborder=\"0\" scrolling=\"no\"><span data-mce-type=\"bookmark\" style=\"display: inline-block; width: 0px; overflow: hidden; line-height: 0;\" class=\"mce_SELRES_start\">\ufeff<\/span><\/iframe><\/div>\n<p>[\/vc_column_text]<div class=\"section-title-wrapper text-center shortcode-rand-10 zoacres-inline-css\" data-css=\"&quot;.shortcode-rand-10 .section-title .title-prefix { color: #222222; }.shortcode-rand-10 .title-wrap { margin: 0px 0px 0px 0px; }.shortcode-rand-10 .title-separator.separator-border { background-color: #2f6580; }.shortcode-rand-10.section-title-wrapper &gt; *:nth-child(1) { margin-bottom: 35px; }.shortcode-rand-10 .section-title { color: #222222; text-transform: none; }&quot;\"><div class=\"title-wrap\"><h3 class=\"section-title\">Immobles destacats<\/h3><span class=\"title-separator separator-border theme-color-bg\"><\/span><\/div><!-- .title-wrap --><div class=\"section-description\"><\/div><!-- .section-description --><\/div><!-- .section-title-wrapper -->[vc_column_text]<\/p>\n<div><iframe id=\"iframehighlighted\" style=\"width: 100%; height: 100%;\" src=\"https:\/\/immobiliaria360.com\/recursos\/nlistadom1.php?cod_cliente=53485&amp;cod_captacion=53485&amp;idioma=5&amp;est_bus=1&amp;destacado=S&amp;colorfondo2=6d9123&amp;buscador=N&amp;filas=4\" width=\"100%\" frameborder=\"0\" scrolling=\"no\"><\/iframe><\/div>\n<p>[\/vc_column_text][\/vc_column][\/vc_row][vc_row full_width=&#8221;stretch_row&#8221; css=&#8221;.vc_custom_1666696079177{background-color: #e8eae8 !important;}&#8221;][vc_column][vc_row_inner][vc_column_inner width=&#8221;1\/2&#8243;][vc_single_image image=&#8221;7145&#8243; img_size=&#8221;full&#8221; css_animation=&#8221;none&#8221;][\/vc_column_inner][vc_column_inner width=&#8221;1\/2&#8243;]<div class=\"section-title-wrapper margin-bottom-40 text-left shortcode-rand-11 zoacres-inline-css\" data-css=\"&quot;.shortcode-rand-11 .section-title .title-prefix { color: #222222; }.shortcode-rand-11 .title-wrap { margin: 0px 0px 0px 0px; }.shortcode-rand-11 .title-separator.separator-border { background-color: #2f6580; }.shortcode-rand-11.section-title-wrapper &gt; *:nth-child(1) { margin-bottom: 35px; }.shortcode-rand-11 .section-title { color: #222222; text-transform: none; }&quot;\"><div class=\"title-wrap\"><h2 class=\"section-title\">Som el teu <span class=\"title-suffix theme-color\">Personal Shopper Immobiliari<\/span><\/h2><span class=\"title-separator separator-border theme-color-bg\"><\/span><\/div><!-- .title-wrap --><div class=\"section-description\">No trobes el que busques o no disposes de temps? Vols estar informat de novetats sobre immobles del teu inter\u00e8s?<\/p>\n<p>Explica&#8217;ns els detalls, prefer\u00e8ncies i interessos, i ho busquem per tu. Serem el teu <strong>Personal Shopper Immobiliari.<\/strong> T&#8217;informarem de les entrades que encaixin amb la teva cerca, aix\u00ed com en els canvis de preu dels teus immobles preferits.<\/div><!-- .section-description --><\/div><!-- .section-title-wrapper -->[vc_btn title=&#8221;Contacta amb el nostre equip&#8221; color=&#8221;black&#8221; i_icon_fontawesome=&#8221;fas fa-file-signature&#8221; add_icon=&#8221;true&#8221; link=&#8221;url:https%3A%2F%2Fimmobiliaria360.com%2Fca%2Fcontacte%2F|title:Contacte&#8221;][\/vc_column_inner][\/vc_row_inner][\/vc_column][\/vc_row][vc_row full_width=&#8221;stretch_row&#8221; css=&#8221;.vc_custom_1549365666386{background-image: url(https:\/\/demo.zozothemes.com\/zoacres\/wp-content\/uploads\/2018\/08\/hero-2-right.png?id=3718) !important;background-position: 0 0 !important;background-repeat: no-repeat !important;}&#8221; el_class=&#8221;background-position-left&#8221;][vc_column]<div class=\"section-title-wrapper text-center shortcode-rand-12 zoacres-inline-css\" data-css=\"&quot;.shortcode-rand-12 .section-title .title-prefix { color: #222222; }.shortcode-rand-12 .title-wrap { margin: 0px 0px 0px 0px; }.shortcode-rand-12 .title-separator.separator-border { background-color: #2f6580; }.shortcode-rand-12.section-title-wrapper &gt; *:nth-child(1) { margin-bottom: 35px; }.shortcode-rand-12 .section-title { color: #222222; text-transform: none; }&quot;\"><div class=\"title-wrap\"><h2 class=\"section-title\">El bloc d&#039; <span class=\"title-suffix theme-color\">Immobili\u00e0ria 360<\/span><\/h2><span class=\"title-separator separator-border theme-color-bg\"><\/span><\/div><!-- .title-wrap --><div class=\"section-description\"><span class=\"head-lead\">Et desvetllem les darreres novetats i not\u00edcies del sector immobiliari<\/span><\/div><!-- .section-description --><\/div><!-- .section-title-wrapper --><div class=\"blog-wrapper blog-style-2 text-left blog-light shortcode-rand-13 zoacres-inline-css\" data-css=\"&quot;.shortcode-rand-13.blog-wrapper .blog-inner &gt; *:nth-child(1) { margin-bottom: 35px; }.shortcode-rand-13.blog-wrapper .blog-inner &gt; *:nth-child(2) { margin-bottom: 20px; }.shortcode-rand-13.blog-wrapper .blog-inner &gt; *:nth-child(3) { margin-bottom: 30px; }.shortcode-rand-13.blog-wrapper .blog-inner &gt; *:nth-child(4) { margin-bottom: 20px; }&quot;\"><div class=\"row\"><div class=\"col-lg-4 col-md-4\"><div class=\"blog-inner\"><div class=\"post-thumb\"><img loading=\"lazy\" decoding=\"async\" width=\"390\" height=\"231\" src=\"https:\/\/immobiliaria360.com\/wp-content\/uploads\/2022\/10\/and-390x231.jpg\" class=\"img-fluid wp-post-image\" alt=\"\" srcset=\"https:\/\/immobiliaria360.com\/wp-content\/uploads\/2022\/10\/and-390x231.jpg 390w, https:\/\/immobiliaria360.com\/wp-content\/uploads\/2022\/10\/and-768x456.jpg 768w, https:\/\/immobiliaria360.com\/wp-content\/uploads\/2022\/10\/and-440x260.jpg 440w, https:\/\/immobiliaria360.com\/wp-content\/uploads\/2022\/10\/and-220x130.jpg 220w\" sizes=\"auto, (max-width: 390px) 100vw, 390px\" \/><\/div><!-- .post-thumb --><div class=\"entry-title\"><h5><a href=\"https:\/\/immobiliaria360.com\/ca\/viure-a-andorra\/descobriu-els-avantatges-dinvertir-i-viure-a-andorra\/\" class=\"post-title\">Descobriu els avantatges d&#8217;invertir i viure a Andorra<\/a><\/h5><\/div><!-- .entry-title --><div class=\"post-excerpt\"><p>[vc_row css=&#8221;.vc_custom_1528265707583{padding-top: 0px !important;padding-bottom: 0px !important;}&#8221;][vc_column][vc_column_text] Andorra es pot presumir<\/p>\n<\/div><!-- .post-excerpt --><div class=\"top-meta clearfix\"><ul class=\"top-meta-list\"><li><div class=\"post-date\"><a href=\"https:\/\/immobiliaria360.com\/ca\/2022\/10\/06\/\"><span class=\"before-icon fa fa-calendar theme-color\"><\/span> 6 d'octubre de 2022<\/a><\/div><\/li><li><div class=\"post-author\"><a href=\"https:\/\/immobiliaria360.com\/ca\/author\/360-immo\/\"><span class=\"fa fa-user-circle theme-color\"><\/span><span class=\"author-name\">360\u00ba Immobili\u00e0ria<\/span><\/a><\/div><\/li><\/ul><\/div><\/div><!-- .blog-inner --><\/div><!-- .cols --><div class=\"col-lg-4 col-md-4\"><div class=\"blog-inner\"><div class=\"post-thumb\"><img loading=\"lazy\" decoding=\"async\" width=\"390\" height=\"231\" src=\"https:\/\/immobiliaria360.com\/wp-content\/uploads\/2018\/06\/educacio-390x231.jpg\" class=\"img-fluid wp-post-image\" alt=\"\" srcset=\"https:\/\/immobiliaria360.com\/wp-content\/uploads\/2018\/06\/educacio-390x231.jpg 390w, https:\/\/immobiliaria360.com\/wp-content\/uploads\/2018\/06\/educacio-768x456.jpg 768w, https:\/\/immobiliaria360.com\/wp-content\/uploads\/2018\/06\/educacio-440x260.jpg 440w, https:\/\/immobiliaria360.com\/wp-content\/uploads\/2018\/06\/educacio-220x130.jpg 220w\" sizes=\"auto, (max-width: 390px) 100vw, 390px\" \/><\/div><!-- .post-thumb --><div class=\"entry-title\"><h5><a href=\"https:\/\/immobiliaria360.com\/ca\/educacio-a-andorra\/escoles-i-sistema-educatiu-dandorra\/\" class=\"post-title\">Escoles i sistema educatiu d&#8217;Andorra<\/a><\/h5><\/div><!-- .entry-title --><div class=\"post-excerpt\"><p>Tot i ser un pa\u00eds petit, el sistema educatiu andorr\u00e0<\/p>\n<\/div><!-- .post-excerpt --><div class=\"top-meta clearfix\"><ul class=\"top-meta-list\"><li><div class=\"post-date\"><a href=\"https:\/\/immobiliaria360.com\/ca\/2022\/06\/06\/\"><span class=\"before-icon fa fa-calendar theme-color\"><\/span> 6 de juny de 2022<\/a><\/div><\/li><li><div class=\"post-author\"><a href=\"https:\/\/immobiliaria360.com\/ca\/author\/360-immo\/\"><span class=\"fa fa-user-circle theme-color\"><\/span><span class=\"author-name\">360\u00ba Immobili\u00e0ria<\/span><\/a><\/div><\/li><\/ul><\/div><\/div><!-- .blog-inner --><\/div><!-- .cols --><div class=\"col-lg-4 col-md-4\"><div class=\"blog-inner\"><div class=\"post-thumb\"><img loading=\"lazy\" decoding=\"async\" width=\"390\" height=\"231\" src=\"https:\/\/immobiliaria360.com\/wp-content\/uploads\/2018\/06\/llei-390x231.jpg\" class=\"img-fluid wp-post-image\" alt=\"\" srcset=\"https:\/\/immobiliaria360.com\/wp-content\/uploads\/2018\/06\/llei-390x231.jpg 390w, https:\/\/immobiliaria360.com\/wp-content\/uploads\/2018\/06\/llei-768x456.jpg 768w, https:\/\/immobiliaria360.com\/wp-content\/uploads\/2018\/06\/llei-440x260.jpg 440w, https:\/\/immobiliaria360.com\/wp-content\/uploads\/2018\/06\/llei-220x130.jpg 220w\" sizes=\"auto, (max-width: 390px) 100vw, 390px\" \/><\/div><!-- .post-thumb --><div class=\"entry-title\"><h5><a href=\"https:\/\/immobiliaria360.com\/ca\/legislacio-dandorra\/llei-darrendaments-de-finques-urbanes-dandorra\/\" class=\"post-title\">Llei d&#8217;arrendaments de finques urbanes d&#8217;Andorra<\/a><\/h5><\/div><!-- .entry-title --><div class=\"post-excerpt\"><p>[vc_row css=&#8221;.vc_custom_1528265707583{padding-top: 0px !important;padding-bottom: 0px !important;}&#8221;][vc_column][vc_column_text] Compartim el text consolidat<\/p>\n<\/div><!-- .post-excerpt --><div class=\"top-meta clearfix\"><ul class=\"top-meta-list\"><li><div class=\"post-date\"><a href=\"https:\/\/immobiliaria360.com\/ca\/2022\/02\/06\/\"><span class=\"before-icon fa fa-calendar theme-color\"><\/span> 6 de febrer de 2022<\/a><\/div><\/li><li><div class=\"post-author\"><a href=\"https:\/\/immobiliaria360.com\/ca\/author\/360-immo\/\"><span class=\"fa fa-user-circle theme-color\"><\/span><span class=\"author-name\">360\u00ba Immobili\u00e0ria<\/span><\/a><\/div><\/li><\/ul><\/div><\/div><!-- .blog-inner --><\/div><!-- .cols --><\/div><!-- .row --><\/div><!-- .blog-wrapper -->[\/vc_column][\/vc_row]<\/p>\n<\/div>","protected":false},"excerpt":{"rendered":"<p>[vc_row full_width=&#8221;stretch_row&#8221; full_height=&#8221;yes&#8221; columns_placement=&#8221;stretch&#8221; row_typo=&#8221;white&#8221; css=&#8221;.vc_custom_1667403574749{background-image: url(https:\/\/immobiliaria360.com\/wp-content\/uploads\/2022\/10\/mirar-finestra.jpg?id=5417) !important;background-position: center !important;background-repeat:<\/p>\n","protected":false},"author":2,"featured_media":0,"parent":0,"menu_order":0,"comment_status":"closed","ping_status":"closed","template":"","meta":{"_acf_changed":false,"footnotes":""},"class_list":["post-7237","page","type-page","status-publish","hentry"],"acf":[],"_links":{"self":[{"href":"https:\/\/immobiliaria360.com\/ca\/wp-json\/wp\/v2\/pages\/7237","targetHints":{"allow":["GET"]}}],"collection":[{"href":"https:\/\/immobiliaria360.com\/ca\/wp-json\/wp\/v2\/pages"}],"about":[{"href":"https:\/\/immobiliaria360.com\/ca\/wp-json\/wp\/v2\/types\/page"}],"author":[{"embeddable":true,"href":"https:\/\/immobiliaria360.com\/ca\/wp-json\/wp\/v2\/users\/2"}],"replies":[{"embeddable":true,"href":"https:\/\/immobiliaria360.com\/ca\/wp-json\/wp\/v2\/comments?post=7237"}],"version-history":[{"count":2,"href":"https:\/\/immobiliaria360.com\/ca\/wp-json\/wp\/v2\/pages\/7237\/revisions"}],"predecessor-version":[{"id":7967,"href":"https:\/\/immobiliaria360.com\/ca\/wp-json\/wp\/v2\/pages\/7237\/revisions\/7967"}],"wp:attachment":[{"href":"https:\/\/immobiliaria360.com\/ca\/wp-json\/wp\/v2\/media?parent=7237"}],"curies":[{"name":"wp","href":"https:\/\/api.w.org\/{rel}","templated":true}]}}