{"id":7250,"date":"2018-02-05T12:44:44","date_gmt":"2018-02-05T11:44:44","guid":{"rendered":"https:\/\/immobiliaria360.com\/traslladar-se-a-andorra\/"},"modified":"2022-11-09T14:17:24","modified_gmt":"2022-11-09T13:17:24","slug":"traslladar-se-a-andorra","status":"publish","type":"page","link":"https:\/\/immobiliaria360.com\/ca\/traslladar-se-a-andorra\/","title":{"rendered":"Traslladar-se a Andorra"},"content":{"rendered":"<div class=\"wpb-content-wrapper\"><p>[vc_row][vc_column][vc_row_inner][vc_column_inner offset=&#8221;vc_col-lg-6 vc_col-md-6&#8243;][vc_empty_space height=&#8221;5px&#8221;][vc_single_image image=&#8221;7148&#8243; img_size=&#8221;full&#8221;][\/vc_column_inner][vc_column_inner el_class=&#8221;pl-lg-4&#8243; offset=&#8221;vc_col-lg-6 vc_col-md-6&#8243;]<div class=\"section-title-wrapper text-left shortcode-rand-1 zoacres-inline-css\" data-css=\"&quot;.shortcode-rand-1 .title-separator.separator-border { background-color: ; }.shortcode-rand-1 .section-title { color: #000000; text-transform: none; }&quot;\"><div class=\"title-wrap\"><h2 class=\"section-title\">Avantatges de viure <span class=\"title-suffix theme-color\">a Andorra<\/span><\/h2><span class=\"title-separator separator-border theme-color-bg\"><\/span><\/div><!-- .title-wrap --><div class=\"section-description\">S\u00f3n molts els atractius que ofereix aquest petit pa\u00eds situat entre els Pirineus, per aix\u00f2 viure a Andorra ja s&#8217;ha convertit en l&#8217;objectiu de moltes persones. Si vols millorar la teva qualitat de vida, viure en uns dels pa\u00efsos m\u00e9s segurs del m\u00f3n i alhora gaudir de grans avantatges fiscals, Andorra \u00e9s la teva propera destinaci\u00f3.<\/p>\n<h6>Sens dubte, Andorra t\u00e9 un dels marcs fiscals m\u00e9s atractius a l&#8217;Eurozona.<\/h6>\n<p><\/div><!-- .section-description --><\/div><!-- .section-title-wrapper -->[\/vc_column_inner][\/vc_row_inner][vc_row_inner][vc_column_inner offset=&#8221;vc_col-lg-6 vc_col-md-6&#8243;][vc_empty_space]<div class=\"section-title-wrapper text-left shortcode-rand-2 zoacres-inline-css\" data-css=\"&quot;.shortcode-rand-2 .title-separator.separator-border { background-color: ; }.shortcode-rand-2 .section-title { color: #000000; text-transform: none; }&quot;\"><div class=\"title-wrap\"><h2 class=\"section-title\">Traslladar-se <span class=\"title-suffix theme-color\">a Andorra<\/span><\/h2><span class=\"title-separator separator-border theme-color-bg\"><\/span><\/div><!-- .title-wrap --><div class=\"section-description\">Sabem tots els avantatges que Andorra pot oferir a la teva empresa o fam\u00edlia i com n&#8217;\u00e9s de atractiu viure en aquest pa\u00eds. No obstant aix\u00f2, hi ha <a href=\"https:\/\/andorrainsiders.com\/residencia-inmigracion-vivir\/\" target=\"_blank\" rel=\"noopener\">diversos tipus de perm\u00eds de resid\u00e8ncia<\/a> , tot ells diferents. En funci\u00f3 de les teves necessitats, estudiarem la teva situaci\u00f3 personal per poder oferir-te les solucions que s&#8217;adaptin millor als teus interessos. Ja sigui com a aut\u00f2nom mitjan\u00e7ant la constituci\u00f3 d&#8217;una societat andorrana, com a assalariat o per mitj\u00e0 d&#8217;una resid\u00e8ncia passiva, us ajudarem perqu\u00e8 el vostre trasllat a Andorra sigui \u00f2ptim.<\/div><!-- .section-description --><\/div><!-- .section-title-wrapper -->[\/vc_column_inner][vc_column_inner el_class=&#8221;pl-lg-4&#8243; offset=&#8221;vc_col-lg-6 vc_col-md-6&#8243;][vc_single_image image=&#8221;7151&#8243; img_size=&#8221;full&#8221;][\/vc_column_inner][\/vc_row_inner][vc_row_inner][vc_column_inner offset=&#8221;vc_col-lg-6 vc_col-md-6&#8243;][vc_empty_space height=&#8221;70px&#8221;][vc_single_image image=&#8221;7154&#8243; img_size=&#8221;full&#8221;][\/vc_column_inner][vc_column_inner el_class=&#8221;pl-lg-4&#8243; offset=&#8221;vc_col-lg-6 vc_col-md-6&#8243;]<div class=\"section-title-wrapper text-left shortcode-rand-3 zoacres-inline-css\" data-css=\"&quot;.shortcode-rand-3 .title-separator.separator-border { background-color: ; }.shortcode-rand-3 .section-title { color: #000000; text-transform: none; }&quot;\"><div class=\"title-wrap\"><h2 class=\"section-title\">Invertir <span class=\"title-suffix theme-color\">a Andorra<\/span><\/h2><span class=\"title-separator separator-border theme-color-bg\"><\/span><\/div><!-- .title-wrap --><div class=\"section-description\">La reforma legal i fiscal duta a terme a Andorra, i que ha perm\u00e8s l&#8217;homologaci\u00f3 a nivell europeu, ha estat la clau per deixar de considerar Andorra com un Parad\u00eds Fiscal. Aquest fet ha Andorra dotat d&#8217;un gran atractiu i en una oportunitat per als inversors estrangers. L&#8217;eliminaci\u00f3 de restriccions i obertura a la inversi\u00f3 estrangera per constituir societats i adquirir qualsevol tipus d&#8217;actiu, juntament amb un marc fiscal favorable, amb convenis per evitar la doble imposici\u00f3, \u00e9s la causa per la qual les peticions de resid\u00e8ncia han crescut exponencialment als darrers anys. La legislaci\u00f3 en mat\u00e8ria de tributaci\u00f3 no ha passat de desapercebuda ja que ofereix beneficis com ara, un m\u00e0xim del 10% per a l&#8217;IRPF i IS, l&#8217;exempci\u00f3 d&#8217;impost no hi ha impost patrimonial, de successions i donacions, i la tributaci\u00f3 del 0% de impostos pels beneficis a la compravenda d&#8217;accions i fons d&#8217;inversi\u00f3.<\/p>\n<h6>La decisi\u00f3 \u00e9s teva, nosaltres t&#8217;ajudem a fer-ho possible.<\/h6>\n<p><\/div><!-- .section-description --><\/div><!-- .section-title-wrapper -->[\/vc_column_inner][\/vc_row_inner][vc_row_inner][vc_column_inner offset=&#8221;vc_col-lg-6 vc_col-md-6&#8243;]<div class=\"section-title-wrapper text-left shortcode-rand-4 zoacres-inline-css\" data-css=\"&quot;.shortcode-rand-4 .title-separator.separator-border { background-color: ; }.shortcode-rand-4 .section-title { color: #000000; text-transform: none; }&quot;\"><div class=\"title-wrap\"><h2 class=\"section-title\">Inversi\u00f3 <span class=\"title-suffix theme-color\">estrangera<\/span><\/h2><span class=\"title-separator separator-border theme-color-bg\"><\/span><\/div><!-- .title-wrap --><div class=\"section-description\">La inversi\u00f3 estrangera \u00e9s l&#8217;adquisici\u00f3 de b\u00e9ns situats al Principat per persones f\u00edsiques no residents a Andorra, sempre que no disposin de la nacionalitat andorrana i per persones jur\u00eddiques de nacionalitat estrangera. Tamb\u00e9 per a Societats andorranes amb participaci\u00f3 estrangera a la capital o als drets de vot sucursals o altres tipus d&#8217;establiments permanents a Andorra de no residents en un percentatge igual o superior al 50 per cent, ja sigui directa o indirecta. Igualment, quan almenys el 50% dels drets de vot del seu \u00f2rgan de decisi\u00f3 pertanyi a persones f\u00edsiques no residents o persones jur\u00eddiques estrangeres. Les formes dinversi\u00f3 estrangera es poden materialitzar mitjan\u00e7ant aportacions diner\u00e0ries o no diner\u00e0ries.<\/p>\n<h6>El ministeri competent ha de resoldre la sol\u00b7licitud dautoritzaci\u00f3 dinversi\u00f3 estrangera en el termini m\u00e0xim dun mes.<\/h6>\n<p><\/div><!-- .section-description --><\/div><!-- .section-title-wrapper -->[\/vc_column_inner][vc_column_inner el_class=&#8221;pl-lg-4&#8243; offset=&#8221;vc_col-lg-6 vc_col-md-6&#8243;][vc_empty_space height=&#8221;50px&#8221;][vc_single_image image=&#8221;7157&#8243; img_size=&#8221;full&#8221;][\/vc_column_inner][\/vc_row_inner][\/vc_column][\/vc_row][vc_row disable_element=&#8221;yes&#8221; css=&#8221;.vc_custom_1666179758336{padding-top: 0px !important;}&#8221;][vc_column]<div class=\"timeline-wrapper timeline-style-2\" data-css=\"&quot;&quot;\"><ul class=\"timeline\"><li class=\" timeline-rand-6 zoacres-inline-css\" data-css=\"&quot;.timeline-rand-6 .timeline-title { color: #00afff; }.timeline &gt; .timeline-rand-6 .timeline-badge { background-color: #00afff; }.timeline &gt; .timeline-rand-6 .timeline-badge { color: #ffffff; }&quot;\"><div class=\"timeline-badge rounded-circle\"><i class=\"fa fa-flag\"><\/i><\/div><div class=\"timeline-sep-title\">1982<\/div><div class=\"timeline-panel\"><div class=\"timeline-heading\"><h4 class=\"timeline-title\">Construction Was Founded<\/h4><\/div><div class=\"timeline-body\"><p>Lorem ipsum dolor sit amet, consectetur adipiscing elit, sed do eiusmod tempor incididunt ut labore et dolore magna aliqua. Ut enim ad minim veniam, quis nostrud exercitation ullamco laboris nisi ut aliquip ex ea commodo consequat.<\/p><\/div><\/div><\/li><!-- .timeline item li --><li class=\" timeline-inverted timeline-rand-7 zoacres-inline-css\" data-css=\"&quot;.timeline-rand-7 .timeline-title { color: #00afff; }.timeline &gt; .timeline-rand-7 .timeline-badge { background-color: #00afff; }.timeline &gt; .timeline-rand-7 .timeline-badge { color: #ffffff; }&quot;\"><div class=\"timeline-badge rounded-circle\"><i class=\"fa fa-bar-chart\"><\/i><\/div><div class=\"timeline-sep-title\">1989<\/div><div class=\"timeline-panel\"><div class=\"timeline-heading\"><h4 class=\"timeline-title\">Construction is Growing<\/h4><\/div><div class=\"timeline-body\"><p>Lorem ipsum dolor sit amet, consectetur adipiscing elit, sed do eiusmod tempor incididunt ut labore et dolore magna aliqua. Ut enim ad minim veniam, quis nostrud exercitation ullamco laboris nisi ut aliquip ex ea commodo consequat.<\/p><\/div><\/div><\/li><!-- .timeline item li --><li class=\" timeline-rand-8 zoacres-inline-css\" data-css=\"&quot;.timeline-rand-8 .timeline-title { color: #00afff; }.timeline &gt; .timeline-rand-8 .timeline-badge { background-color: #00afff; }.timeline &gt; .timeline-rand-8 .timeline-badge { color: #ffffff; }&quot;\"><div class=\"timeline-badge rounded-circle\"><i class=\"fa fa-thumbs-up\"><\/i><\/div><div class=\"timeline-sep-title\">1994<\/div><div class=\"timeline-panel\"><div class=\"timeline-heading\"><h4 class=\"timeline-title\">Becomes The Leading<\/h4><\/div><div class=\"timeline-body\"><p>Lorem ipsum dolor sit amet, consectetur adipiscing elit, sed do eiusmod tempor incididunt ut labore et dolore magna aliqua. Ut enim ad minim veniam, quis nostrud exercitation ullamco laboris nisi ut aliquip ex ea commodo consequat.<\/p><\/div><\/div><\/li><!-- .timeline item li --><li class=\" timeline-inverted timeline-rand-9 zoacres-inline-css\" data-css=\"&quot;.timeline-rand-9 .timeline-title { color: #00afff; }.timeline &gt; .timeline-rand-9 .timeline-badge { background-color: #00afff; }.timeline &gt; .timeline-rand-9 .timeline-badge { color: #ffffff; }&quot;\"><div class=\"timeline-badge rounded-circle\"><i class=\"fa fa-globe\"><\/i><\/div><div class=\"timeline-sep-title\">2008<\/div><div class=\"timeline-panel\"><div class=\"timeline-heading\"><h4 class=\"timeline-title\">Worldwide Service<\/h4><\/div><div class=\"timeline-body\"><p>Lorem ipsum dolor sit amet, consectetur adipiscing elit, sed do eiusmod tempor incididunt ut labore et dolore magna aliqua. Ut enim ad minim veniam, quis nostrud exercitation ullamco laboris nisi ut aliquip ex ea commodo consequat.<\/p><\/div><\/div><\/li><!-- .timeline item li --><li class=\" timeline-rand-10 zoacres-inline-css\" data-css=\"&quot;.timeline-rand-10 .timeline-title { color: #00afff; }.timeline &gt; .timeline-rand-10 .timeline-badge { background-color: #00afff; }.timeline &gt; .timeline-rand-10 .timeline-badge { color: #ffffff; }&quot;\"><div class=\"timeline-badge rounded-circle\"><i class=\"fa fa-trophy\"><\/i><\/div><div class=\"timeline-sep-title\">2012<\/div><div class=\"timeline-panel\"><div class=\"timeline-heading\"><h4 class=\"timeline-title\">Winning Construction Innovation Award<\/h4><\/div><div class=\"timeline-body\"><p>Lorem ipsum dolor sit amet, consectetur adipiscing elit, sed do eiusmod tempor incididunt ut labore et dolore magna aliqua. Ut enim ad minim veniam, quis nostrud exercitation ullamco laboris nisi ut aliquip ex ea commodo consequat.<\/p><\/div><\/div><\/li><!-- .timeline item li --><li class=\" timeline-inverted timeline-rand-11 zoacres-inline-css\" data-css=\"&quot;.timeline-rand-11 .timeline-title { color: #00afff; }.timeline &gt; .timeline-rand-11 .timeline-badge { background-color: #00afff; }.timeline &gt; .timeline-rand-11 .timeline-badge { color: #ffffff; }&quot;\"><div class=\"timeline-badge rounded-circle\"><i class=\"fa fa-shield\"><\/i><\/div><div class=\"timeline-sep-title\">2018<\/div><div class=\"timeline-panel\"><div class=\"timeline-heading\"><h4 class=\"timeline-title\">Winning National Construction Pyramid Award<\/h4><\/div><div class=\"timeline-body\"><p>Lorem ipsum dolor sit amet, consectetur adipiscing elit, sed do eiusmod tempor incididunt ut labore et dolore magna aliqua. Ut enim ad minim veniam, quis nostrud exercitation ullamco laboris nisi ut aliquip ex ea commodo consequat.<\/p><\/div><\/div><\/li><!-- .timeline item li --><\/ul><\/div><!-- .timeline-wrapper -->[\/vc_column][\/vc_row][vc_row full_width=&#8221;stretch_row&#8221; content_placement=&#8221;middle&#8221; row_typo=&#8221;white&#8221; css=&#8221;.vc_custom_1666180776324{padding-top: 60px !important;padding-bottom: 60px !important;background-color: #2e6680 !important;}&#8221;][vc_column width=&#8221;9\/12&#8243;][vc_column_text css=&#8221;.vc_custom_1666195242646{margin-bottom: 0px !important;}&#8221;]<\/p>\n<h4><strong>Tens cap dubte? Els nostres professionals us assessoren.<\/strong><\/h4>\n<p>[\/vc_column_text][\/vc_column][vc_column width=&#8221;3\/12&#8243;]<div class=\"btn-wrap d-flex justify-content-end vc_custom_1666195251430\"><a href=\"http:%2F%2Fimmobiliaria360.com%2Fcontacto%2F|\" target=\"\" class=\"btn  zoacres-btn btn-light btn-rounded rounded  shortcode-rand-12 zoacres-inline-css\" data-css=\"&quot;.btn.shortcode-rand-12 { color: #000000; }.btn.shortcode-rand-12:hover { color: #ffffff; }.btn.shortcode-rand-12:hover { background: transparent; }.btn.shortcode-rand-12 { border-style: solid; border-width: 1px; }.btn.shortcode-rand-12 { border-color: #ffffff; }.btn.shortcode-rand-12:hover { border-color: #ffffff; }&quot;\">M\u00e9s informaci\u00f3<\/a><\/div>[\/vc_column][\/vc_row]<\/p>\n<\/div>","protected":false},"excerpt":{"rendered":"<p>[vc_row][vc_column][vc_row_inner][vc_column_inner offset=&#8221;vc_col-lg-6 vc_col-md-6&#8243;][vc_empty_space height=&#8221;5px&#8221;][vc_single_image image=&#8221;7148&#8243; img_size=&#8221;full&#8221;][\/vc_column_inner][vc_column_inner el_class=&#8221;pl-lg-4&#8243; offset=&#8221;vc_col-lg-6 vc_col-md-6&#8243;][\/vc_column_inner][\/vc_row_inner][vc_row_inner][vc_column_inner offset=&#8221;vc_col-lg-6 vc_col-md-6&#8243;][vc_empty_space][\/vc_column_inner][vc_column_inner el_class=&#8221;pl-lg-4&#8243; offset=&#8221;vc_col-lg-6 vc_col-md-6&#8243;][vc_single_image image=&#8221;7151&#8243; img_size=&#8221;full&#8221;][\/vc_column_inner][\/vc_row_inner][vc_row_inner][vc_column_inner offset=&#8221;vc_col-lg-6 vc_col-md-6&#8243;][vc_empty_space height=&#8221;70px&#8221;][vc_single_image image=&#8221;7154&#8243; img_size=&#8221;full&#8221;][\/vc_column_inner][vc_column_inner el_class=&#8221;pl-lg-4&#8243; offset=&#8221;vc_col-lg-6 vc_col-md-6&#8243;][\/vc_column_inner][\/vc_row_inner][vc_row_inner][vc_column_inner offset=&#8221;vc_col-lg-6 vc_col-md-6&#8243;][\/vc_column_inner][vc_column_inner el_class=&#8221;pl-lg-4&#8243; offset=&#8221;vc_col-lg-6 vc_col-md-6&#8243;][vc_empty_space height=&#8221;50px&#8221;][vc_single_image image=&#8221;7157&#8243; img_size=&#8221;full&#8221;][\/vc_column_inner][\/vc_row_inner][\/vc_column][\/vc_row][vc_row disable_element=&#8221;yes&#8221; css=&#8221;.vc_custom_1666179758336{padding-top: 0px !important;}&#8221;][vc_column][\/vc_column][\/vc_row][vc_row full_width=&#8221;stretch_row&#8221; content_placement=&#8221;middle&#8221; row_typo=&#8221;white&#8221; css=&#8221;.vc_custom_1666180776324{padding-top: 60px !important;padding-bottom: 60px !important;background-color: #2e6680 !important;}&#8221;][vc_column width=&#8221;9\/12&#8243;][vc_column_text css=&#8221;.vc_custom_1666195242646{margin-bottom: 0px !important;}&#8221;] Tens cap dubte? Els nostres<\/p>\n","protected":false},"author":2,"featured_media":0,"parent":0,"menu_order":0,"comment_status":"closed","ping_status":"closed","template":"","meta":{"_acf_changed":false,"footnotes":""},"class_list":["post-7250","page","type-page","status-publish","hentry"],"acf":[],"_links":{"self":[{"href":"https:\/\/immobiliaria360.com\/ca\/wp-json\/wp\/v2\/pages\/7250","targetHints":{"allow":["GET"]}}],"collection":[{"href":"https:\/\/immobiliaria360.com\/ca\/wp-json\/wp\/v2\/pages"}],"about":[{"href":"https:\/\/immobiliaria360.com\/ca\/wp-json\/wp\/v2\/types\/page"}],"author":[{"embeddable":true,"href":"https:\/\/immobiliaria360.com\/ca\/wp-json\/wp\/v2\/users\/2"}],"replies":[{"embeddable":true,"href":"https:\/\/immobiliaria360.com\/ca\/wp-json\/wp\/v2\/comments?post=7250"}],"version-history":[{"count":0,"href":"https:\/\/immobiliaria360.com\/ca\/wp-json\/wp\/v2\/pages\/7250\/revisions"}],"wp:attachment":[{"href":"https:\/\/immobiliaria360.com\/ca\/wp-json\/wp\/v2\/media?parent=7250"}],"curies":[{"name":"wp","href":"https:\/\/api.w.org\/{rel}","templated":true}]}}