{"id":7253,"date":"2022-10-24T10:51:17","date_gmt":"2022-10-24T09:51:17","guid":{"rendered":"https:\/\/immobiliaria360.com\/arquitectura-projectes-reformes-i-disseny\/"},"modified":"2022-11-10T15:19:18","modified_gmt":"2022-11-10T14:19:18","slug":"arquitectura-projectes-reformes-i-disseny","status":"publish","type":"page","link":"https:\/\/immobiliaria360.com\/ca\/arquitectura-projectes-reformes-i-disseny\/","title":{"rendered":"Arquitectura, projectes, reformes i disseny"},"content":{"rendered":"<div class=\"wpb-content-wrapper\"><p>[vc_row full_width=&#8221;stretch_row&#8221; css=&#8221;.vc_custom_1666604772990{background-color: #f4f6fd !important;}&#8221; el_class=&#8221;sc-custom&#8221; el_id=&#8221;arquitectura-projectes-reformes-disseny&#8221;][vc_column][vc_row_inner][vc_column_inner width=&#8221;1\/3&#8243;][vc_single_image image=&#8221;7163&#8243; img_size=&#8221;350&#215;350&#8243; alignment=&#8221;center&#8221;][\/vc_column_inner][vc_column_inner width=&#8221;2\/3&#8243;]<div class=\"section-title-wrapper text-left shortcode-rand-1 zoacres-inline-css\" data-css=\"&quot;.shortcode-rand-1 .section-title .title-prefix { color: #222222; }.shortcode-rand-1 .title-separator.separator-border { background-color: #00afff; }.shortcode-rand-1 .section-title { color: #000000; text-transform: none; }&quot;\"><div class=\"title-wrap\"><span class=\"sub-title\">ASSESSORIA IMMOBILI\u00c0RIA<\/span><h2 class=\"section-title\">Arquitectura, projectes, reformes i disseny<\/h2><span class=\"title-separator separator-border theme-color-bg\"><\/span><\/div><!-- .title-wrap --><div class=\"section-description\">Previ estudi de viabilitat, \u00e9s el moment de dissenyar i plasmar el projecte aportant diferents propostes, solucions i alternatives; sempre tenint presents les tend\u00e8ncies m\u00e9s actuals, amb les m\u00e9s tradicionals i caracter\u00edstiques del Principat. La gesti\u00f3 integral del projecte que oferim implica una rigorosa planificaci\u00f3, que ser\u00e0 fonamental per assolir l&#8217;\u00e8xit. Aix\u00f2 \u00e9s possible gr\u00e0cies a la col\u00b7laboraci\u00f3 estreta amb un dels despatx d&#8217;arquitectura amb m\u00e9s traject\u00f2ria i consolidat al Principat d&#8217;Andorra.<\/p>\n<p>T&#8217;ha agradat un immoble, per\u00f2 necessita una reforma? O simplement vols reformar la teva propietat per a \u00fas propi o venda. Deixa-ho a les nostres mans, ens ocupem de tot.<\/p>\n<blockquote>\n<h6><strong>ALTRES SERVEIS<\/strong><\/h6>\n<p style=\"padding-left: 40px\"><strong><a href=\"https:\/\/immobiliaria360.com\/ca\/assessorament-en-inversions\/\">&gt; Assessorament en inversions<\/a><\/strong><br \/>\n<strong><a href=\"https:\/\/immobiliaria360.com\/ca\/administrem-el-teu-immoble\/\">&gt; Administrem el teu immoble<\/a><\/strong><br \/>\n<strong><a href=\"https:\/\/immobiliaria360.com\/ca\/gestio-del-financament\/\">&gt; Gesti\u00f3 del finan\u00e7ament<\/a><\/strong><br \/>\n<strong><a href=\"https:\/\/immobiliaria360.com\/ca\/tramits-i-certificats\/\">&gt; Tr\u00e0mits i certificat<\/a><\/strong><\/p>\n<\/blockquote>\n<p><\/div><!-- .section-description --><\/div><!-- .section-title-wrapper -->[\/vc_column_inner][\/vc_row_inner][\/vc_column][\/vc_row]<\/p>\n<\/div>","protected":false},"excerpt":{"rendered":"<p>[vc_row full_width=&#8221;stretch_row&#8221; css=&#8221;.vc_custom_1666604772990{background-color: #f4f6fd !important;}&#8221; el_class=&#8221;sc-custom&#8221; el_id=&#8221;arquitectura-projectes-reformes-disseny&#8221;][vc_column][vc_row_inner][vc_column_inner width=&#8221;1\/3&#8243;][vc_single_image image=&#8221;7163&#8243; img_size=&#8221;350&#215;350&#8243; alignment=&#8221;center&#8221;][\/vc_column_inner][vc_column_inner width=&#8221;2\/3&#8243;][\/vc_column_inner][\/vc_row_inner][\/vc_column][\/vc_row]<\/p>\n","protected":false},"author":2,"featured_media":0,"parent":0,"menu_order":0,"comment_status":"closed","ping_status":"closed","template":"","meta":{"_acf_changed":false,"footnotes":""},"class_list":["post-7253","page","type-page","status-publish","hentry"],"acf":[],"_links":{"self":[{"href":"https:\/\/immobiliaria360.com\/ca\/wp-json\/wp\/v2\/pages\/7253","targetHints":{"allow":["GET"]}}],"collection":[{"href":"https:\/\/immobiliaria360.com\/ca\/wp-json\/wp\/v2\/pages"}],"about":[{"href":"https:\/\/immobiliaria360.com\/ca\/wp-json\/wp\/v2\/types\/page"}],"author":[{"embeddable":true,"href":"https:\/\/immobiliaria360.com\/ca\/wp-json\/wp\/v2\/users\/2"}],"replies":[{"embeddable":true,"href":"https:\/\/immobiliaria360.com\/ca\/wp-json\/wp\/v2\/comments?post=7253"}],"version-history":[{"count":0,"href":"https:\/\/immobiliaria360.com\/ca\/wp-json\/wp\/v2\/pages\/7253\/revisions"}],"wp:attachment":[{"href":"https:\/\/immobiliaria360.com\/ca\/wp-json\/wp\/v2\/media?parent=7253"}],"curies":[{"name":"wp","href":"https:\/\/api.w.org\/{rel}","templated":true}]}}