{"id":7286,"date":"2022-10-25T12:06:45","date_gmt":"2022-10-25T11:06:45","guid":{"rendered":"https:\/\/immobiliaria360.com\/vendes-i-lloguers\/"},"modified":"2023-10-03T14:24:09","modified_gmt":"2023-10-03T13:24:09","slug":"vendes-i-lloguers","status":"publish","type":"page","link":"https:\/\/immobiliaria360.com\/ca\/vendes-i-lloguers\/","title":{"rendered":"Vendes i lloguers"},"content":{"rendered":"<div class=\"wpb-content-wrapper\"><p>[vc_row full_width=&#8221;stretch_row_content&#8221; css=&#8221;.vc_custom_1696339369466{background-color: #f4f6fd !important;}&#8221; el_class=&#8221;sc-custom&#8221; el_id=&#8221;assessorament-en-inversions&#8221;][vc_column][vc_row_inner css=&#8221;.vc_custom_1696339444247{padding-right: 30px !important;padding-left: 30px !important;}&#8221;][vc_column_inner]<div class=\"section-title-wrapper text-left shortcode-rand-1 zoacres-inline-css\" data-css=\"&quot;.shortcode-rand-1 .section-title .title-prefix { color: #222222; }.shortcode-rand-1 .title-separator.separator-border { background-color: #00afff; }.shortcode-rand-1 .section-title { color: #000000; text-transform: none; }&quot;\"><div class=\"title-wrap\"><span class=\"sub-title\">ASSESSORIA IMMOBILI\u00c0RIA<\/span><h2 class=\"section-title\">Busca aqu\u00ed el teu <span class=\"title-suffix theme-color\">proper habitatge<\/span><\/h2><span class=\"title-separator separator-border theme-color-bg\"><\/span><\/div><!-- .title-wrap --><div class=\"section-description\">A Immobili\u00e0ria 360 coneixem millor que ning\u00fa el mercat andorr\u00e0 de b\u00e9ns arrels, per aix\u00f2 som el teu aliat \u00f2ptim a l&#8217;hora de comprar o vendre una propietat, aix\u00ed com per buscar un pis o casa de lloguer.<\/p>\n<p>Busca aqu\u00ed i troba all\u00f2 que necessitis. I per a m\u00e9s informaci\u00f3, simplement contacta&#8217;ns.<\/div><!-- .section-description --><\/div><!-- .section-title-wrapper -->[\/vc_column_inner][\/vc_row_inner][vc_column_text]<\/p>\n<div><iframe id=\"iframeImmo\" style=\"width: 100%; height: 100%;\" src=\"https:\/\/immobiliaria360.com\/recursos\/nlistadom1.php?cod_cliente=53485&amp;cod_captacion=53485&amp;bg_buscador=ffffff&amp;idioma=5&amp;est_bus=1&amp;colorfondo2=6d9123&amp;b5=1\" width=\"100%\" frameborder=\"0\" scrolling=\"no\"><\/iframe><\/div>\n<p>[\/vc_column_text][\/vc_column][\/vc_row]<\/p>\n<\/div>","protected":false},"excerpt":{"rendered":"<p>[vc_row full_width=&#8221;stretch_row_content&#8221; css=&#8221;.vc_custom_1696339369466{background-color: #f4f6fd !important;}&#8221; el_class=&#8221;sc-custom&#8221; el_id=&#8221;assessorament-en-inversions&#8221;][vc_column][vc_row_inner css=&#8221;.vc_custom_1696339444247{padding-right: 30px !important;padding-left: 30px !important;}&#8221;][vc_column_inner][\/vc_column_inner][\/vc_row_inner][vc_column_text] [\/vc_column_text][\/vc_column][\/vc_row]<\/p>\n","protected":false},"author":2,"featured_media":0,"parent":0,"menu_order":0,"comment_status":"closed","ping_status":"closed","template":"","meta":{"_acf_changed":false,"footnotes":""},"class_list":["post-7286","page","type-page","status-publish","hentry"],"acf":[],"_links":{"self":[{"href":"https:\/\/immobiliaria360.com\/ca\/wp-json\/wp\/v2\/pages\/7286","targetHints":{"allow":["GET"]}}],"collection":[{"href":"https:\/\/immobiliaria360.com\/ca\/wp-json\/wp\/v2\/pages"}],"about":[{"href":"https:\/\/immobiliaria360.com\/ca\/wp-json\/wp\/v2\/types\/page"}],"author":[{"embeddable":true,"href":"https:\/\/immobiliaria360.com\/ca\/wp-json\/wp\/v2\/users\/2"}],"replies":[{"embeddable":true,"href":"https:\/\/immobiliaria360.com\/ca\/wp-json\/wp\/v2\/comments?post=7286"}],"version-history":[{"count":3,"href":"https:\/\/immobiliaria360.com\/ca\/wp-json\/wp\/v2\/pages\/7286\/revisions"}],"predecessor-version":[{"id":7973,"href":"https:\/\/immobiliaria360.com\/ca\/wp-json\/wp\/v2\/pages\/7286\/revisions\/7973"}],"wp:attachment":[{"href":"https:\/\/immobiliaria360.com\/ca\/wp-json\/wp\/v2\/media?parent=7286"}],"curies":[{"name":"wp","href":"https:\/\/api.w.org\/{rel}","templated":true}]}}