{"id":7332,"date":"2022-10-21T16:35:27","date_gmt":"2022-10-21T15:35:27","guid":{"rendered":"https:\/\/immobiliaria360.com\/qui-som\/"},"modified":"2022-11-10T15:00:51","modified_gmt":"2022-11-10T14:00:51","slug":"qui-som","status":"publish","type":"page","link":"https:\/\/immobiliaria360.com\/ca\/qui-som\/","title":{"rendered":"Qui som?"},"content":{"rendered":"<div class=\"wpb-content-wrapper\"><p>[vc_row full_width=&#8221;stretch_row&#8221; content_placement=&#8221;middle&#8221; row_typo=&#8221;white&#8221; css=&#8221;.vc_custom_1666193620292{padding-top: 0px !important;padding-bottom: 0px !important;background-image: url(https:\/\/immobiliaria360.com\/wp-content\/uploads\/2022\/10\/family-finestra.jpg?id=5415) !important;background-position: center !important;background-repeat: no-repeat !important;background-size: cover !important;}&#8221; el_class=&#8221;bg-mob-hide&#8221; el_id=&#8221;sobre-nosaltres&#8221;][vc_column offset=&#8221;vc_col-lg-12 vc_col-md-12&#8243; el_class=&#8221;about-radius&#8221;][vc_row_inner][vc_column_inner width=&#8221;1\/2&#8243;][\/vc_column_inner][vc_column_inner el_class=&#8221;sc-custom-inner-40&#8243; css=&#8221;.vc_custom_1665775177357{padding-top: 80px !important;padding-right: 60px !important;padding-bottom: 80px !important;padding-left: 60px !important;background-color: #2f6580 !important;}&#8221; offset=&#8221;vc_col-lg-6 vc_col-md-12&#8243;]<div class=\"section-title-wrapper text-left shortcode-rand-1 zoacres-inline-css\" data-css=\"&quot;.shortcode-rand-1 .section-title .title-prefix { color: #ffffff; }.shortcode-rand-1 .section-title .title-suffix { color: #ffffff; }.shortcode-rand-1 .title-separator.separator-border { background-color: #ffffff; }.shortcode-rand-1.section-title-wrapper { color: #ffffff; }.shortcode-rand-1.section-title-wrapper .sub-title { color: #ffffff; }.shortcode-rand-1.section-title-wrapper &gt; *:nth-child(1) { margin-bottom: -25px; }.shortcode-rand-1 .section-title { color: #ffffff; font-size: 30px; line-height: 45px; text-transform: none; }&quot;\"><div class=\"title-wrap\"><span class=\"sub-title\">SOBRE NOSALTRES<\/span><h2 class=\"section-title\"><span class=\"title-prefix theme-color\">Benvingut a l&#039;ag\u00e8ncia Immobili\u00e0ria 360 \u00ba Andorra<\/span> <\/h2><span class=\"title-separator separator-border theme-color-bg\"><\/span><\/div><!-- .title-wrap --><div class=\"section-description\"><\/div><!-- .section-description --><\/div><!-- .section-title-wrapper -->[vc_column_text]<em>Sabem la import\u00e0ncia que t\u00e9 la compra o la venda d&#8217;un habitatge, per aix\u00f2 el m\u00e9s important per a nosaltres s\u00f3n les persones. La nostra prioritat \u00e9s donar un tracte personalitzat i professional per aconseguir la satisfacci\u00f3 total dels nostres clients.<\/em>[\/vc_column_text][vc_empty_space height=&#8221;12px&#8221;]<div class=\"feature-box-wrapper top-space feature-box-style-1 vc_custom_1666113936547 shortcode-rand-2 zoacres-inline-css feature-list-1\" data-css=\"&quot;.shortcode-rand-2.feature-box-wrapper .section-title { color: #ffffff; }.shortcode-rand-2.feature-box-wrapper .fbox-list .media-body &gt; *:nth-child(1) { margin-bottom: 10px; }.shortcode-rand-2.feature-box-wrapper {background: -moz-linear-gradient(141deg,  0%,  51%,  75%);\\r\\n\\t\\t\\t\\tbackground: -webkit-linear-gradient(141deg,  0%,  51%,  75%);\\r\\n\\t\\t\\t\\tbackground: linear-gradient(141deg,  0%,  51%,  75%);}.shortcode-rand-2 .feature-box-icon { font-size: 28px; }.shortcode-rand-2 .feature-box-icon { height: 56px; width: 56px; }.shortcode-rand-2 .feature-box-icon &gt; span { line-height: 2; }.shortcode-rand-2:hover .feature-box-icon { color: #ffffff; }.shortcode-rand-2 .feature-box-icon { background: transparent; }.shortcode-rand-2:hover .feature-box-icon { background: none; }.shortcode-rand-2 .feature-box-icon { border-style: solid; border-color: #ffffff; }.shortcode-rand-2 .feature-box-icon { border-width: 2px; }&quot;\" ><div class=\"fbox-list\"><div class=\"media\"><div class=\"feature-box-icon mr-3 text-center rounded icon-light\"><span class=\"icon-layers\"><\/span><\/div><!-- .feature-box-icon --><div class=\"media-body\"><div class=\"feature-box-title\"><h4 class=\"section-title\">Qui som?<\/h4><\/div><!-- .feature-box-title --><div class=\"feature-box-content\">Som una ag\u00e8ncia independent que ofereix un tracte personalitzat, proactiu i proper, aix\u00ed com un servei integral d\u00b4assessoria immobili\u00e0ria. Treballem estretament amb els nostres clients per assolir l&#8217;objectiu que ens han encarregat. Tamb\u00e9 col\u00b7laborem amb una extensa xarxa d&#8217;ag\u00e8ncies immobili\u00e0ries del pa\u00eds, per centralitzar i aconseguir una cerca m\u00e9s r\u00e0pida i eficient.<\/div><!-- .feature-box-content --><\/div><\/div><\/div><\/div><!-- .feature-box-wrapper --><div class=\"feature-box-wrapper top-space feature-box-style-1 vc_custom_1666366625195 shortcode-rand-3 zoacres-inline-css feature-list-1\" data-css=\"&quot;.shortcode-rand-3.feature-box-wrapper .section-title { color: #ffffff; }.shortcode-rand-3.feature-box-wrapper .fbox-list .media-body &gt; *:nth-child(1) { margin-bottom: 10px; }.shortcode-rand-3.feature-box-wrapper {background: -moz-linear-gradient(141deg,  0%,  51%,  75%);\\r\\n\\t\\t\\t\\tbackground: -webkit-linear-gradient(141deg,  0%,  51%,  75%);\\r\\n\\t\\t\\t\\tbackground: linear-gradient(141deg,  0%,  51%,  75%);}.shortcode-rand-3 .feature-box-icon { font-size: 28px; }.shortcode-rand-3 .feature-box-icon { height: 56px; width: 56px; }.shortcode-rand-3 .feature-box-icon &gt; span { line-height: 2; }.shortcode-rand-3:hover .feature-box-icon { color: #ffffff; }.shortcode-rand-3 .feature-box-icon { background: transparent; }.shortcode-rand-3:hover .feature-box-icon { background: none; }.shortcode-rand-3 .feature-box-icon { border-style: solid; border-color: #ffffff; }.shortcode-rand-3 .feature-box-icon { border-width: 2px; }&quot;\" ><div class=\"fbox-list\"><div class=\"media\"><div class=\"feature-box-icon mr-3 text-center rounded icon-light\"><span class=\"icon-directions\"><\/span><\/div><!-- .feature-box-icon --><div class=\"media-body\"><div class=\"feature-box-title\"><h4 class=\"section-title\">Venda i lloguer d\u00b4immobles<\/h4><\/div><!-- .feature-box-title --><div class=\"feature-box-content\">Immobiliaria 360 t&#8217;ofereix un servei actiu i din\u00e0mic de cerca, selecci\u00f3 i assessorament, per trobar el producte que necessites. T&#8217;acompanyem a cada pas del proc\u00e9s de venda, compra o lloguer d&#8217;una propietat ja sigui de llarga durada com de vacances, tenint en compte les teves necessitats i prefer\u00e8ncies, i representant-te en tot el proc\u00e9s. T&#8217;anirem informant puntualment de totes les novetats de producte noves i que encaixin amb les teves necessitats.<\/div><!-- .feature-box-content --><\/div><\/div><\/div><\/div><!-- .feature-box-wrapper -->[vc_empty_space height=&#8221;22px&#8221;][vc_column_text]<\/p>\n<h4>CONSULTA&#8217;NS<\/h4>\n<p>[\/vc_column_text][vc_column_text]\n<div class=\"wpcf7 no-js\" id=\"wpcf7-f5161-o1\" lang=\"en-US\" dir=\"ltr\" data-wpcf7-id=\"5161\">\n<div class=\"screen-reader-response\"><p role=\"status\" aria-live=\"polite\" aria-atomic=\"true\"><\/p> <ul><\/ul><\/div>\n<form action=\"\/ca\/wp-json\/wp\/v2\/pages\/7332#wpcf7-f5161-o1\" method=\"post\" class=\"wpcf7-form init\" aria-label=\"Contact form\" novalidate=\"novalidate\" data-status=\"init\">\n<fieldset class=\"hidden-fields-container\"><input type=\"hidden\" name=\"_wpcf7\" value=\"5161\" \/><input type=\"hidden\" name=\"_wpcf7_version\" value=\"6.1.5\" \/><input type=\"hidden\" name=\"_wpcf7_locale\" value=\"en_US\" \/><input type=\"hidden\" name=\"_wpcf7_unit_tag\" value=\"wpcf7-f5161-o1\" \/><input type=\"hidden\" name=\"_wpcf7_container_post\" value=\"0\" \/><input type=\"hidden\" name=\"_wpcf7_posted_data_hash\" value=\"\" \/><input type=\"hidden\" name=\"_wpcf7_recaptcha_response\" value=\"\" \/>\n<\/fieldset>\n<p><label> Tu nombre y apellidos (requerido)<br \/>\n<span class=\"wpcf7-form-control-wrap\" data-name=\"your-name\"><input size=\"40\" maxlength=\"400\" class=\"wpcf7-form-control wpcf7-text wpcf7-validates-as-required\" aria-required=\"true\" aria-invalid=\"false\" value=\"\" type=\"text\" name=\"your-name\" \/><\/span> <\/label>\n<\/p>\n<p><label> Tu Email (requerido)<br \/>\n<span class=\"wpcf7-form-control-wrap\" data-name=\"your-email\"><input size=\"40\" maxlength=\"400\" class=\"wpcf7-form-control wpcf7-email wpcf7-validates-as-required wpcf7-text wpcf7-validates-as-email\" aria-required=\"true\" aria-invalid=\"false\" value=\"\" type=\"email\" name=\"your-email\" \/><\/span> <\/label>\n<\/p>\n<p><label> \u00bfSobre qu\u00e9 tema quieres informaci\u00f3n?<br \/>\n<span class=\"wpcf7-form-control-wrap\" data-name=\"your-subject\"><input size=\"40\" maxlength=\"400\" class=\"wpcf7-form-control wpcf7-text\" aria-invalid=\"false\" value=\"\" type=\"text\" name=\"your-subject\" \/><\/span> <\/label>\n<\/p>\n<p><label> Tu mensaje...<br \/>\n<span class=\"wpcf7-form-control-wrap\" data-name=\"your-message\"><textarea cols=\"40\" rows=\"10\" maxlength=\"2000\" class=\"wpcf7-form-control wpcf7-textarea\" aria-invalid=\"false\" name=\"your-message\"><\/textarea><\/span> <\/label>\n<\/p>\n<p><span class=\"wpcf7-form-control-wrap\" data-name=\"acceptance-630\"><span class=\"wpcf7-form-control wpcf7-acceptance\"><span class=\"wpcf7-list-item\"><label><input type=\"checkbox\" name=\"acceptance-630\" value=\"1\" aria-invalid=\"false\" \/><span class=\"wpcf7-list-item-label\">Acepto los t\u00e9rminos y la pol\u00edtica de privacidad<\/span><\/label><\/span><\/span><\/span>\n<\/p>\n<p><input class=\"wpcf7-form-control wpcf7-submit has-spinner\" type=\"submit\" value=\"Enviar\" \/>\n<\/p>\n<p>Los datos recogidos en este formulario ser\u00e1n tratados por T60 Immobili\u00e0ria con la finalidad de gestionar y dar respuesta a la consulta planteada. Sus datos no ser\u00e1n cedidos a terceros. Este tratamiento de datos es necesario para atender su solicitud y est\u00e1 basado en el consentimiento que usted nos proporciona al enviarnos la consulta. Salvo que usted se oponga al tratamiento de sus datos, estos ser\u00e1n conservados durante el tiempo necesario para cumplir con la finalidad para la que se recogen y para determinar las posibles responsabilidades que se puedan derivar de esta finalidad, teniendo en cuenta los per\u00edodos establecidos en la normativa de archivo y documentaci\u00f3n.\n<\/p>\n<p>La persona interesada puede ejercer sus derechos de acceso, portabilidad, rectificaci\u00f3n y supresi\u00f3n de sus datos, as\u00ed como limitar el tratamiento y oponerse, formalizando una solicitud escrita enviada al correo electr\u00f3nico info@immobiliaria360.com. Para m\u00e1s informaci\u00f3n, consulte nuestra pol\u00edtica de privacidad.\n<\/p><p style=\"display: none !important;\" class=\"akismet-fields-container\" data-prefix=\"_wpcf7_ak_\"><label>&#916;<textarea name=\"_wpcf7_ak_hp_textarea\" cols=\"45\" rows=\"8\" maxlength=\"100\"><\/textarea><\/label><input type=\"hidden\" id=\"ak_js_1\" name=\"_wpcf7_ak_js\" value=\"206\"\/><script>document.getElementById( \"ak_js_1\" ).setAttribute( \"value\", ( new Date() ).getTime() );<\/script><\/p><div class=\"wpcf7-response-output\" aria-hidden=\"true\"><\/div>\n<\/form>\n<\/div>\n[\/vc_column_text][\/vc_column_inner][\/vc_row_inner][\/vc_column][\/vc_row][vc_row full_width=&#8221;stretch_row&#8221; content_placement=&#8221;middle&#8221; row_typo=&#8221;white&#8221; css=&#8221;.vc_custom_1666365505229{padding-top: 60px !important;padding-bottom: 45px !important;background-color: #2e6680 !important;}&#8221;][vc_column width=&#8221;9\/12&#8243;][vc_column_text css=&#8221;.vc_custom_1666961420700{margin-bottom: 0px !important;}&#8221;]<\/p>\n<h4><strong>Tens cap dubte? Contacta&#8217;ns ara mateix per WhatsApp!<\/strong><\/h4>\n<p>[\/vc_column_text][\/vc_column][vc_column width=&#8221;3\/12&#8243;]<div class=\"btn-wrap d-flex justify-content-end vc_custom_1668088849805\"><a href=\"https:\/\/wa.me\/376645925\" target=\"\" class=\"btn  zoacres-btn btn-light btn-rounded rounded  shortcode-rand-4 zoacres-inline-css\" data-css=\"&quot;.btn.shortcode-rand-4 { color: #000000; }.btn.shortcode-rand-4:hover { color: #ffffff; }.btn.shortcode-rand-4:hover { background: transparent; }.btn.shortcode-rand-4 { border-style: solid; border-width: 1px; }.btn.shortcode-rand-4 { border-color: #ffffff; }.btn.shortcode-rand-4:hover { border-color: #ffffff; }&quot;\" rel=\"noopener\"><span class=\"btn-icon btn-icon-left fab fa-whatsapp\"><\/span>Click aqu\u00ed<\/a><\/div>[\/vc_column][\/vc_row]<\/p>\n<\/div>","protected":false},"excerpt":{"rendered":"<p>[vc_row full_width=&#8221;stretch_row&#8221; content_placement=&#8221;middle&#8221; row_typo=&#8221;white&#8221; css=&#8221;.vc_custom_1666193620292{padding-top: 0px !important;padding-bottom: 0px !important;background-image: url(https:\/\/immobiliaria360.com\/wp-content\/uploads\/2022\/10\/family-finestra.jpg?id=5415) !important;background-position: center !important;background-repeat: no-repeat !important;background-size: cover !important;}&#8221; el_class=&#8221;bg-mob-hide&#8221; el_id=&#8221;sobre-nosaltres&#8221;][vc_column offset=&#8221;vc_col-lg-12 vc_col-md-12&#8243; el_class=&#8221;about-radius&#8221;][vc_row_inner][vc_column_inner width=&#8221;1\/2&#8243;][\/vc_column_inner][vc_column_inner el_class=&#8221;sc-custom-inner-40&#8243; css=&#8221;.vc_custom_1665775177357{padding-top: 80px !important;padding-right: 60px !important;padding-bottom: 80px !important;padding-left: 60px !important;background-color: #2f6580 !important;}&#8221; offset=&#8221;vc_col-lg-6 vc_col-md-12&#8243;][vc_column_text]Sabem la import\u00e0ncia que t\u00e9 la compra o la venda d&#8217;un habitatge, per aix\u00f2 el m\u00e9s important per a<\/p>\n","protected":false},"author":2,"featured_media":0,"parent":0,"menu_order":0,"comment_status":"closed","ping_status":"closed","template":"","meta":{"_acf_changed":false,"footnotes":""},"class_list":["post-7332","page","type-page","status-publish","hentry"],"acf":[],"_links":{"self":[{"href":"https:\/\/immobiliaria360.com\/ca\/wp-json\/wp\/v2\/pages\/7332","targetHints":{"allow":["GET"]}}],"collection":[{"href":"https:\/\/immobiliaria360.com\/ca\/wp-json\/wp\/v2\/pages"}],"about":[{"href":"https:\/\/immobiliaria360.com\/ca\/wp-json\/wp\/v2\/types\/page"}],"author":[{"embeddable":true,"href":"https:\/\/immobiliaria360.com\/ca\/wp-json\/wp\/v2\/users\/2"}],"replies":[{"embeddable":true,"href":"https:\/\/immobiliaria360.com\/ca\/wp-json\/wp\/v2\/comments?post=7332"}],"version-history":[{"count":0,"href":"https:\/\/immobiliaria360.com\/ca\/wp-json\/wp\/v2\/pages\/7332\/revisions"}],"wp:attachment":[{"href":"https:\/\/immobiliaria360.com\/ca\/wp-json\/wp\/v2\/media?parent=7332"}],"curies":[{"name":"wp","href":"https:\/\/api.w.org\/{rel}","templated":true}]}}