{"id":7457,"date":"2022-10-24T10:50:33","date_gmt":"2022-10-24T09:50:33","guid":{"rendered":"https:\/\/immobiliaria360.com\/assessorament-en-inversions\/"},"modified":"2022-11-10T15:24:54","modified_gmt":"2022-11-10T14:24:54","slug":"assessorament-en-inversions","status":"publish","type":"page","link":"https:\/\/immobiliaria360.com\/ca\/assessorament-en-inversions\/","title":{"rendered":"Assessorament en inversions"},"content":{"rendered":"<div class=\"wpb-content-wrapper\"><p>[vc_row full_width=&#8221;stretch_row&#8221; css=&#8221;.vc_custom_1666604136922{background-color: #f4f6fd !important;}&#8221; el_class=&#8221;sc-custom&#8221; el_id=&#8221;assessorament-en-inversions&#8221;][vc_column][vc_row_inner][vc_column_inner width=&#8221;2\/3&#8243;]<div class=\"section-title-wrapper text-left shortcode-rand-1 zoacres-inline-css\" data-css=\"&quot;.shortcode-rand-1 .section-title .title-prefix { color: #222222; }.shortcode-rand-1 .title-separator.separator-border { background-color: #00afff; }.shortcode-rand-1 .section-title { color: #000000; text-transform: none; }&quot;\"><div class=\"title-wrap\"><span class=\"sub-title\">ASSESSORIA IMMOBILI\u00c0RIA<\/span><h2 class=\"section-title\">Assessorament en inversions<\/h2><span class=\"title-separator separator-border theme-color-bg\"><\/span><\/div><!-- .title-wrap --><div class=\"section-description\">Vols fer una inversi\u00f3 immobili\u00e0ria i necessites assessorament professional?<\/p>\n<p>Nosaltres us podem ajudar, ja que realitzem estudis de viabilitat per a nous Projectes i Promocions Immobili\u00e0ries. En cas de desenvolupament i execuci\u00f3 del projecte, fem el seguiment, aix\u00ed com la gesti\u00f3 posterior per obtenir la major rendibilitat, ja sigui mitjan\u00e7ant la comercialitzaci\u00f3 o el lloguer. Tamb\u00e9 us oferim informaci\u00f3 als nostres clients, en el cas que es presentin oportunitats d&#8217;inversi\u00f3.<\/p>\n<blockquote>\n<h6><strong>ALTRES SERVEIS<\/strong><\/h6>\n<p style=\"padding-left: 40px\"><strong><a href=\"https:\/\/immobiliaria360.com\/ca\/arquitectura-projectes-reformes-i-disseny\/\">&gt; Arquitectura, projectes, reformes i disseny<\/a><\/strong><br \/>\n<strong><a href=\"https:\/\/immobiliaria360.com\/ca\/administrem-el-teu-immoble\/\">&gt; Administrem el teu immoble<\/a><\/strong><br \/>\n<strong><a href=\"https:\/\/immobiliaria360.com\/ca\/gestio-del-financament\/\">&gt; Gesti\u00f3 del finan\u00e7ament<\/a><\/strong><br \/>\n<strong><a href=\"https:\/\/immobiliaria360.com\/ca\/tramits-i-certificats\/\">&gt; Tr\u00e0mits i certificat<\/a><\/strong><\/p>\n<\/blockquote>\n<p><\/div><!-- .section-description --><\/div><!-- .section-title-wrapper -->[\/vc_column_inner][vc_column_inner width=&#8221;1\/3&#8243;][vc_single_image image=&#8221;7160&#8243; img_size=&#8221;350&#215;350&#8243;][\/vc_column_inner][\/vc_row_inner][\/vc_column][\/vc_row]<\/p>\n<\/div>","protected":false},"excerpt":{"rendered":"<p>[vc_row full_width=&#8221;stretch_row&#8221; css=&#8221;.vc_custom_1666604136922{background-color: #f4f6fd !important;}&#8221; el_class=&#8221;sc-custom&#8221; el_id=&#8221;assessorament-en-inversions&#8221;][vc_column][vc_row_inner][vc_column_inner width=&#8221;2\/3&#8243;][\/vc_column_inner][vc_column_inner width=&#8221;1\/3&#8243;][vc_single_image image=&#8221;7160&#8243; img_size=&#8221;350&#215;350&#8243;][\/vc_column_inner][\/vc_row_inner][\/vc_column][\/vc_row]<\/p>\n","protected":false},"author":2,"featured_media":0,"parent":0,"menu_order":0,"comment_status":"closed","ping_status":"closed","template":"","meta":{"_acf_changed":false,"footnotes":""},"class_list":["post-7457","page","type-page","status-publish","hentry"],"acf":[],"_links":{"self":[{"href":"https:\/\/immobiliaria360.com\/ca\/wp-json\/wp\/v2\/pages\/7457","targetHints":{"allow":["GET"]}}],"collection":[{"href":"https:\/\/immobiliaria360.com\/ca\/wp-json\/wp\/v2\/pages"}],"about":[{"href":"https:\/\/immobiliaria360.com\/ca\/wp-json\/wp\/v2\/types\/page"}],"author":[{"embeddable":true,"href":"https:\/\/immobiliaria360.com\/ca\/wp-json\/wp\/v2\/users\/2"}],"replies":[{"embeddable":true,"href":"https:\/\/immobiliaria360.com\/ca\/wp-json\/wp\/v2\/comments?post=7457"}],"version-history":[{"count":0,"href":"https:\/\/immobiliaria360.com\/ca\/wp-json\/wp\/v2\/pages\/7457\/revisions"}],"wp:attachment":[{"href":"https:\/\/immobiliaria360.com\/ca\/wp-json\/wp\/v2\/media?parent=7457"}],"curies":[{"name":"wp","href":"https:\/\/api.w.org\/{rel}","templated":true}]}}