{"id":7835,"date":"2022-11-23T17:19:53","date_gmt":"2022-11-23T16:19:53","guid":{"rendered":"https:\/\/immobiliaria360.com\/?page_id=7835"},"modified":"2022-11-24T08:59:15","modified_gmt":"2022-11-24T07:59:15","slug":"avis-legal","status":"publish","type":"page","link":"https:\/\/immobiliaria360.com\/ca\/avis-legal\/","title":{"rendered":"Av\u00eds legal"},"content":{"rendered":"<h5>Dades identificatives del responsable:<\/h5>\n<p><strong>T60 Immobili\u00e0ria<\/strong> \u00e9s propietari de la p\u00e0gina Web www.immobiliaria360.com<\/p>\n<p>\u2022 Titular: T60 Immobili\u00e0ria<br \/>\n\u2022 NRT: F-033214-X<br \/>\n\u2022 Adre\u00e7a: Avda Fiter i Rossell 45a, 1-2, Escaldes-Engordany.<br \/>\n\u2022 Tel\u00e8fon: +376 645 925<br \/>\n\u2022 E-mail: info@immobiliaria360.com<\/p>\n<h5>Objecte:<\/h5>\n<p>L&#8217;objectiu d&#8217;aquesta p\u00e0gina web \u00e9s donar informaci\u00f3 sobre immobles disponibles per a la compra, venda i lloguer, amb les seves caracter\u00edstiques i preus aix\u00ed com oferir serveis professionals immobiliaris.<\/p>\n<h5>Limitaci\u00f3 de responsabilitat:<\/h5>\n<p><strong>T60 Immobili\u00e0ria<\/strong> no es responsabilitza dels danys i perjudicis produ\u00efts o que es puguin produir, de cap naturalesa, que es derivin de l&#8217;\u00fas de la informaci\u00f3, del contingut de la WEB i dels programes que incorpora, i que poguessin ocasionar, a t\u00edtol enunciatiu i no limitatiu: errors u omissions en els continguts, manca de disponibilitat de la WEB o la transmissi\u00f3 de virus o programes maliciosos o lesius en els continguts, malgrat haver adoptat totes les mesures tecnol\u00f2giques necess\u00e0ries per evitar-ho. La informaci\u00f3 continguda a la WEB \u00e9s la vigent a la data de l&#8217;\u00faltima actualitzaci\u00f3, i <strong>T60 Immobili\u00e0ria<\/strong> no garanteix l&#8217;abs\u00e8ncia d&#8217;errors a l&#8217;acc\u00e9s a la WEB ni al contingut, per\u00f2, adoptar\u00e0 les mesures pertinents per evitar- els, corregir-los i\/o actualitzar-los tan aviat com \u00e9s detectiu.<br \/>\n<strong>T60 Immobili\u00e0ria<\/strong> es reserva el dret de modificar i actualitzar la informaci\u00f3 de la WEB, la seva presentaci\u00f3 i configuraci\u00f3 i les condicions d&#8217;acc\u00e9s sense necessitat de previ avis i en qualsevol moment. Aix\u00ed mateix, <strong>T60 Immobili\u00e0ria<\/strong> es reserva el dret de modificar i\/o ometre totalment o parcial els continguts de la WEB i restringir-ne l&#8217;acc\u00e9s.<br \/>\nEn cas que s&#8217;hagin de realitzar operacions de manteniment, reparaci\u00f3, actualitzaci\u00f3 o millora dels serveis, <strong>T60 Immobili\u00e0ria<\/strong> es reserva el dret de suspendre temporalment i sense necessitat de previ avis l&#8217;acc\u00e9s a la WEB, aix\u00ed com el dret de prestaci\u00f3 o cancel\u00b7laci\u00f3 dels serveis, sense perjudici de procurar posar-ho en coneixement dels usuaris, sempre que les circumst\u00e0ncies ho permetin.<br \/>\nL&#8217;\u00fas d&#8217;aquesta WEB i la informaci\u00f3 facilitada \u00e9s responsabilitat de l&#8217;usuari. Cap tercer podr\u00e0 establir una relaci\u00f3 de framing entre les seves p\u00e0gines web i la WEB. Aix\u00ed mateix, <strong>T60 Immobili\u00e0ria<\/strong> no es responsabilitza del contingut de tercers al qual es pugui accedir mitjan\u00e7ant els enlla\u00e7os continguts a la WEB.<\/p>\n<h5>Serveis i productes de la web:<\/h5>\n<p>La WEB pot contenir enlla\u00e7os a p\u00e0gines web aliens a la mateixa els quals es posen a disposici\u00f3 de l&#8217;usuari amb l&#8217;\u00fanica finalitat de facilitar-li l&#8217;acc\u00e9s als continguts, productes o serveis que poguessin ser del seu inter\u00e8s i que <strong>T60 Immobili\u00e0ria<\/strong> no gestiona ni controla en cap moment. La inclusi\u00f3 dels enlla\u00e7os a portals de tercers no implica en cap cas una vinculaci\u00f3 entre <strong>T60 Immobili\u00e0ria<\/strong> i els titulars dels portals enlla\u00e7ats. <strong>T60 Immobili\u00e0ria<\/strong> no assumeix cap tipus de responsabilitat directa o indirecta en relaci\u00f3 amb la licitud, veracitat, utilitat, qualitat o fiabilitat dels serveis i continguts propietat de tercers, o que aquests gestionin o controlin, encara que s&#8217;hi pugui accedir a trav\u00e9s de la WEB. A tots els efectes legals, s&#8217;ent\u00e9n que qualsevol relaci\u00f3 contractual o extracontractual que l&#8217;usuari dugui a terme amb tercers contactats mitjan\u00e7ant la WEB es fa \u00fanica i exclusivament entre l&#8217;usuari i els tercers. L&#8217;usuari accepta que T60 Immobili\u00e0ria no tingui cap responsabilitat sobre els danys o perjudicis de qualsevol naturalesa ocasionats amb motiu de les negociacions, converses o relacions contractuals o extracontractuals entre l&#8217;usuari i tercers contactats per mitj\u00e0 de la WEB. L&#8217;usuari haur\u00e0 de prendre coneixement de les indicacions, dels avisos o de les advert\u00e8ncies legals que els portals de tercers puguin establir pel seu \u00fas.<\/p>\n<h5>Responsabilitats de l&#8217;usuari del lloc web:<\/h5>\n<p>L&#8217;usuari \u00e9s responsable del compliment de les lleis i reglaments en vigor i de les normes aplicables a l&#8217;\u00fas que es realitzi dels productes i aplicacions. Tanmateix, es prohibeix l&#8217;\u00fas del WEB contrari a la bona fe, en particular i de manera no exhaustiva: la utilitzaci\u00f3 contraria a la normativa andorrana o que infringeixi els drets de tercers; la publicaci\u00f3 o transmissi\u00f3 de qualsevol contingut que resulti violent, obsc\u00e8, abusiu, il\u00b7legal, racial, xen\u00f2fob o difamatori; alterar o intervenir per mitjans fraudulents p\u00e0gines web personals o correus electr\u00f2nics o sistemes d&#8217;altres usuaris o tercers sense la seva autoritzaci\u00f3; els cracs, n\u00fameros de s\u00e8rie de programes o qualsevol altre contingut que vulneri els drets de la propietat intelectual de tercers; el recull i\/o la utilitzaci\u00f3 de dades personals d&#8217;altres usuaris sense el seu consentiment expr\u00e9s o que contravingui les disposicions de la Llei Qualificada 29\/2021 de protecci\u00f3 de dades personals; la utilitzaci\u00f3 del servidor de correu, el domini i les adreces de correu electr\u00f2nic amb finalitats de correu no desitjat, bombardeig de correu, suplantaci\u00f3 d&#8217;identitat, frau sota cust\u00f2dia de tercers, difusi\u00f3 de virus (troians, etc.) o qualsevol altre tipus d&#8217;activitat realitzada amb \u00e0nim fraudulent o delictiu. Queda expressament prohibit accedir, modificar, visualitzar la configuraci\u00f3, estructura i arxius dels servidors de la WEB. Davant qualsevol problema que es pugui produir als servidors i sistemes de seguretat de la WEB com a conseq\u00fc\u00e8ncia directa d&#8217;una actuaci\u00f3 negligent de l&#8217;usuari, aquest respondr\u00e0 per la responsabilitat civil i penal que correspongui. L&#8217;usuari respectar\u00e0 els est\u00e0ndards t\u00e8cnics disposats per la WEB a l&#8217;administraci\u00f3 i desenvolupament dels productes utilitzats de manera que no es produeixi un \u00fas abusiu que retardi els servidors i perjudiqui la prestaci\u00f3 dels productes o drets d&#8217;altres usuaris.<\/p>\n<h5>Propietat industrial i intel\u00b7lectual:<\/h5>\n<p>Tots els elements que apareixen a la Web, sense limitaci\u00f3 (fotografies, m\u00fasica, sons, animacions, programari, textos, nom de domini, marques, informaci\u00f3 i contingut recopilat de tot el Web, etc.), aix\u00ed com l&#8217;estructura, el disseny gr\u00e0fic i el codi font s\u00f3n propietat de<strong> T60 Immobili\u00e0ria<\/strong>, o si s&#8217;escau, de tercers que li han cedit els drets d&#8217;\u00fas corresponents, i que l&#8217;usuari d&#8217;aquest lloc Web ha de respectar, i que per tant estan protegits per la normativa de propietat intel\u00b7lectual. No es podran realitzar actes totals o parcials de reproducci\u00f3, publicaci\u00f3, tractament inform\u00e0tic, distribuci\u00f3, difusi\u00f3, transformaci\u00f3, compilaci\u00f3, modificaci\u00f3, distribuci\u00f3 o comunicaci\u00f3 p\u00fablica del Web sense el consentiment previ i per escrit de T60 Immobili\u00e0ria. L&#8217;acc\u00e9s per part de l&#8217;usuari als continguts i serveis del Web no implica cap dret pel que fa a la seva transmissi\u00f3, cessi\u00f3, utilitzaci\u00f3, alteraci\u00f3, explotaci\u00f3, reproducci\u00f3, distribuci\u00f3 o comunicaci\u00f3 p\u00fablica, objecte de propietat intel\u00b7lectual , sense la pr\u00e8via i expressa autoritzaci\u00f3 espec\u00edficament atorgada a aquest efecte per part de <strong>T60 Immobili\u00e0ria<\/strong> o del tercer titular dels drets, si escau.<\/p>\n<p>Els usuaris de la Web nom\u00e9s podran realitzar un \u00fas privat i personal dels seus continguts, \u00e9s a dir, nom\u00e9s tindran dret a visualitzar i realitzar c\u00f2pies dels continguts per a \u00fas personal i exclusiu i hauran d&#8217;aplicar aquests drets sobre la base dels principis de bona fe i la normativa aplicable. Queda absolutament prohibit l&#8217;\u00fas de la Web o de qualsevol dels seus elements amb finalitats comercials o il\u00b7l\u00edcites. La utilitzaci\u00f3 no autoritzada de la informaci\u00f3 continguda en aquest Portal, aix\u00ed com els perjudicis ocasionats en els drets de propietat intel\u00b7lectual, poden donar lloc a l&#8217;exercici de les accions legals pertinents i, si escau, a les responsabilitats derivades d &#8216;aquest exercici.<\/p>\n<h5>Protecci\u00f3 de dades Personals i Cookies:<\/h5>\n<p>En compliment de la LQPD, i els seus reglaments de desenvolupament, <strong>T60 Immobili\u00e0ria<\/strong> us informa que disposeu dels drets d&#8217;acc\u00e9s, rectificaci\u00f3, supressi\u00f3, oposici\u00f3, portabilitat i limitaci\u00f3 de tractament reconeguts en la normativa esmentada. Us informem que aquesta plana Web recull cookies. Trobareu una explicaci\u00f3 exhaustiva d&#8217;aquestes al seg\u00fcent <a href=\"https:\/\/immobiliaria360.com\/politica-cookies\/\">enlla\u00e7<\/a> . Per m\u00e9s informaci\u00f3 sobre com tractarem les dades personals consulteu el seg\u00fcent <a href=\"https:\/\/immobiliaria360.com\/politica-de-privacitat\/\">enlla\u00e7.<\/a><\/p>\n<h5>Compromisos:<\/h5>\n<p>T60 Immobili\u00e0ria es compromet a no fer publicitat enganyosa. En aquest sentit, no es consideraran publicitat enganyosa els errors formals o num\u00e8rics que es puguin trobar en el contingut de les diferents seccions del Web a causa del manteniment i\/o de l&#8217;actualitzaci\u00f3 incompleta o defectuosa de la informaci\u00f3 continguda en aquestes seccions de la Web com a conseq\u00fc\u00e8ncia d&#8217;all\u00f2 esmentat en aquest apartat, <strong>T60 Immobili\u00e0ria<\/strong> es compromet a corregir aquesta situaci\u00f3 tan aviat com tingui const\u00e0ncia dels esmentats errors.<\/p>\n<h5>Acceptaci\u00f3:<\/h5>\n<p>L&#8217;\u00fas de la Web implica l&#8217;expressa i plena acceptaci\u00f3 d&#8217;aquestes condicions generals i de totes i cada una de les disposicions incloses en aquest avis legal en la versi\u00f3 publicada en el moment en qu\u00e8 l&#8217;usuari accedeix a aquest av\u00eds (excepte la pol\u00edtica de privacitat, que caldr\u00e0 acceptar-la expressament). En conseq\u00fc\u00e8ncia, es recomana que l&#8217;usuari arribi aquest avis legal cada vegada que accedeixi a la Web, ja que es poden produir modificacions en les condicions generals, sense perjudici de les condicions particulars que es puguin aplicar a determinats serveis concrets del Web.<\/p>\n<h5>Legislaci\u00f3 i jurisdicci\u00f3 aplicable:<\/h5>\n<p>Les presents condicions dacc\u00e9s i \u00fas quedin subjectes a la legislaci\u00f3 andorrana ia la compet\u00e8ncia dels seus tribunals.<\/p>\n","protected":false},"excerpt":{"rendered":"<p>Dades identificatives del responsable: T60 Immobili\u00e0ria \u00e9s propietari de la p\u00e0gina Web www.immobiliaria360.com \u2022 Titular: T60 Immobili\u00e0ria \u2022 NRT: F-033214-X \u2022 Adre\u00e7a: Avda Fiter i Rossell 45a, 1-2, Escaldes-Engordany. \u2022 Tel\u00e8fon: +376 645 925 \u2022 E-mail: info@immobiliaria360.com Objecte: L&#8217;objectiu d&#8217;aquesta p\u00e0gina web \u00e9s donar informaci\u00f3 sobre immobles disponibles per a la compra, venda i lloguer,<\/p>\n","protected":false},"author":2,"featured_media":0,"parent":0,"menu_order":0,"comment_status":"closed","ping_status":"closed","template":"","meta":{"_acf_changed":false,"footnotes":""},"class_list":["post-7835","page","type-page","status-publish","hentry"],"acf":[],"_links":{"self":[{"href":"https:\/\/immobiliaria360.com\/ca\/wp-json\/wp\/v2\/pages\/7835","targetHints":{"allow":["GET"]}}],"collection":[{"href":"https:\/\/immobiliaria360.com\/ca\/wp-json\/wp\/v2\/pages"}],"about":[{"href":"https:\/\/immobiliaria360.com\/ca\/wp-json\/wp\/v2\/types\/page"}],"author":[{"embeddable":true,"href":"https:\/\/immobiliaria360.com\/ca\/wp-json\/wp\/v2\/users\/2"}],"replies":[{"embeddable":true,"href":"https:\/\/immobiliaria360.com\/ca\/wp-json\/wp\/v2\/comments?post=7835"}],"version-history":[{"count":0,"href":"https:\/\/immobiliaria360.com\/ca\/wp-json\/wp\/v2\/pages\/7835\/revisions"}],"wp:attachment":[{"href":"https:\/\/immobiliaria360.com\/ca\/wp-json\/wp\/v2\/media?parent=7835"}],"curies":[{"name":"wp","href":"https:\/\/api.w.org\/{rel}","templated":true}]}}