{"id":7275,"date":"2022-10-21T16:28:10","date_gmt":"2022-10-21T15:28:10","guid":{"rendered":"https:\/\/immobiliaria360.com\/foreign-investment\/"},"modified":"2022-11-24T09:17:29","modified_gmt":"2022-11-24T08:17:29","slug":"foreign-investment","status":"publish","type":"page","link":"https:\/\/immobiliaria360.com\/en\/foreign-investment\/","title":{"rendered":"Foreign investment"},"content":{"rendered":"<div class=\"wpb-content-wrapper\"><p>[vc_row css=&#8221;.vc_custom_1666365756344{padding-top: 65px !important;}&#8221;][vc_column][vc_row_inner][vc_column_inner width=&#8221;1\/2&#8243; offset=&#8221;vc_col-lg-6 vc_col-md-6&#8243;][vc_single_image image=&#8221;7158&#8243; img_size=&#8221;full&#8221;][\/vc_column_inner][vc_column_inner el_class=&#8221;pl-lg-4&#8243; width=&#8221;1\/2&#8243; offset=&#8221;vc_col-lg-6 vc_col-md-6&#8243;]<div class=\"section-title-wrapper text-left shortcode-rand-1 zoacres-inline-css\" data-css=\"&quot;.shortcode-rand-1 .title-separator.separator-border { background-color: ; }.shortcode-rand-1 .section-title { color: #000000; text-transform: none; }&quot;\"><div class=\"title-wrap\"><h2 class=\"section-title\">Investment <span class=\"title-suffix theme-color\">foreign<\/span><\/h2><span class=\"title-separator separator-border theme-color-bg\"><\/span><\/div><!-- .title-wrap --><div class=\"section-description\">Foreign investment is the acquisition of assets located in the Principality by natural persons not resident in Andorra, provided they do not have Andorran nationality, and by legal entities of foreign nationality.<\/p>\n<p>Also for Andorran Companies with foreign participation in their capital or in their voting rights, branches or other types of permanent establishments in Andorra of non-residents in a percentage equal to or greater than 50 percent, either directly or indirectly. Likewise, when at least 50% of the voting rights of its decision-making body belong to non-resident individuals or foreign legal entities.<\/p>\n<p>The forms of foreign investment can materialize through monetary or non-monetary contributions.<\/p>\n<h5>The competent ministry must resolve the foreign investment authorization request within a maximum period of one month.<\/h5>\n<p><\/div><!-- .section-description --><\/div><!-- .section-title-wrapper -->[\/vc_column_inner][\/vc_row_inner][vc_zigzag color=&#8221;green&#8221; css=&#8221;.vc_custom_1666365633051{padding-bottom: 50px !important;}&#8221;][vc_row_inner][vc_column_inner width=&#8221;1\/2&#8243;]<div class=\"section-title-wrapper text-left shortcode-rand-2 zoacres-inline-css\" data-css=\"&quot;.shortcode-rand-2 .title-separator.separator-border { background-color: ; }.shortcode-rand-2 .section-title { color: #000000; text-transform: none; }&quot;\"><div class=\"title-wrap\"><h3 class=\"section-title\">We can inform you...<\/h3><span class=\"title-separator separator-border theme-color-bg\"><\/span><\/div><!-- .title-wrap --><div class=\"section-description\">At 360 Immobili\u00e0ria we know in depth everything that may interest you about the advantages of living in Andorra and we can inform you in detail.<\/p>\n<p>Send us a message and we will advise you in a personalized way, with total discretion.<\/div><!-- .section-description --><\/div><!-- .section-title-wrapper -->[\/vc_column_inner][vc_column_inner width=&#8221;1\/2&#8243;]<div class=\"contact-form-wrapper contact-form-default\" data-css=\"&quot;&quot;\"><div class=\"contact-form\">\n<div class=\"wpcf7 no-js\" id=\"wpcf7-f5161-o1\" lang=\"en-US\" dir=\"ltr\" data-wpcf7-id=\"5161\">\n<div class=\"screen-reader-response\"><p role=\"status\" aria-live=\"polite\" aria-atomic=\"true\"><\/p> <ul><\/ul><\/div>\n<form action=\"\/en\/wp-json\/wp\/v2\/pages\/7275#wpcf7-f5161-o1\" method=\"post\" class=\"wpcf7-form init\" aria-label=\"Contact form\" novalidate=\"novalidate\" data-status=\"init\">\n<fieldset class=\"hidden-fields-container\"><input type=\"hidden\" name=\"_wpcf7\" value=\"5161\" \/><input type=\"hidden\" name=\"_wpcf7_version\" value=\"6.1.5\" \/><input type=\"hidden\" name=\"_wpcf7_locale\" value=\"en_US\" \/><input type=\"hidden\" name=\"_wpcf7_unit_tag\" value=\"wpcf7-f5161-o1\" \/><input type=\"hidden\" name=\"_wpcf7_container_post\" value=\"0\" \/><input type=\"hidden\" name=\"_wpcf7_posted_data_hash\" value=\"\" \/><input type=\"hidden\" name=\"_wpcf7_recaptcha_response\" value=\"\" \/>\n<\/fieldset>\n<p><label> Tu nombre y apellidos (requerido)<br \/>\n<span class=\"wpcf7-form-control-wrap\" data-name=\"your-name\"><input size=\"40\" maxlength=\"400\" class=\"wpcf7-form-control wpcf7-text wpcf7-validates-as-required\" aria-required=\"true\" aria-invalid=\"false\" value=\"\" type=\"text\" name=\"your-name\" \/><\/span> <\/label>\n<\/p>\n<p><label> Tu Email (requerido)<br \/>\n<span class=\"wpcf7-form-control-wrap\" data-name=\"your-email\"><input size=\"40\" maxlength=\"400\" class=\"wpcf7-form-control wpcf7-email wpcf7-validates-as-required wpcf7-text wpcf7-validates-as-email\" aria-required=\"true\" aria-invalid=\"false\" value=\"\" type=\"email\" name=\"your-email\" \/><\/span> <\/label>\n<\/p>\n<p><label> \u00bfSobre qu\u00e9 tema quieres informaci\u00f3n?<br \/>\n<span class=\"wpcf7-form-control-wrap\" data-name=\"your-subject\"><input size=\"40\" maxlength=\"400\" class=\"wpcf7-form-control wpcf7-text\" aria-invalid=\"false\" value=\"\" type=\"text\" name=\"your-subject\" \/><\/span> <\/label>\n<\/p>\n<p><label> Tu mensaje...<br \/>\n<span class=\"wpcf7-form-control-wrap\" data-name=\"your-message\"><textarea cols=\"40\" rows=\"10\" maxlength=\"2000\" class=\"wpcf7-form-control wpcf7-textarea\" aria-invalid=\"false\" name=\"your-message\"><\/textarea><\/span> <\/label>\n<\/p>\n<p><span class=\"wpcf7-form-control-wrap\" data-name=\"acceptance-630\"><span class=\"wpcf7-form-control wpcf7-acceptance\"><span class=\"wpcf7-list-item\"><label><input type=\"checkbox\" name=\"acceptance-630\" value=\"1\" aria-invalid=\"false\" \/><span class=\"wpcf7-list-item-label\">Acepto los t\u00e9rminos y la pol\u00edtica de privacidad<\/span><\/label><\/span><\/span><\/span>\n<\/p>\n<p><input class=\"wpcf7-form-control wpcf7-submit has-spinner\" type=\"submit\" value=\"Enviar\" \/>\n<\/p>\n<p>Los datos recogidos en este formulario ser\u00e1n tratados por T60 Immobili\u00e0ria con la finalidad de gestionar y dar respuesta a la consulta planteada. Sus datos no ser\u00e1n cedidos a terceros. Este tratamiento de datos es necesario para atender su solicitud y est\u00e1 basado en el consentimiento que usted nos proporciona al enviarnos la consulta. Salvo que usted se oponga al tratamiento de sus datos, estos ser\u00e1n conservados durante el tiempo necesario para cumplir con la finalidad para la que se recogen y para determinar las posibles responsabilidades que se puedan derivar de esta finalidad, teniendo en cuenta los per\u00edodos establecidos en la normativa de archivo y documentaci\u00f3n.\n<\/p>\n<p>La persona interesada puede ejercer sus derechos de acceso, portabilidad, rectificaci\u00f3n y supresi\u00f3n de sus datos, as\u00ed como limitar el tratamiento y oponerse, formalizando una solicitud escrita enviada al correo electr\u00f3nico info@immobiliaria360.com. Para m\u00e1s informaci\u00f3n, consulte nuestra pol\u00edtica de privacidad.\n<\/p><p style=\"display: none !important;\" class=\"akismet-fields-container\" data-prefix=\"_wpcf7_ak_\"><label>&#916;<textarea name=\"_wpcf7_ak_hp_textarea\" cols=\"45\" rows=\"8\" maxlength=\"100\"><\/textarea><\/label><input type=\"hidden\" id=\"ak_js_1\" name=\"_wpcf7_ak_js\" value=\"140\"\/><script>document.getElementById( \"ak_js_1\" ).setAttribute( \"value\", ( new Date() ).getTime() );<\/script><\/p><div class=\"wpcf7-response-output\" aria-hidden=\"true\"><\/div>\n<\/form>\n<\/div>\n<\/div><!-- .contact-form --><\/div><!-- .contact-form-wrapper -->[\/vc_column_inner][\/vc_row_inner][\/vc_column][\/vc_row][vc_row full_width=&#8221;stretch_row&#8221; content_placement=&#8221;middle&#8221; row_typo=&#8221;white&#8221; css=&#8221;.vc_custom_1666365505229{padding-top: 60px !important;padding-bottom: 45px !important;background-color: #2e6680 !important;}&#8221;][vc_column width=&#8221;9\/12&#8243;][vc_column_text css=&#8221;.vc_custom_1666365680620{margin-bottom: 0px !important;}&#8221;]<\/p>\n<h4><strong>Do you have any questions? Contact us right now by WhatsApp!<\/strong><\/h4>\n<p>[\/vc_column_text][\/vc_column][vc_column width=&#8221;3\/12&#8243;]<div class=\"btn-wrap d-flex justify-content-end vc_custom_1666365463003\"><a href=\"https:%2F%2Fwa.me%2F376645925|\" target=\"\" class=\"btn  zoacres-btn btn-light btn-rounded rounded  shortcode-rand-4 zoacres-inline-css\" data-css=\"&quot;.btn.shortcode-rand-4 { color: #000000; }.btn.shortcode-rand-4:hover { color: #ffffff; }.btn.shortcode-rand-4:hover { background: transparent; }.btn.shortcode-rand-4 { border-style: solid; border-width: 1px; }.btn.shortcode-rand-4 { border-color: #ffffff; }.btn.shortcode-rand-4:hover { border-color: #ffffff; }&quot;\"><span class=\"btn-icon btn-icon-left fab fa-whatsapp\"><\/span>Click here<\/a><\/div>[\/vc_column][\/vc_row]<\/p>\n<\/div>","protected":false},"excerpt":{"rendered":"<p>[vc_row css=&#8221;.vc_custom_1666365756344{padding-top: 65px !important;}&#8221;][vc_column][vc_row_inner][vc_column_inner width=&#8221;1\/2&#8243; offset=&#8221;vc_col-lg-6 vc_col-md-6&#8243;][vc_single_image image=&#8221;7158&#8243; img_size=&#8221;full&#8221;][\/vc_column_inner][vc_column_inner el_class=&#8221;pl-lg-4&#8243; width=&#8221;1\/2&#8243; offset=&#8221;vc_col-lg-6 vc_col-md-6&#8243;][\/vc_column_inner][\/vc_row_inner][vc_zigzag color=&#8221;green&#8221; css=&#8221;.vc_custom_1666365633051{padding-bottom: 50px !important;}&#8221;][vc_row_inner][vc_column_inner width=&#8221;1\/2&#8243;][\/vc_column_inner][vc_column_inner width=&#8221;1\/2&#8243;][\/vc_column_inner][\/vc_row_inner][\/vc_column][\/vc_row][vc_row full_width=&#8221;stretch_row&#8221; content_placement=&#8221;middle&#8221; row_typo=&#8221;white&#8221; css=&#8221;.vc_custom_1666365505229{padding-top: 60px !important;padding-bottom: 45px !important;background-color: #2e6680 !important;}&#8221;][vc_column width=&#8221;9\/12&#8243;][vc_column_text css=&#8221;.vc_custom_1666365680620{margin-bottom: 0px !important;}&#8221;] Do you have any questions? Contact us right now by WhatsApp! [\/vc_column_text][\/vc_column][vc_column width=&#8221;3\/12&#8243;][\/vc_column][\/vc_row]<\/p>\n","protected":false},"author":2,"featured_media":0,"parent":0,"menu_order":0,"comment_status":"closed","ping_status":"closed","template":"","meta":{"_acf_changed":false,"footnotes":""},"class_list":["post-7275","page","type-page","status-publish","hentry"],"acf":[],"_links":{"self":[{"href":"https:\/\/immobiliaria360.com\/en\/wp-json\/wp\/v2\/pages\/7275","targetHints":{"allow":["GET"]}}],"collection":[{"href":"https:\/\/immobiliaria360.com\/en\/wp-json\/wp\/v2\/pages"}],"about":[{"href":"https:\/\/immobiliaria360.com\/en\/wp-json\/wp\/v2\/types\/page"}],"author":[{"embeddable":true,"href":"https:\/\/immobiliaria360.com\/en\/wp-json\/wp\/v2\/users\/2"}],"replies":[{"embeddable":true,"href":"https:\/\/immobiliaria360.com\/en\/wp-json\/wp\/v2\/comments?post=7275"}],"version-history":[{"count":0,"href":"https:\/\/immobiliaria360.com\/en\/wp-json\/wp\/v2\/pages\/7275\/revisions"}],"wp:attachment":[{"href":"https:\/\/immobiliaria360.com\/en\/wp-json\/wp\/v2\/media?parent=7275"}],"curies":[{"name":"wp","href":"https:\/\/api.w.org\/{rel}","templated":true}]}}