{"id":7805,"date":"2022-11-17T16:05:29","date_gmt":"2022-11-17T15:05:29","guid":{"rendered":"https:\/\/immobiliaria360.com\/politica-cookies\/"},"modified":"2022-11-23T17:48:29","modified_gmt":"2022-11-23T16:48:29","slug":"politica-cookies","status":"publish","type":"page","link":"https:\/\/immobiliaria360.com\/en\/politica-cookies\/","title":{"rendered":"Cookies policy"},"content":{"rendered":"<h5>DEFINICI\u00d3 DE COOKIES<\/h5>\n<p>Les cookies s\u00f3n identificadors que enviem a el disc dur del seu ordinador a trav\u00e9s del seu navegador web per tal de que els nostres sistemes puguin recon\u00e8ixer el seu navegador i oferir-certs serveis. En general, aquestes tecnologies poden servir per a finalitats molt diferents, per exemple, recon\u00e8ixer-te com a usuari, obtenir informaci\u00f3 sobre els teus h\u00e0bits de navegaci\u00f3, o personalitzar la forma en qu\u00e8 es mostra el contingut. Aquesta p\u00e0gina utilitza tipus diferents de cookies. Algunes cookies s\u00f3n col\u00b7locades per serveis de tercers que apareixen en les nostres p\u00e0gines. Les cookies poden ser:<\/p>\n<h5><strong>Cookies de prefer\u00e8ncies<\/strong><\/h5>\n<p>Les cookies de prefer\u00e8ncies permeten a la p\u00e0gina web recordar informaci\u00f3 que canvia la forma en qu\u00e8 la p\u00e0gina es comporta o l&#8217;aspecte que t\u00e9, com el seu idioma preferit o la regi\u00f3 en la qual vost\u00e8 es troba.<\/p>\n<h5><strong>Cookies d&#8217;estad\u00edstiques<\/strong><\/h5>\n<p>Les cookies estad\u00edstiques ajuden als propietaris de p\u00e0gines web a comprendre com interactuen els visitants amb les p\u00e0gines web reunint i proporcionant informaci\u00f3 de forma an\u00f2nima.<\/p>\n<h5><strong>Cookies de m\u00e0rqueting<\/strong><\/h5>\n<p>Les cookies de m\u00e0rqueting s&#8217;utilitzen per rastrejar als visitants en les p\u00e0gines web. La intenci\u00f3 \u00e9s mostrar anuncis rellevants i atractius per a l&#8217;usuari individual, i per tant, m\u00e9s valuosos per als editors i tercers anunciants.<\/p>\n<h5>COM DESACTIVAR LES COOKIES EN ELS PRINCIPALS NAVEGADORS:<\/h5>\n<p>Normalment \u00e9s possible deixar d&#8217;acceptar les galetes de el navegador, o deixar d&#8217;acceptar les galetes d&#8217;un servei en particular.<br \/>\nTots els navegadors moderns permeten canviar la configuraci\u00f3 de Galetes. Aquests ajustaments normalment es troba en les &#8216;opcions&#8217; o &#8216;Prefer\u00e8ncies&#8217; de el men\u00fa del seu navegador. Aix\u00ed mateix, pot configurar el seu navegador o el seu gestor de correu electr\u00f2nic.<br \/>\nA continuaci\u00f3 s&#8217;ofereix orientaci\u00f3 a l&#8217;Usuari sobre els passos per accedir a men\u00fa de configuraci\u00f3 de les galetes i, si escau, de la navegaci\u00f3 privada a cadascun dels navegadors principals:<\/p>\n<p><strong>Internet Explorer:<\/strong> Eines -&gt; Opcions d&#8217;Internet -&gt; Privacitat -&gt; Configuraci\u00f3. Per a m\u00e9s informaci\u00f3, pot consultar el suport de Microsoft o l&#8217;Ajuda de el navegador.<br \/>\n<strong>Firefox:<\/strong> Eines -&gt; Opcions -&gt; Privadesa -&gt; Hist\u00f2ric -&gt; Configuraci\u00f3 Personalitzada. Per a m\u00e9s informaci\u00f3, podeu consultar el suport de Mozilla o l&#8217;Ajuda de el navegador.<br \/>\n<strong>Chrome:<\/strong> Configuraci\u00f3 -&gt; Mostra opcions avan\u00e7ades -&gt; Privadesa -&gt; Configuraci\u00f3 de contingut. Per a m\u00e9s informaci\u00f3, podeu consultar el suport de Google o l&#8217;Ajuda de el navegador.<br \/>\n<strong>Safari:<\/strong> Prefer\u00e8ncies -&gt; Seguretat. Per a m\u00e9s informaci\u00f3, pot consultar el suport d&#8217;Apple o l&#8217;Ajuda de el navegador.<\/p>\n<h5>Qu\u00e8 passa si es desactiven les galetes?<\/h5>\n<p>Algunes funcionalitats dels Serveis quedaran deshabilitats.<\/p>\n<h5>Cookies que fem servir:<\/h5>\n<p>A continuaci\u00f3, indiquem les cookies:<\/p>\n<h5 class=\"reporttitle\">Cookies necess\u00e0ries<\/h5>\n<table class=\"reporttable table\">\n<thead>\n<tr>\n<th>Cookie key<\/th>\n<th>Domain<\/th>\n<th>Path<\/th>\n<th>Cookie type<\/th>\n<th>Expiration<\/th>\n<th>Description<\/th>\n<\/tr>\n<\/thead>\n<tbody>\n<tr>\n<td data-label=\"Cookie key\">_GRECAPTCHA<br \/>\n<a class=\"morecookieinfo\" title=\"More info\" data-toggle=\"collapse\" data-target=\"#showlink2032939\" aria-expanded=\"false\" aria-controls=\"#showlink2032939\">More info<\/a><\/td>\n<td data-label=\"Domain\">www.google.com<\/td>\n<td data-label=\"Path\">\/recaptcha<\/td>\n<td data-label=\"Cookie type\">Third-party<\/td>\n<td data-label=\"Expiration\">6 months<\/td>\n<td class=\"repdesc\" data-label=\"Description\">Google reCAPTCHA sets a necessary cookie (_GRECAPTCHA) when executed for the purpose of providing its risk analysis.<\/td>\n<\/tr>\n<tr class=\"firstfoundrow\">\n<td colspan=\"6\"><\/td>\n<\/tr>\n<\/tbody>\n<\/table>\n<h5 class=\"reporttitle\">Cookies de funcionalitat<\/h5>\n<table class=\"reporttable table\">\n<thead>\n<tr>\n<th>Cookie key<\/th>\n<th>Domain<\/th>\n<th>Path<\/th>\n<th>Cookie type<\/th>\n<th>Expiration<\/th>\n<th>Description<\/th>\n<\/tr>\n<\/thead>\n<tbody>\n<tr>\n<td data-label=\"Cookie key\">wp-wpml_current_language<br \/>\n<a class=\"morecookieinfo\" title=\"More info\" data-toggle=\"collapse\" data-target=\"#showlink2032938\" aria-expanded=\"false\" aria-controls=\"#showlink2032938\">More info<\/a><\/td>\n<td data-label=\"Domain\">immobiliaria360.com<\/td>\n<td data-label=\"Path\">\/<\/td>\n<td data-label=\"Cookie type\">First-party<\/td>\n<td data-label=\"Expiration\">Session<\/td>\n<td class=\"repdesc\" data-label=\"Description\">Stores the current language. By default, this cookie is set only for logged-in users. If you\u00a0enable the language cookie to support AJAX filtering, this cookie will also be set for users who are not logged in.<\/td>\n<\/tr>\n<tr class=\"firstfoundrow\">\n<td colspan=\"6\"><\/td>\n<\/tr>\n<\/tbody>\n<\/table>\n<h5 class=\"reporttitle\">Cookies sense classificar<\/h5>\n<table class=\"reporttable table\">\n<thead>\n<tr>\n<th>Cookie key<\/th>\n<th>Domain<\/th>\n<th>Path<\/th>\n<th>Cookie type<\/th>\n<th>Expiration<\/th>\n<th>Description<\/th>\n<\/tr>\n<\/thead>\n<tbody>\n<tr>\n<td data-label=\"Cookie key\">wpml_browser_redirect_test<br \/>\n<a class=\"morecookieinfo\" title=\"More info\" data-toggle=\"collapse\" data-target=\"#showlink2032937\" aria-expanded=\"false\" aria-controls=\"#showlink2032937\">More info<\/a><\/td>\n<td data-label=\"Domain\">immobiliaria360.com<\/td>\n<td data-label=\"Path\">\/<\/td>\n<td data-label=\"Cookie type\">First-party<\/td>\n<td data-label=\"Expiration\">Session<\/td>\n<td class=\"repdesc\" data-label=\"Description\"><\/td>\n<\/tr>\n<tr class=\"firstfoundrow\">\n<td colspan=\"6\"><\/td>\n<\/tr>\n<tr>\n<td data-label=\"Cookie key\">_icl_visitor_lang_js<br \/>\n<a class=\"morecookieinfo\" title=\"More info\" data-toggle=\"collapse\" data-target=\"#showlink2032940\" aria-expanded=\"false\" aria-controls=\"#showlink2032940\">More info<\/a><\/td>\n<td data-label=\"Domain\">.immobiliaria360.com<\/td>\n<td data-label=\"Path\">\/<\/td>\n<td data-label=\"Cookie type\">First-party<\/td>\n<td data-label=\"Expiration\">1 day<\/td>\n<\/tr>\n<\/tbody>\n<\/table>\n<p>&nbsp;<\/p>\n","protected":false},"excerpt":{"rendered":"<p>DEFINICI\u00d3 DE COOKIES Les cookies s\u00f3n identificadors que enviem a el disc dur del seu ordinador a trav\u00e9s del seu navegador web per tal de que els nostres sistemes puguin recon\u00e8ixer el seu navegador i oferir-certs serveis. En general, aquestes tecnologies poden servir per a finalitats molt diferents, per exemple, recon\u00e8ixer-te com a usuari, obtenir<\/p>\n","protected":false},"author":2,"featured_media":0,"parent":0,"menu_order":0,"comment_status":"closed","ping_status":"closed","template":"","meta":{"_acf_changed":false,"footnotes":""},"class_list":["post-7805","page","type-page","status-publish","hentry"],"acf":[],"_links":{"self":[{"href":"https:\/\/immobiliaria360.com\/en\/wp-json\/wp\/v2\/pages\/7805","targetHints":{"allow":["GET"]}}],"collection":[{"href":"https:\/\/immobiliaria360.com\/en\/wp-json\/wp\/v2\/pages"}],"about":[{"href":"https:\/\/immobiliaria360.com\/en\/wp-json\/wp\/v2\/types\/page"}],"author":[{"embeddable":true,"href":"https:\/\/immobiliaria360.com\/en\/wp-json\/wp\/v2\/users\/2"}],"replies":[{"embeddable":true,"href":"https:\/\/immobiliaria360.com\/en\/wp-json\/wp\/v2\/comments?post=7805"}],"version-history":[{"count":0,"href":"https:\/\/immobiliaria360.com\/en\/wp-json\/wp\/v2\/pages\/7805\/revisions"}],"wp:attachment":[{"href":"https:\/\/immobiliaria360.com\/en\/wp-json\/wp\/v2\/media?parent=7805"}],"curies":[{"name":"wp","href":"https:\/\/api.w.org\/{rel}","templated":true}]}}