{"id":7229,"date":"2018-02-05T12:44:44","date_gmt":"2018-02-05T11:44:44","guid":{"rendered":"https:\/\/immobiliaria360.com\/demenager-en-andorre\/"},"modified":"2022-11-09T14:17:10","modified_gmt":"2022-11-09T13:17:10","slug":"demenager-en-andorre","status":"publish","type":"page","link":"https:\/\/immobiliaria360.com\/fr\/demenager-en-andorre\/","title":{"rendered":"D\u00e9m\u00e9nager en Andorre"},"content":{"rendered":"<div class=\"wpb-content-wrapper\"><p>[vc_row][vc_column][vc_row_inner][vc_column_inner offset=\u00a0\u00bbvc_col-lg-6 vc_col-md-6&Prime;][vc_empty_space height=\u00a0\u00bb5px\u00a0\u00bb][vc_single_image image=\u00a0\u00bb7150&Prime; img_size=\u00a0\u00bbfull\u00a0\u00bb][\/vc_column_inner][vc_column_inner el_class=\u00a0\u00bbpl-lg-4&Prime; offset=\u00a0\u00bbvc_col-lg-6 vc_col-md-6&Prime;]<div class=\"section-title-wrapper text-left shortcode-rand-1 zoacres-inline-css\" data-css=\"&quot;.shortcode-rand-1 .title-separator.separator-border { background-color: ; }.shortcode-rand-1 .section-title { color: #000000; text-transform: none; }&quot;\"><div class=\"title-wrap\"><h2 class=\"section-title\">Avantages de vivre <span class=\"title-suffix theme-color\">en Andorre<\/span><\/h2><span class=\"title-separator separator-border theme-color-bg\"><\/span><\/div><!-- .title-wrap --><div class=\"section-description\">Les attraits offerts par ce petit pays situ\u00e9 entre les Pyr\u00e9n\u00e9es sont nombreux, alors vivre en Andorre est d\u00e9j\u00e0 devenu le but de beaucoup de gens. Si vous souhaitez am\u00e9liorer votre qualit\u00e9 de vie, vivre dans l&rsquo;un des pays les plus s\u00fbrs au monde et profiter en m\u00eame temps de grands avantages fiscaux, Andorre est votre prochaine destination.<\/p>\n<h6>Il ne fait aucun doute qu&rsquo;Andorre poss\u00e8de l&rsquo;un des cadres fiscaux les plus attractifs de la zone euro.<\/h6>\n<p><\/div><!-- .section-description --><\/div><!-- .section-title-wrapper -->[\/vc_column_inner][\/vc_row_inner][vc_row_inner][vc_column_inner offset=\u00a0\u00bbvc_col-lg-6 vc_col-md-6&Prime;][vc_empty_space]<div class=\"section-title-wrapper text-left shortcode-rand-2 zoacres-inline-css\" data-css=\"&quot;.shortcode-rand-2 .title-separator.separator-border { background-color: ; }.shortcode-rand-2 .section-title { color: #000000; text-transform: none; }&quot;\"><div class=\"title-wrap\"><h2 class=\"section-title\">D\u00e9placer <span class=\"title-suffix theme-color\">\u00e0 Andorre<\/span><\/h2><span class=\"title-separator separator-border theme-color-bg\"><\/span><\/div><!-- .title-wrap --><div class=\"section-description\">Nous connaissons tous les avantages que l&rsquo;Andorre peut offrir \u00e0 votre entreprise ou \u00e0 votre famille et combien il est attrayant de vivre dans ce pays. Cependant, il existe <a href=\"https:\/\/andorrainsiders.com\/residencia-inmigracion-vivir\/\" target=\"_blank\" rel=\"noopener\">plusieurs types de titres de s\u00e9jour<\/a> , tous diff\u00e9rents. En fonction de vos besoins, nous \u00e9tudierons votre situation personnelle afin de vous proposer les solutions les mieux adapt\u00e9es \u00e0 vos int\u00e9r\u00eats. Que ce soit en tant qu&rsquo;ind\u00e9pendant via la constitution d&rsquo;une soci\u00e9t\u00e9 andorrane, en tant que salari\u00e9 ou via une r\u00e9sidence passive, nous vous aiderons pour que votre transfert en Andorre soit optimal.<\/div><!-- .section-description --><\/div><!-- .section-title-wrapper -->[\/vc_column_inner][vc_column_inner el_class=\u00a0\u00bbpl-lg-4&Prime; offset=\u00a0\u00bbvc_col-lg-6 vc_col-md-6&Prime;][vc_single_image image=\u00a0\u00bb7153&Prime; img_size=\u00a0\u00bbfull\u00a0\u00bb][\/vc_column_inner][\/vc_row_inner][vc_row_inner][vc_column_inner offset=\u00a0\u00bbvc_col-lg-6 vc_col-md-6&Prime;][vc_empty_space height=\u00a0\u00bb70px\u00a0\u00bb][vc_single_image image=\u00a0\u00bb7156&Prime; img_size=\u00a0\u00bbfull\u00a0\u00bb][\/vc_column_inner][vc_column_inner el_class=\u00a0\u00bbpl-lg-4&Prime; offset=\u00a0\u00bbvc_col-lg-6 vc_col-md-6&Prime;]<div class=\"section-title-wrapper text-left shortcode-rand-3 zoacres-inline-css\" data-css=\"&quot;.shortcode-rand-3 .title-separator.separator-border { background-color: ; }.shortcode-rand-3 .section-title { color: #000000; text-transform: none; }&quot;\"><div class=\"title-wrap\"><h2 class=\"section-title\">Investir <span class=\"title-suffix theme-color\">en Andorre<\/span><\/h2><span class=\"title-separator separator-border theme-color-bg\"><\/span><\/div><!-- .title-wrap --><div class=\"section-description\">La r\u00e9forme juridique et fiscale men\u00e9e en Andorre, et qui a permis l&rsquo;approbation au niveau europ\u00e9en, a \u00e9t\u00e9 la cl\u00e9 pour cesser de consid\u00e9rer Andorre comme un paradis fiscal. Ce fait a donn\u00e9 \u00e0 l&rsquo;Andorre une grande attractivit\u00e9 et une opportunit\u00e9 pour les investisseurs \u00e9trangers. La eliminaci\u00f3n de restricciones y apertura a la inversi\u00f3n extranjera para constituir sociedades y adquirir cualquier tipo de activo, junto con un marco fiscal favorable, con Convenios para evitar la doble imposici\u00f3n, es la causa por la que las peticiones de residencia han crecido exponencialmente en los derni\u00e8res ann\u00e9es. La l\u00e9gislation sur la fiscalit\u00e9 n&rsquo;est pas pass\u00e9e inaper\u00e7ue puisqu&rsquo;elle offre des avantages tels qu&rsquo;un maximum de 10% pour l&rsquo;imp\u00f4t sur le revenu et l&rsquo;IS, la d\u00e9fiscalisation, l&rsquo;absence d&rsquo;imp\u00f4t sur le patrimoine, les successions et les donations et une imposition \u00e0 0% des imp\u00f4ts sur les b\u00e9n\u00e9fices lors de la vente d&rsquo;actions et fonds d&rsquo;investissement.<\/p>\n<h6>La d\u00e9cision vous appartient, nous vous aidons \u00e0 la rendre possible.<\/h6>\n<p><\/div><!-- .section-description --><\/div><!-- .section-title-wrapper -->[\/vc_column_inner][\/vc_row_inner][vc_row_inner][vc_column_inner offset=\u00a0\u00bbvc_col-lg-6 vc_col-md-6&Prime;]<div class=\"section-title-wrapper text-left shortcode-rand-4 zoacres-inline-css\" data-css=\"&quot;.shortcode-rand-4 .title-separator.separator-border { background-color: ; }.shortcode-rand-4 .section-title { color: #000000; text-transform: none; }&quot;\"><div class=\"title-wrap\"><h2 class=\"section-title\">Investissement <span class=\"title-suffix theme-color\">\u00e9tranger<\/span><\/h2><span class=\"title-separator separator-border theme-color-bg\"><\/span><\/div><!-- .title-wrap --><div class=\"section-description\">L&rsquo;investissement \u00e9tranger est l&rsquo;acquisition d&rsquo;actifs situ\u00e9s en Principaut\u00e9 par des personnes physiques non r\u00e9sidentes en Andorre, \u00e0 condition qu&rsquo;elles n&rsquo;aient pas la nationalit\u00e9 andorrane, et par des personnes morales de nationalit\u00e9 \u00e9trang\u00e8re. \u00c9galement pour les soci\u00e9t\u00e9s andorranes \u00e0 participation \u00e9trang\u00e8re dans leur capital ou dans leurs droits de vote, succursales ou autres types d&rsquo;\u00e9tablissements stables en Andorre de non-r\u00e9sidents dans un pourcentage \u00e9gal ou sup\u00e9rieur \u00e0 50%, directement ou indirectement. De m\u00eame, lorsqu&rsquo;au moins 50% des droits de vote de son organe d\u00e9lib\u00e9rant appartiennent \u00e0 des personnes physiques ou morales \u00e9trang\u00e8res non-r\u00e9sidentes. Les formes d&rsquo;investissement \u00e9tranger peuvent se mat\u00e9rialiser par des apports mon\u00e9taires ou non mon\u00e9taires.<\/p>\n<h6>Le minist\u00e8re comp\u00e9tent doit r\u00e9soudre la demande d&rsquo;autorisation d&rsquo;investissement \u00e9tranger dans un d\u00e9lai maximum d&rsquo;un mois.<\/h6>\n<p><\/div><!-- .section-description --><\/div><!-- .section-title-wrapper -->[\/vc_column_inner][vc_column_inner el_class=\u00a0\u00bbpl-lg-4&Prime; offset=\u00a0\u00bbvc_col-lg-6 vc_col-md-6&Prime;][vc_empty_space height=\u00a0\u00bb50px\u00a0\u00bb][vc_single_image image=\u00a0\u00bb7159&Prime; img_size=\u00a0\u00bbfull\u00a0\u00bb][\/vc_column_inner][\/vc_row_inner][\/vc_column][\/vc_row][vc_row disable_element=\u00a0\u00bbyes\u00a0\u00bb css=\u00a0\u00bb.vc_custom_1666179758336{padding-top: 0px !important;}\u00a0\u00bb][vc_column]<div class=\"timeline-wrapper timeline-style-2\" data-css=\"&quot;&quot;\"><ul class=\"timeline\"><li class=\" timeline-rand-6 zoacres-inline-css\" data-css=\"&quot;.timeline-rand-6 .timeline-title { color: #00afff; }.timeline &gt; .timeline-rand-6 .timeline-badge { background-color: #00afff; }.timeline &gt; .timeline-rand-6 .timeline-badge { color: #ffffff; }&quot;\"><div class=\"timeline-badge rounded-circle\"><i class=\"fa fa-flag\"><\/i><\/div><div class=\"timeline-sep-title\">1982<\/div><div class=\"timeline-panel\"><div class=\"timeline-heading\"><h4 class=\"timeline-title\">Construction Was Founded<\/h4><\/div><div class=\"timeline-body\"><p>Lorem ipsum dolor sit amet, consectetur adipiscing elit, sed do eiusmod tempor incididunt ut labore et dolore magna aliqua. Ut enim ad minim veniam, quis nostrud exercitation ullamco laboris nisi ut aliquip ex ea commodo consequat.<\/p><\/div><\/div><\/li><!-- .timeline item li --><li class=\" timeline-inverted timeline-rand-7 zoacres-inline-css\" data-css=\"&quot;.timeline-rand-7 .timeline-title { color: #00afff; }.timeline &gt; .timeline-rand-7 .timeline-badge { background-color: #00afff; }.timeline &gt; .timeline-rand-7 .timeline-badge { color: #ffffff; }&quot;\"><div class=\"timeline-badge rounded-circle\"><i class=\"fa fa-bar-chart\"><\/i><\/div><div class=\"timeline-sep-title\">1989<\/div><div class=\"timeline-panel\"><div class=\"timeline-heading\"><h4 class=\"timeline-title\">Construction is Growing<\/h4><\/div><div class=\"timeline-body\"><p>Lorem ipsum dolor sit amet, consectetur adipiscing elit, sed do eiusmod tempor incididunt ut labore et dolore magna aliqua. Ut enim ad minim veniam, quis nostrud exercitation ullamco laboris nisi ut aliquip ex ea commodo consequat.<\/p><\/div><\/div><\/li><!-- .timeline item li --><li class=\" timeline-rand-8 zoacres-inline-css\" data-css=\"&quot;.timeline-rand-8 .timeline-title { color: #00afff; }.timeline &gt; .timeline-rand-8 .timeline-badge { background-color: #00afff; }.timeline &gt; .timeline-rand-8 .timeline-badge { color: #ffffff; }&quot;\"><div class=\"timeline-badge rounded-circle\"><i class=\"fa fa-thumbs-up\"><\/i><\/div><div class=\"timeline-sep-title\">1994<\/div><div class=\"timeline-panel\"><div class=\"timeline-heading\"><h4 class=\"timeline-title\">Becomes The Leading<\/h4><\/div><div class=\"timeline-body\"><p>Lorem ipsum dolor sit amet, consectetur adipiscing elit, sed do eiusmod tempor incididunt ut labore et dolore magna aliqua. Ut enim ad minim veniam, quis nostrud exercitation ullamco laboris nisi ut aliquip ex ea commodo consequat.<\/p><\/div><\/div><\/li><!-- .timeline item li --><li class=\" timeline-inverted timeline-rand-9 zoacres-inline-css\" data-css=\"&quot;.timeline-rand-9 .timeline-title { color: #00afff; }.timeline &gt; .timeline-rand-9 .timeline-badge { background-color: #00afff; }.timeline &gt; .timeline-rand-9 .timeline-badge { color: #ffffff; }&quot;\"><div class=\"timeline-badge rounded-circle\"><i class=\"fa fa-globe\"><\/i><\/div><div class=\"timeline-sep-title\">2008<\/div><div class=\"timeline-panel\"><div class=\"timeline-heading\"><h4 class=\"timeline-title\">Worldwide Service<\/h4><\/div><div class=\"timeline-body\"><p>Lorem ipsum dolor sit amet, consectetur adipiscing elit, sed do eiusmod tempor incididunt ut labore et dolore magna aliqua. Ut enim ad minim veniam, quis nostrud exercitation ullamco laboris nisi ut aliquip ex ea commodo consequat.<\/p><\/div><\/div><\/li><!-- .timeline item li --><li class=\" timeline-rand-10 zoacres-inline-css\" data-css=\"&quot;.timeline-rand-10 .timeline-title { color: #00afff; }.timeline &gt; .timeline-rand-10 .timeline-badge { background-color: #00afff; }.timeline &gt; .timeline-rand-10 .timeline-badge { color: #ffffff; }&quot;\"><div class=\"timeline-badge rounded-circle\"><i class=\"fa fa-trophy\"><\/i><\/div><div class=\"timeline-sep-title\">2012<\/div><div class=\"timeline-panel\"><div class=\"timeline-heading\"><h4 class=\"timeline-title\">Winning Construction Innovation Award<\/h4><\/div><div class=\"timeline-body\"><p>Lorem ipsum dolor sit amet, consectetur adipiscing elit, sed do eiusmod tempor incididunt ut labore et dolore magna aliqua. Ut enim ad minim veniam, quis nostrud exercitation ullamco laboris nisi ut aliquip ex ea commodo consequat.<\/p><\/div><\/div><\/li><!-- .timeline item li --><li class=\" timeline-inverted timeline-rand-11 zoacres-inline-css\" data-css=\"&quot;.timeline-rand-11 .timeline-title { color: #00afff; }.timeline &gt; .timeline-rand-11 .timeline-badge { background-color: #00afff; }.timeline &gt; .timeline-rand-11 .timeline-badge { color: #ffffff; }&quot;\"><div class=\"timeline-badge rounded-circle\"><i class=\"fa fa-shield\"><\/i><\/div><div class=\"timeline-sep-title\">2018<\/div><div class=\"timeline-panel\"><div class=\"timeline-heading\"><h4 class=\"timeline-title\">Winning National Construction Pyramid Award<\/h4><\/div><div class=\"timeline-body\"><p>Lorem ipsum dolor sit amet, consectetur adipiscing elit, sed do eiusmod tempor incididunt ut labore et dolore magna aliqua. Ut enim ad minim veniam, quis nostrud exercitation ullamco laboris nisi ut aliquip ex ea commodo consequat.<\/p><\/div><\/div><\/li><!-- .timeline item li --><\/ul><\/div><!-- .timeline-wrapper -->[\/vc_column][\/vc_row][vc_row full_width=\u00a0\u00bbstretch_row\u00a0\u00bb content_placement=\u00a0\u00bbmiddle\u00a0\u00bb row_typo=\u00a0\u00bbwhite\u00a0\u00bb css=\u00a0\u00bb.vc_custom_1666180776324{padding-top: 60px !important;padding-bottom: 60px !important;background-color: #2e6680 !important;}\u00a0\u00bb][vc_column width=\u00a0\u00bb9\/12&Prime;][vc_column_text css=\u00a0\u00bb.vc_custom_1666195242646{margin-bottom: 0px !important;}\u00a0\u00bb]<\/p>\n<h4><strong>As-tu un doute? Nos professionnels vous conseillent.<\/strong><\/h4>\n<p>[\/vc_column_text][\/vc_column][vc_column width=\u00a0\u00bb3\/12&Prime;]<div class=\"btn-wrap d-flex justify-content-end vc_custom_1666195251430\"><a href=\"http:%2F%2Fimmobiliaria360.com%2Fcontacto%2F|\" target=\"\" class=\"btn  zoacres-btn btn-light btn-rounded rounded  shortcode-rand-12 zoacres-inline-css\" data-css=\"&quot;.btn.shortcode-rand-12 { color: #000000; }.btn.shortcode-rand-12:hover { color: #ffffff; }.btn.shortcode-rand-12:hover { background: transparent; }.btn.shortcode-rand-12 { border-style: solid; border-width: 1px; }.btn.shortcode-rand-12 { border-color: #ffffff; }.btn.shortcode-rand-12:hover { border-color: #ffffff; }&quot;\">Plus d&#039;informations<\/a><\/div>[\/vc_column][\/vc_row]<\/p>\n<\/div>","protected":false},"excerpt":{"rendered":"<p>[vc_row][vc_column][vc_row_inner][vc_column_inner offset=\u00a0\u00bbvc_col-lg-6 vc_col-md-6&Prime;][vc_empty_space height=\u00a0\u00bb5px\u00a0\u00bb][vc_single_image image=\u00a0\u00bb7150&Prime; img_size=\u00a0\u00bbfull\u00a0\u00bb][\/vc_column_inner][vc_column_inner el_class=\u00a0\u00bbpl-lg-4&Prime; offset=\u00a0\u00bbvc_col-lg-6 vc_col-md-6&Prime;][\/vc_column_inner][\/vc_row_inner][vc_row_inner][vc_column_inner offset=\u00a0\u00bbvc_col-lg-6 vc_col-md-6&Prime;][vc_empty_space][\/vc_column_inner][vc_column_inner el_class=\u00a0\u00bbpl-lg-4&Prime; offset=\u00a0\u00bbvc_col-lg-6 vc_col-md-6&Prime;][vc_single_image image=\u00a0\u00bb7153&Prime; img_size=\u00a0\u00bbfull\u00a0\u00bb][\/vc_column_inner][\/vc_row_inner][vc_row_inner][vc_column_inner offset=\u00a0\u00bbvc_col-lg-6 vc_col-md-6&Prime;][vc_empty_space height=\u00a0\u00bb70px\u00a0\u00bb][vc_single_image image=\u00a0\u00bb7156&Prime; img_size=\u00a0\u00bbfull\u00a0\u00bb][\/vc_column_inner][vc_column_inner el_class=\u00a0\u00bbpl-lg-4&Prime; offset=\u00a0\u00bbvc_col-lg-6 vc_col-md-6&Prime;][\/vc_column_inner][\/vc_row_inner][vc_row_inner][vc_column_inner offset=\u00a0\u00bbvc_col-lg-6 vc_col-md-6&Prime;][\/vc_column_inner][vc_column_inner el_class=\u00a0\u00bbpl-lg-4&Prime; offset=\u00a0\u00bbvc_col-lg-6 vc_col-md-6&Prime;][vc_empty_space height=\u00a0\u00bb50px\u00a0\u00bb][vc_single_image image=\u00a0\u00bb7159&Prime; img_size=\u00a0\u00bbfull\u00a0\u00bb][\/vc_column_inner][\/vc_row_inner][\/vc_column][\/vc_row][vc_row disable_element=\u00a0\u00bbyes\u00a0\u00bb css=\u00a0\u00bb.vc_custom_1666179758336{padding-top: 0px !important;}\u00a0\u00bb][vc_column][\/vc_column][\/vc_row][vc_row full_width=\u00a0\u00bbstretch_row\u00a0\u00bb content_placement=\u00a0\u00bbmiddle\u00a0\u00bb row_typo=\u00a0\u00bbwhite\u00a0\u00bb css=\u00a0\u00bb.vc_custom_1666180776324{padding-top: 60px !important;padding-bottom: 60px !important;background-color: #2e6680 !important;}\u00a0\u00bb][vc_column width=\u00a0\u00bb9\/12&Prime;][vc_column_text css=\u00a0\u00bb.vc_custom_1666195242646{margin-bottom: 0px !important;}\u00a0\u00bb] As-tu un doute? Nos professionnels<\/p>\n","protected":false},"author":2,"featured_media":0,"parent":0,"menu_order":0,"comment_status":"closed","ping_status":"closed","template":"","meta":{"_acf_changed":false,"footnotes":""},"class_list":["post-7229","page","type-page","status-publish","hentry"],"acf":[],"_links":{"self":[{"href":"https:\/\/immobiliaria360.com\/fr\/wp-json\/wp\/v2\/pages\/7229","targetHints":{"allow":["GET"]}}],"collection":[{"href":"https:\/\/immobiliaria360.com\/fr\/wp-json\/wp\/v2\/pages"}],"about":[{"href":"https:\/\/immobiliaria360.com\/fr\/wp-json\/wp\/v2\/types\/page"}],"author":[{"embeddable":true,"href":"https:\/\/immobiliaria360.com\/fr\/wp-json\/wp\/v2\/users\/2"}],"replies":[{"embeddable":true,"href":"https:\/\/immobiliaria360.com\/fr\/wp-json\/wp\/v2\/comments?post=7229"}],"version-history":[{"count":0,"href":"https:\/\/immobiliaria360.com\/fr\/wp-json\/wp\/v2\/pages\/7229\/revisions"}],"wp:attachment":[{"href":"https:\/\/immobiliaria360.com\/fr\/wp-json\/wp\/v2\/media?parent=7229"}],"curies":[{"name":"wp","href":"https:\/\/api.w.org\/{rel}","templated":true}]}}