{"id":7252,"date":"2018-06-09T11:42:25","date_gmt":"2018-06-09T10:42:25","guid":{"rendered":"https:\/\/immobiliaria360.com\/quest-ce-quadvisor-360\/"},"modified":"2022-11-11T14:52:43","modified_gmt":"2022-11-11T13:52:43","slug":"quest-ce-quadvisor-360","status":"publish","type":"page","link":"https:\/\/immobiliaria360.com\/fr\/quest-ce-quadvisor-360\/","title":{"rendered":"Qu&rsquo;est-ce qu&rsquo;Advisor 360 ?"},"content":{"rendered":"<div class=\"wpb-content-wrapper\"><p>[vc_row][vc_column el_class=\u00a0\u00bbpr-md-5&Prime; offset=\u00a0\u00bbvc_col-lg-7 vc_col-md-12&Prime;]<div class=\"section-title-wrapper shortcode-rand-1 zoacres-inline-css\" data-css=\"&quot;.shortcode-rand-1 .title-separator.separator-border { background-color: #00afff; }.shortcode-rand-1.section-title-wrapper &gt; *:nth-child(1) { margin-bottom: 50px; }.shortcode-rand-1.section-title-wrapper &gt; *:nth-child(2) { margin-bottom: -25px; }.shortcode-rand-1 .section-title { text-transform: none; }&quot;\"><div class=\"title-wrap\"><span class=\"sub-title\">CONSEIL ET GESTION<\/span><h2 class=\"section-title\">Qu&#039;est-ce qu&#039;Advisor 360 ?<\/h2><span class=\"title-separator separator-border theme-color-bg\"><\/span><\/div><!-- .title-wrap --><div class=\"section-description\">Advisoring 360 est une soci\u00e9t\u00e9 du groupe qui offre un service de conseil et de gestion professionnel et complet.<br \/>\nLes services que nous fournissons vont de l&rsquo;\u00e9tablissement de r\u00e9sidences en Andorre, \u00e0 l&rsquo;investissement \u00e9tranger, \u00e0 la cr\u00e9ation d&rsquo;entreprise, \u00e0 la gestion comptable et fiscale et au conseil en gestion de patrimoine, que ce soit sur le march\u00e9 immobilier ou sur les march\u00e9s financiers.<\/p>\n<blockquote>\n<p style=\"padding-left: 40px\"><strong><a href=\"https:\/\/immobiliaria360.com\/fr\/conseil-dinvestissement\/\">&gt; Conseil d&rsquo;investissement<\/a><\/strong><br \/>\n<strong><a href=\"https:\/\/immobiliaria360.com\/fr\/architecture-projets-reformes-et-design\/\">&gt; Architecture, projets, r\u00e9formes et design<\/a><\/strong><br \/>\n<strong><a href=\"https:\/\/immobiliaria360.com\/fr\/nous-gerons-votre-propriete\/\">&gt; Nous g\u00e9rons votre propri\u00e9t\u00e9<\/a><\/strong><br \/>\n<strong><a href=\"https:\/\/immobiliaria360.com\/fr\/gestion-des-financements\/\">&gt; Gestion des financements<\/a><\/strong><br \/>\n<strong><a href=\"https:\/\/immobiliaria360.com\/fr\/procedures-et-certificats\/\">&gt; Proc\u00e9dures et certificats<\/a><\/strong><\/p>\n<\/blockquote>\n<p><\/div><!-- .section-description --><\/div><!-- .section-title-wrapper -->[\/vc_column][vc_column offset=\u00a0\u00bbvc_col-lg-5 vc_col-md-12&Prime;][vc_single_image image=\u00a0\u00bb7144&Prime; img_size=\u00a0\u00bbfull\u00a0\u00bb css_animation=\u00a0\u00bbnone\u00a0\u00bb][\/vc_column][\/vc_row][vc_row disable_element=\u00a0\u00bbyes\u00a0\u00bb css=\u00a0\u00bb.vc_custom_1665825312910{padding-top: 1px !important;padding-bottom: 1px !important;}\u00a0\u00bb][vc_column][vc_separator][\/vc_column][\/vc_row][vc_row full_width=\u00a0\u00bbstretch_row\u00a0\u00bb content_placement=\u00a0\u00bbmiddle\u00a0\u00bb disable_element=\u00a0\u00bbyes\u00a0\u00bb css=\u00a0\u00bb.vc_custom_1665825320478{padding-bottom: 180px !important;background-image: url(https:\/\/demo.zozothemes.com\/zoacres\/wp-content\/uploads\/2018\/08\/flower-bg1.png?id=3942) !important;background-position: 0 0 !important;background-repeat: no-repeat !important;}\u00a0\u00bb el_class=\u00a0\u00bbbackground-position-right\u00a0\u00bb][vc_column][vc_row_inner][vc_column_inner]<div class=\"section-title-wrapper text-center shortcode-rand-2 zoacres-inline-css\" data-css=\"&quot;.shortcode-rand-2 .section-title .title-prefix { color: #222222; }.shortcode-rand-2 .title-separator.separator-border { background-color: #00afff; }.shortcode-rand-2 .section-title { color: #000000; text-transform: none; }&quot;\"><div class=\"title-wrap\"><h2 class=\"section-title\">Nos Agents<\/h2><span class=\"title-separator separator-border theme-color-bg\"><\/span><\/div><!-- .title-wrap --><div class=\"section-description\">Lorem Ipsum est simplement un faux texte de l&rsquo;industrie de l&rsquo;impression et de la composition. Lorem Ipsum a \u00e9t\u00e9 celui de l&rsquo;industrie.<\/div><!-- .section-description --><\/div><!-- .section-title-wrapper -->[\/vc_column_inner][\/vc_row_inner][\/vc_column][\/vc_row][vc_row full_width=\u00a0\u00bbstretch_row\u00a0\u00bb disable_element=\u00a0\u00bbyes\u00a0\u00bb row_typo=\u00a0\u00bbwhite\u00a0\u00bb row_overlay=\u00a0\u00bbcustom\u00a0\u00bb css=\u00a0\u00bb.vc_custom_1665825328427{padding-top: 90px !important;padding-bottom: 80px !important;background-color: #00afff !important;background-position: 0 0 !important;background-repeat: repeat !important;}\u00a0\u00bb row_overlay_color=\u00a0\u00bb#00afff\u00a0\u00bb el_class=\u00a0\u00bbsection-rain-drops\u00a0\u00bb][vc_column]<div class=\"section-title-wrapper text-center shortcode-rand-4 zoacres-inline-css\" data-css=\"&quot;.shortcode-rand-4 .section-title .title-prefix { color: #ffffff; }.shortcode-rand-4 .title-separator.separator-border { background-color: #ffffff; }.shortcode-rand-4 .section-title { color: #ffffff; text-transform: none; }&quot;\"><div class=\"title-wrap\"><h2 class=\"section-title\">Ce qui fait de nous le choix pr\u00e9f\u00e9r\u00e9<\/h2><span class=\"title-separator separator-border theme-color-bg\"><\/span><\/div><!-- .title-wrap --><div class=\"section-description\"><\/div><!-- .section-description --><\/div><!-- .section-title-wrapper -->[vc_row_inner][vc_column_inner width=\u00a0\u00bb1\/2&Prime; offset=\u00a0\u00bbvc_col-lg-3 vc_col-md-6&Prime;]<div class=\"feature-box-wrapper feature-box-style-1 text-center vc_custom_1547461240992 shortcode-rand-5 zoacres-inline-css\" data-css=\"&quot;.shortcode-rand-5.feature-box-wrapper &gt; *:nth-child(1) { margin-bottom: 30px; }.shortcode-rand-5.feature-box-wrapper &gt; *:nth-child(2) { margin-bottom: 20px; }.shortcode-rand-5.feature-box-wrapper {background: -moz-linear-gradient(141deg,  0%,  51%,  75%);\\r\\n\\t\\t\\t\\tbackground: -webkit-linear-gradient(141deg,  0%,  51%,  75%);\\r\\n\\t\\t\\t\\tbackground: linear-gradient(141deg,  0%,  51%,  75%);}.shortcode-rand-5 .feature-box-icon { font-size: 24px; }.shortcode-rand-5:hover .feature-box-icon { background: none; }&quot;\" ><div class=\"feature-box-thumb\"><img loading=\"lazy\" decoding=\"async\" class=\"img-fluid squared\" src=\"https:\/\/immobiliaria360.com\/wp-content\/uploads\/2018\/08\/001-notepad.png\" width=\"64\" height=\"64\" alt=\"Choix maximum\" \/><\/div><!-- .feature-box-thumb --><div class=\"feature-box-title\"><h4 class=\"section-title\">Choix maximum<\/h4><\/div><!-- .feature-box-title --><div class=\"feature-box-content\">Lorem Ipsum est simplement un texte factice de la composition d&rsquo;impression.<\/div><!-- .feature-box-content --><\/div><!-- .feature-box-wrapper --><div class=\"feature-box-wrapper feature-box-style-1 text-center vc_custom_1547461246409 shortcode-rand-6 zoacres-inline-css\" data-css=\"&quot;.shortcode-rand-6.feature-box-wrapper &gt; *:nth-child(1) { margin-bottom: 30px; }.shortcode-rand-6.feature-box-wrapper &gt; *:nth-child(2) { margin-bottom: 20px; }.shortcode-rand-6.feature-box-wrapper {background: -moz-linear-gradient(141deg,  0%,  51%,  75%);\\r\\n\\t\\t\\t\\tbackground: -webkit-linear-gradient(141deg,  0%,  51%,  75%);\\r\\n\\t\\t\\t\\tbackground: linear-gradient(141deg,  0%,  51%,  75%);}.shortcode-rand-6 .feature-box-icon { font-size: 24px; }.shortcode-rand-6:hover .feature-box-icon { background: none; }&quot;\" ><div class=\"feature-box-thumb\"><img loading=\"lazy\" decoding=\"async\" class=\"img-fluid squared\" src=\"https:\/\/immobiliaria360.com\/wp-content\/uploads\/2018\/08\/003-like.png\" width=\"64\" height=\"64\" alt=\"Le vendeur nous pr\u00e9f\u00e8re\" \/><\/div><!-- .feature-box-thumb --><div class=\"feature-box-title\"><h4 class=\"section-title\">Le vendeur nous pr\u00e9f\u00e8re<\/h4><\/div><!-- .feature-box-title --><div class=\"feature-box-content\">Lorem Ipsum est simplement un texte factice de la composition d&rsquo;impression.<\/div><!-- .feature-box-content --><\/div><!-- .feature-box-wrapper -->[\/vc_column_inner][vc_column_inner width=\u00a0\u00bb1\/2&Prime; offset=\u00a0\u00bbvc_col-lg-3 vc_col-md-6&Prime;]<div class=\"feature-box-wrapper feature-box-style-1 text-center vc_custom_1547461252911 shortcode-rand-7 zoacres-inline-css\" data-css=\"&quot;.shortcode-rand-7.feature-box-wrapper &gt; *:nth-child(1) { margin-bottom: 30px; }.shortcode-rand-7.feature-box-wrapper &gt; *:nth-child(2) { margin-bottom: 20px; }.shortcode-rand-7.feature-box-wrapper {background: -moz-linear-gradient(141deg,  0%,  51%,  75%);\\r\\n\\t\\t\\t\\tbackground: -webkit-linear-gradient(141deg,  0%,  51%,  75%);\\r\\n\\t\\t\\t\\tbackground: linear-gradient(141deg,  0%,  51%,  75%);}.shortcode-rand-7 .feature-box-icon { font-size: 24px; }.shortcode-rand-7:hover .feature-box-icon { background: none; }&quot;\" ><div class=\"feature-box-thumb\"><img loading=\"lazy\" decoding=\"async\" class=\"img-fluid squared\" src=\"https:\/\/immobiliaria360.com\/wp-content\/uploads\/2018\/08\/002-shield.png\" width=\"64\" height=\"64\" alt=\"Les acheteurs nous font confiance\" \/><\/div><!-- .feature-box-thumb --><div class=\"feature-box-title\"><h4 class=\"section-title\">Les acheteurs nous font confiance<\/h4><\/div><!-- .feature-box-title --><div class=\"feature-box-content\">Lorem Ipsum est simplement un texte factice de la composition d&rsquo;impression.<\/div><!-- .feature-box-content --><\/div><!-- .feature-box-wrapper --><div class=\"feature-box-wrapper feature-box-style-1 text-center vc_custom_1547461258200 shortcode-rand-8 zoacres-inline-css\" data-css=\"&quot;.shortcode-rand-8.feature-box-wrapper &gt; *:nth-child(1) { margin-bottom: 30px; }.shortcode-rand-8.feature-box-wrapper &gt; *:nth-child(2) { margin-bottom: 20px; }.shortcode-rand-8.feature-box-wrapper {background: -moz-linear-gradient(141deg,  0%,  51%,  75%);\\r\\n\\t\\t\\t\\tbackground: -webkit-linear-gradient(141deg,  0%,  51%,  75%);\\r\\n\\t\\t\\t\\tbackground: linear-gradient(141deg,  0%,  51%,  75%);}.shortcode-rand-8 .feature-box-icon { font-size: 24px; }.shortcode-rand-8:hover .feature-box-icon { background: none; }&quot;\" ><div class=\"feature-box-thumb\"><img loading=\"lazy\" decoding=\"async\" class=\"img-fluid squared\" src=\"https:\/\/immobiliaria360.com\/wp-content\/uploads\/2018\/08\/004-woman.png\" width=\"64\" height=\"64\" alt=\"Conseils d&#039;experts\" \/><\/div><!-- .feature-box-thumb --><div class=\"feature-box-title\"><h4 class=\"section-title\">Conseils d&#039;experts<\/h4><\/div><!-- .feature-box-title --><div class=\"feature-box-content\">Lorem Ipsum est simplement un texte factice de la composition d&rsquo;impression.<\/div><!-- .feature-box-content --><\/div><!-- .feature-box-wrapper -->[\/vc_column_inner][vc_column_inner offset=\u00a0\u00bbvc_col-lg-6 vc_col-md-12&Prime;][vc_single_image image=\u00a0\u00bb6637&Prime; img_size=\u00a0\u00bbfull\u00a0\u00bb css_animation=\u00a0\u00bbfadeInRight\u00a0\u00bb el_class=\u00a0\u00bbmax-width-none\u00a0\u00bb][\/vc_column_inner][\/vc_row_inner][\/vc_column][\/vc_row][vc_row full_width=\u00a0\u00bbstretch_row\u00a0\u00bb disable_element=\u00a0\u00bbyes\u00a0\u00bb css=\u00a0\u00bb.vc_custom_1665825336715{background-color: #f8fafb !important;}\u00a0\u00bb][vc_column][vc_row_inner][vc_column_inner]<div class=\"section-title-wrapper margin-bottom-40 text-center shortcode-rand-9 zoacres-inline-css\" data-css=\"&quot;.shortcode-rand-9 .section-title .title-prefix { color: #222222; }.shortcode-rand-9 .title-wrap { margin: 0px 0px 0px 0px; }.shortcode-rand-9 .title-separator.separator-border { background-color: #00afff; }.shortcode-rand-9.section-title-wrapper &gt; *:nth-child(1) { margin-bottom: 35px; }.shortcode-rand-9 .section-title { color: #222222; text-transform: none; }&quot;\"><div class=\"title-wrap\"><h2 class=\"section-title\">Clients heureux<\/h2><span class=\"title-separator separator-border theme-color-bg\"><\/span><\/div><!-- .title-wrap --><div class=\"section-description\">Contrairement \u00e0 la croyance populaire, le Lorem Ipsum n&rsquo;est pas simplement un texte al\u00e9atoire. Il a ses racines dans un morceau de litt\u00e9rature latine classique de<\/div><!-- .section-description --><\/div><!-- .section-title-wrapper --><div class=\"testimonial-wrapper testimonial-2 text-center testimonial-light shortcode-rand-10 zoacres-inline-css\" data-css=\"&quot;.shortcode-rand-10.testimonial-wrapper .testimonial-inner &gt; *:nth-child(1) { margin-bottom: 0px; }.shortcode-rand-10.testimonial-wrapper .testimonial-inner &gt; *:nth-child(2) { margin-bottom: 20px; }&quot;\"><div class=\"row\"><div class=\"owl-carousel\" data-loop=\"1\" data-margin=\"7\" data-center=\"0\" data-nav=\"0\" data-dots=\"1\" data-autoplay=\"1\" data-items=\"3\" data-items-tab=\"2\" data-items-mob=\"1\" data-duration=\"5000\" data-smartspeed=\"250\" data-scrollby=\"1\" data-autoheight=\"false\"><div class=\"item\"><div class=\"col-lg-12 col-md-12\"><div class=\"testimonial-inner rounded\"><div class=\"testimonial-info\"><p><a href=\"https:\/\/immobiliaria360.com\/fr\/testimonial\/joana-miquel\/\" class=\"client-name\">Joana Miquel<\/a><\/p><\/div><!-- .testimonial-info --><div class=\"testimonial-excerpt\"><p>Hemos alquilado un piso a trav\u00e9s de esta agencia y todo ha sido perfecto y r\u00e1pido.<\/p>\n<\/div><!-- .testimonial-excerpt --><\/div><!-- .testimonial-inner --><\/div><!-- .cols --><\/div><!-- .item --><div class=\"item\"><div class=\"col-lg-12 col-md-12\"><div class=\"testimonial-inner rounded\"><div class=\"testimonial-info\"><p><a href=\"https:\/\/immobiliaria360.com\/fr\/testimonial\/emilio-amigo\/\" class=\"client-name\">Emilio Amigo<\/a><\/p><\/div><!-- .testimonial-info --><div class=\"testimonial-excerpt\"><p>Os hago llegar de parte de mi familia y m\u00eda lo agradecidos que estamos con el<\/p>\n<\/div><!-- .testimonial-excerpt --><\/div><!-- .testimonial-inner --><\/div><!-- .cols --><\/div><!-- .item --><div class=\"item\"><div class=\"col-lg-12 col-md-12\"><div class=\"testimonial-inner rounded\"><div class=\"testimonial-info\"><p><a href=\"https:\/\/immobiliaria360.com\/fr\/testimonial\/alberto-ramirez\/\" class=\"client-name\">Alberto Ramirez<\/a><\/p><\/div><!-- .testimonial-info --><div class=\"testimonial-excerpt\"><p>Hemos hecho una operaci\u00f3n con la inmoobiliaria 360\u00ba y s\u00f3lo podemos decir que son unos grandes<\/p>\n<\/div><!-- .testimonial-excerpt --><\/div><!-- .testimonial-inner --><\/div><!-- .cols --><\/div><!-- .item --><div class=\"item\"><div class=\"col-lg-12 col-md-12\"><div class=\"testimonial-inner rounded\"><div class=\"testimonial-info\"><p><a href=\"https:\/\/immobiliaria360.com\/fr\/testimonial\/marta-garriga\/\" class=\"client-name\">Marta Garriga<\/a><\/p><\/div><!-- .testimonial-info --><div class=\"testimonial-excerpt\"><p>He vendido mi piso antes de lo que esperaba. Sin duda he acertado al decidir de<\/p>\n<\/div><!-- .testimonial-excerpt --><\/div><!-- .testimonial-inner --><\/div><!-- .cols --><\/div><!-- .item --><\/div><!-- .owl-carousel --><\/div><!-- .row --><\/div><!-- .testimonial-wrapper -->[\/vc_column_inner][\/vc_row_inner][\/vc_column][\/vc_row]<\/p>\n<\/div>","protected":false},"excerpt":{"rendered":"<p>[vc_row][vc_column el_class=\u00a0\u00bbpr-md-5&Prime; offset=\u00a0\u00bbvc_col-lg-7 vc_col-md-12&Prime;][\/vc_column][vc_column offset=\u00a0\u00bbvc_col-lg-5 vc_col-md-12&Prime;][vc_single_image image=\u00a0\u00bb7144&Prime; img_size=\u00a0\u00bbfull\u00a0\u00bb css_animation=\u00a0\u00bbnone\u00a0\u00bb][\/vc_column][\/vc_row][vc_row disable_element=\u00a0\u00bbyes\u00a0\u00bb css=\u00a0\u00bb.vc_custom_1665825312910{padding-top: 1px !important;padding-bottom: 1px !important;}\u00a0\u00bb][vc_column][vc_separator][\/vc_column][\/vc_row][vc_row full_width=\u00a0\u00bbstretch_row\u00a0\u00bb<\/p>\n","protected":false},"author":2,"featured_media":0,"parent":0,"menu_order":0,"comment_status":"closed","ping_status":"closed","template":"","meta":{"_acf_changed":false,"footnotes":""},"class_list":["post-7252","page","type-page","status-publish","hentry"],"acf":[],"_links":{"self":[{"href":"https:\/\/immobiliaria360.com\/fr\/wp-json\/wp\/v2\/pages\/7252","targetHints":{"allow":["GET"]}}],"collection":[{"href":"https:\/\/immobiliaria360.com\/fr\/wp-json\/wp\/v2\/pages"}],"about":[{"href":"https:\/\/immobiliaria360.com\/fr\/wp-json\/wp\/v2\/types\/page"}],"author":[{"embeddable":true,"href":"https:\/\/immobiliaria360.com\/fr\/wp-json\/wp\/v2\/users\/2"}],"replies":[{"embeddable":true,"href":"https:\/\/immobiliaria360.com\/fr\/wp-json\/wp\/v2\/comments?post=7252"}],"version-history":[{"count":0,"href":"https:\/\/immobiliaria360.com\/fr\/wp-json\/wp\/v2\/pages\/7252\/revisions"}],"wp:attachment":[{"href":"https:\/\/immobiliaria360.com\/fr\/wp-json\/wp\/v2\/media?parent=7252"}],"curies":[{"name":"wp","href":"https:\/\/api.w.org\/{rel}","templated":true}]}}