{"id":7308,"date":"2022-10-21T16:28:10","date_gmt":"2022-10-21T15:28:10","guid":{"rendered":"https:\/\/immobiliaria360.com\/investissement-etranger\/"},"modified":"2022-11-24T09:17:29","modified_gmt":"2022-11-24T08:17:29","slug":"investissement-etranger","status":"publish","type":"page","link":"https:\/\/immobiliaria360.com\/fr\/investissement-etranger\/","title":{"rendered":"Investissement \u00e9tranger"},"content":{"rendered":"<div class=\"wpb-content-wrapper\"><p>[vc_row css=\u00a0\u00bb.vc_custom_1666365756344{padding-top: 65px !important;}\u00a0\u00bb][vc_column][vc_row_inner][vc_column_inner width=\u00a0\u00bb1\/2&Prime; offset=\u00a0\u00bbvc_col-lg-6 vc_col-md-6&Prime;][vc_single_image image=\u00a0\u00bb7159&Prime; img_size=\u00a0\u00bbfull\u00a0\u00bb][\/vc_column_inner][vc_column_inner el_class=\u00a0\u00bbpl-lg-4&Prime; width=\u00a0\u00bb1\/2&Prime; offset=\u00a0\u00bbvc_col-lg-6 vc_col-md-6&Prime;]<div class=\"section-title-wrapper text-left shortcode-rand-1 zoacres-inline-css\" data-css=\"&quot;.shortcode-rand-1 .title-separator.separator-border { background-color: ; }.shortcode-rand-1 .section-title { color: #000000; text-transform: none; }&quot;\"><div class=\"title-wrap\"><h2 class=\"section-title\">Investissement <span class=\"title-suffix theme-color\">\u00e9tranger<\/span><\/h2><span class=\"title-separator separator-border theme-color-bg\"><\/span><\/div><!-- .title-wrap --><div class=\"section-description\">L&rsquo;investissement \u00e9tranger est l&rsquo;acquisition d&rsquo;actifs situ\u00e9s en Principaut\u00e9 par des personnes physiques non r\u00e9sidentes en Andorre, \u00e0 condition qu&rsquo;elles n&rsquo;aient pas la nationalit\u00e9 andorrane, et par des personnes morales de nationalit\u00e9 \u00e9trang\u00e8re.<\/p>\n<p>\u00c9galement pour les soci\u00e9t\u00e9s andorranes \u00e0 participation \u00e9trang\u00e8re dans leur capital ou dans leurs droits de vote, succursales ou autres types d&rsquo;\u00e9tablissements stables en Andorre de non-r\u00e9sidents dans un pourcentage \u00e9gal ou sup\u00e9rieur \u00e0 50%, directement ou indirectement. De m\u00eame, lorsqu&rsquo;au moins 50% des droits de vote de son organe d\u00e9lib\u00e9rant appartiennent \u00e0 des personnes physiques ou morales \u00e9trang\u00e8res non-r\u00e9sidentes.<\/p>\n<p>Les formes d&rsquo;investissement \u00e9tranger peuvent se mat\u00e9rialiser par des apports mon\u00e9taires ou non mon\u00e9taires.<\/p>\n<h5>Le minist\u00e8re comp\u00e9tent doit r\u00e9soudre la demande d&rsquo;autorisation d&rsquo;investissement \u00e9tranger dans un d\u00e9lai maximum d&rsquo;un mois.<\/h5>\n<p><\/div><!-- .section-description --><\/div><!-- .section-title-wrapper -->[\/vc_column_inner][\/vc_row_inner][vc_zigzag color=\u00a0\u00bbgreen\u00a0\u00bb css=\u00a0\u00bb.vc_custom_1666365633051{padding-bottom: 50px !important;}\u00a0\u00bb][vc_row_inner][vc_column_inner width=\u00a0\u00bb1\/2&Prime;]<div class=\"section-title-wrapper text-left shortcode-rand-2 zoacres-inline-css\" data-css=\"&quot;.shortcode-rand-2 .title-separator.separator-border { background-color: ; }.shortcode-rand-2 .section-title { color: #000000; text-transform: none; }&quot;\"><div class=\"title-wrap\"><h3 class=\"section-title\">Nous pouvons vous renseigner...<\/h3><span class=\"title-separator separator-border theme-color-bg\"><\/span><\/div><!-- .title-wrap --><div class=\"section-description\">Chez 360 Immobili\u00e0ria, nous connaissons en profondeur tout ce qui peut vous int\u00e9resser sur les avantages de vivre en Andorre et nous pouvons vous informer en d\u00e9tail.<\/p>\n<p>Envoyez-nous un message et nous vous conseillerons de mani\u00e8re personnalis\u00e9e, en toute discr\u00e9tion.<\/div><!-- .section-description --><\/div><!-- .section-title-wrapper -->[\/vc_column_inner][vc_column_inner width=\u00a0\u00bb1\/2&Prime;]<div class=\"contact-form-wrapper contact-form-default\" data-css=\"&quot;&quot;\"><div class=\"contact-form\">\n<div class=\"wpcf7 no-js\" id=\"wpcf7-f5161-o1\" lang=\"en-US\" dir=\"ltr\" data-wpcf7-id=\"5161\">\n<div class=\"screen-reader-response\"><p role=\"status\" aria-live=\"polite\" aria-atomic=\"true\"><\/p> <ul><\/ul><\/div>\n<form action=\"\/fr\/wp-json\/wp\/v2\/pages\/7308#wpcf7-f5161-o1\" method=\"post\" class=\"wpcf7-form init\" aria-label=\"Contact form\" novalidate=\"novalidate\" data-status=\"init\">\n<fieldset class=\"hidden-fields-container\"><input type=\"hidden\" name=\"_wpcf7\" value=\"5161\" \/><input type=\"hidden\" name=\"_wpcf7_version\" value=\"6.1.5\" \/><input type=\"hidden\" name=\"_wpcf7_locale\" value=\"en_US\" \/><input type=\"hidden\" name=\"_wpcf7_unit_tag\" value=\"wpcf7-f5161-o1\" \/><input type=\"hidden\" name=\"_wpcf7_container_post\" value=\"0\" \/><input type=\"hidden\" name=\"_wpcf7_posted_data_hash\" value=\"\" \/><input type=\"hidden\" name=\"_wpcf7_recaptcha_response\" value=\"\" \/>\n<\/fieldset>\n<p><label> Tu nombre y apellidos (requerido)<br \/>\n<span class=\"wpcf7-form-control-wrap\" data-name=\"your-name\"><input size=\"40\" maxlength=\"400\" class=\"wpcf7-form-control wpcf7-text wpcf7-validates-as-required\" aria-required=\"true\" aria-invalid=\"false\" value=\"\" type=\"text\" name=\"your-name\" \/><\/span> <\/label>\n<\/p>\n<p><label> Tu Email (requerido)<br \/>\n<span class=\"wpcf7-form-control-wrap\" data-name=\"your-email\"><input size=\"40\" maxlength=\"400\" class=\"wpcf7-form-control wpcf7-email wpcf7-validates-as-required wpcf7-text wpcf7-validates-as-email\" aria-required=\"true\" aria-invalid=\"false\" value=\"\" type=\"email\" name=\"your-email\" \/><\/span> <\/label>\n<\/p>\n<p><label> \u00bfSobre qu\u00e9 tema quieres informaci\u00f3n?<br \/>\n<span class=\"wpcf7-form-control-wrap\" data-name=\"your-subject\"><input size=\"40\" maxlength=\"400\" class=\"wpcf7-form-control wpcf7-text\" aria-invalid=\"false\" value=\"\" type=\"text\" name=\"your-subject\" \/><\/span> <\/label>\n<\/p>\n<p><label> Tu mensaje...<br \/>\n<span class=\"wpcf7-form-control-wrap\" data-name=\"your-message\"><textarea cols=\"40\" rows=\"10\" maxlength=\"2000\" class=\"wpcf7-form-control wpcf7-textarea\" aria-invalid=\"false\" name=\"your-message\"><\/textarea><\/span> <\/label>\n<\/p>\n<p><span class=\"wpcf7-form-control-wrap\" data-name=\"acceptance-630\"><span class=\"wpcf7-form-control wpcf7-acceptance\"><span class=\"wpcf7-list-item\"><label><input type=\"checkbox\" name=\"acceptance-630\" value=\"1\" aria-invalid=\"false\" \/><span class=\"wpcf7-list-item-label\">Acepto los t\u00e9rminos y la pol\u00edtica de privacidad<\/span><\/label><\/span><\/span><\/span>\n<\/p>\n<p><input class=\"wpcf7-form-control wpcf7-submit has-spinner\" type=\"submit\" value=\"Enviar\" \/>\n<\/p>\n<p>Los datos recogidos en este formulario ser\u00e1n tratados por T60 Immobili\u00e0ria con la finalidad de gestionar y dar respuesta a la consulta planteada. Sus datos no ser\u00e1n cedidos a terceros. Este tratamiento de datos es necesario para atender su solicitud y est\u00e1 basado en el consentimiento que usted nos proporciona al enviarnos la consulta. Salvo que usted se oponga al tratamiento de sus datos, estos ser\u00e1n conservados durante el tiempo necesario para cumplir con la finalidad para la que se recogen y para determinar las posibles responsabilidades que se puedan derivar de esta finalidad, teniendo en cuenta los per\u00edodos establecidos en la normativa de archivo y documentaci\u00f3n.\n<\/p>\n<p>La persona interesada puede ejercer sus derechos de acceso, portabilidad, rectificaci\u00f3n y supresi\u00f3n de sus datos, as\u00ed como limitar el tratamiento y oponerse, formalizando una solicitud escrita enviada al correo electr\u00f3nico info@immobiliaria360.com. Para m\u00e1s informaci\u00f3n, consulte nuestra pol\u00edtica de privacidad.\n<\/p><p style=\"display: none !important;\" class=\"akismet-fields-container\" data-prefix=\"_wpcf7_ak_\"><label>&#916;<textarea name=\"_wpcf7_ak_hp_textarea\" cols=\"45\" rows=\"8\" maxlength=\"100\"><\/textarea><\/label><input type=\"hidden\" id=\"ak_js_1\" name=\"_wpcf7_ak_js\" value=\"177\"\/><script>document.getElementById( \"ak_js_1\" ).setAttribute( \"value\", ( new Date() ).getTime() );<\/script><\/p><div class=\"wpcf7-response-output\" aria-hidden=\"true\"><\/div>\n<\/form>\n<\/div>\n<\/div><!-- .contact-form --><\/div><!-- .contact-form-wrapper -->[\/vc_column_inner][\/vc_row_inner][\/vc_column][\/vc_row][vc_row full_width=\u00a0\u00bbstretch_row\u00a0\u00bb content_placement=\u00a0\u00bbmiddle\u00a0\u00bb row_typo=\u00a0\u00bbwhite\u00a0\u00bb css=\u00a0\u00bb.vc_custom_1666365505229{padding-top: 60px !important;padding-bottom: 45px !important;background-color: #2e6680 !important;}\u00a0\u00bb][vc_column width=\u00a0\u00bb9\/12&Prime;][vc_column_text css=\u00a0\u00bb.vc_custom_1666365680620{margin-bottom: 0px !important;}\u00a0\u00bb]<\/p>\n<h4><strong>Avez-vous des questions? Contactez-nous d\u00e8s maintenant par WhatsApp!<\/strong><\/h4>\n<p>[\/vc_column_text][\/vc_column][vc_column width=\u00a0\u00bb3\/12&Prime;]<div class=\"btn-wrap d-flex justify-content-end vc_custom_1666365463003\"><a href=\"https:%2F%2Fwa.me%2F376645925|\" target=\"\" class=\"btn  zoacres-btn btn-light btn-rounded rounded  shortcode-rand-4 zoacres-inline-css\" data-css=\"&quot;.btn.shortcode-rand-4 { color: #000000; }.btn.shortcode-rand-4:hover { color: #ffffff; }.btn.shortcode-rand-4:hover { background: transparent; }.btn.shortcode-rand-4 { border-style: solid; border-width: 1px; }.btn.shortcode-rand-4 { border-color: #ffffff; }.btn.shortcode-rand-4:hover { border-color: #ffffff; }&quot;\"><span class=\"btn-icon btn-icon-left fab fa-whatsapp\"><\/span>Cliquez ici<\/a><\/div>[\/vc_column][\/vc_row]<\/p>\n<\/div>","protected":false},"excerpt":{"rendered":"<p>[vc_row css=\u00a0\u00bb.vc_custom_1666365756344{padding-top: 65px !important;}\u00a0\u00bb][vc_column][vc_row_inner][vc_column_inner width=\u00a0\u00bb1\/2&Prime; offset=\u00a0\u00bbvc_col-lg-6 vc_col-md-6&Prime;][vc_single_image image=\u00a0\u00bb7159&Prime; img_size=\u00a0\u00bbfull\u00a0\u00bb][\/vc_column_inner][vc_column_inner el_class=\u00a0\u00bbpl-lg-4&Prime; width=\u00a0\u00bb1\/2&Prime; offset=\u00a0\u00bbvc_col-lg-6 vc_col-md-6&Prime;][\/vc_column_inner][\/vc_row_inner][vc_zigzag color=\u00a0\u00bbgreen\u00a0\u00bb css=\u00a0\u00bb.vc_custom_1666365633051{padding-bottom: 50px !important;}\u00a0\u00bb][vc_row_inner][vc_column_inner width=\u00a0\u00bb1\/2&Prime;][\/vc_column_inner][vc_column_inner width=\u00a0\u00bb1\/2&Prime;][\/vc_column_inner][\/vc_row_inner][\/vc_column][\/vc_row][vc_row full_width=\u00a0\u00bbstretch_row\u00a0\u00bb content_placement=\u00a0\u00bbmiddle\u00a0\u00bb row_typo=\u00a0\u00bbwhite\u00a0\u00bb css=\u00a0\u00bb.vc_custom_1666365505229{padding-top: 60px !important;padding-bottom: 45px !important;background-color: #2e6680 !important;}\u00a0\u00bb][vc_column width=\u00a0\u00bb9\/12&Prime;][vc_column_text css=\u00a0\u00bb.vc_custom_1666365680620{margin-bottom: 0px !important;}\u00a0\u00bb] Avez-vous des questions? Contactez-nous d\u00e8s maintenant par WhatsApp! [\/vc_column_text][\/vc_column][vc_column width=\u00a0\u00bb3\/12&Prime;][\/vc_column][\/vc_row]<\/p>\n","protected":false},"author":2,"featured_media":0,"parent":0,"menu_order":0,"comment_status":"closed","ping_status":"closed","template":"","meta":{"_acf_changed":false,"footnotes":""},"class_list":["post-7308","page","type-page","status-publish","hentry"],"acf":[],"_links":{"self":[{"href":"https:\/\/immobiliaria360.com\/fr\/wp-json\/wp\/v2\/pages\/7308","targetHints":{"allow":["GET"]}}],"collection":[{"href":"https:\/\/immobiliaria360.com\/fr\/wp-json\/wp\/v2\/pages"}],"about":[{"href":"https:\/\/immobiliaria360.com\/fr\/wp-json\/wp\/v2\/types\/page"}],"author":[{"embeddable":true,"href":"https:\/\/immobiliaria360.com\/fr\/wp-json\/wp\/v2\/users\/2"}],"replies":[{"embeddable":true,"href":"https:\/\/immobiliaria360.com\/fr\/wp-json\/wp\/v2\/comments?post=7308"}],"version-history":[{"count":0,"href":"https:\/\/immobiliaria360.com\/fr\/wp-json\/wp\/v2\/pages\/7308\/revisions"}],"wp:attachment":[{"href":"https:\/\/immobiliaria360.com\/fr\/wp-json\/wp\/v2\/media?parent=7308"}],"curies":[{"name":"wp","href":"https:\/\/api.w.org\/{rel}","templated":true}]}}