{"id":7365,"date":"2022-10-25T12:06:45","date_gmt":"2022-10-25T11:06:45","guid":{"rendered":"https:\/\/immobiliaria360.com\/ventes-et-locations\/"},"modified":"2023-10-03T14:25:51","modified_gmt":"2023-10-03T13:25:51","slug":"ventes-et-locations","status":"publish","type":"page","link":"https:\/\/immobiliaria360.com\/fr\/ventes-et-locations\/","title":{"rendered":"Ventes et locations"},"content":{"rendered":"<div class=\"wpb-content-wrapper\"><p>[vc_row full_width=\u00a0\u00bbstretch_row_content\u00a0\u00bb css=\u00a0\u00bb.vc_custom_1696339547920{background-color: #f4f6fd !important;}\u00a0\u00bb el_class=\u00a0\u00bbsc-custom\u00a0\u00bb el_id=\u00a0\u00bbConseil d&rsquo;investissement\u00a0\u00bb][vc_column][vc_row_inner css=\u00a0\u00bb.vc_custom_1696339542607{padding-right: 30px !important;padding-left: 30px !important;}\u00a0\u00bb][vc_column_inner]<div class=\"section-title-wrapper text-left shortcode-rand-1 zoacres-inline-css\" data-css=\"&quot;.shortcode-rand-1 .section-title .title-prefix { color: #222222; }.shortcode-rand-1 .title-separator.separator-border { background-color: #00afff; }.shortcode-rand-1 .section-title { color: #000000; text-transform: none; }&quot;\"><div class=\"title-wrap\"><span class=\"sub-title\">CONSEIL IMMOBILIER<\/span><h2 class=\"section-title\">Recherchez ici votre <span class=\"title-suffix theme-color\">prochaine maison<\/span><\/h2><span class=\"title-separator separator-border theme-color-bg\"><\/span><\/div><!-- .title-wrap --><div class=\"section-description\">Chez Immobili\u00e0ria 360, nous connaissons le march\u00e9 immobilier andorran mieux que quiconque, c&rsquo;est pourquoi nous sommes votre alli\u00e9 optimal lorsqu&rsquo;il s&rsquo;agit d&rsquo;acheter ou de vendre une propri\u00e9t\u00e9, ainsi que lors de la recherche d&rsquo;un appartement ou d&rsquo;une maison \u00e0 louer.<\/p>\n<p>Cherchez ici et trouvez ce dont vous avez besoin. Et pour plus d&rsquo;informations, il vous suffit de nous contacter.<\/div><!-- .section-description --><\/div><!-- .section-title-wrapper -->[\/vc_column_inner][\/vc_row_inner][vc_column_text]<\/p>\n<div><iframe id=\"iframeImmo\" style=\"width: 100%; height: 100%;\" src=\"https:\/\/immobiliaria360.com\/recursos\/nlistadom1.php?cod_cliente=53485&amp;cod_captacion=53485&amp;bg_buscador=ffffff&amp;idioma=4&amp;est_bus=1&amp;colorfondo2=6d9123&amp;b5=1\" width=\"100%\" frameborder=\"0\" scrolling=\"no\"><\/iframe><\/div>\n<p>[\/vc_column_text][\/vc_column][\/vc_row][vc_row disable_element=\u00a0\u00bbyes\u00a0\u00bb css=\u00a0\u00bb.vc_custom_1666188823790{margin-top: -300px !important;padding-bottom: 50px !important;}\u00a0\u00bb el_class=\u00a0\u00bbsc-custom-margin-150&Prime;][vc_column][vc_row_inner][vc_column_inner offset=\u00a0\u00bbvc_col-lg-4 vc_col-md-4&Prime;]<div class=\"feature-box-wrapper feature-box-style-2 text-left vc_custom_1665825775119 shortcode-rand-2 zoacres-inline-css\" data-css=\"&quot;.shortcode-rand-2.feature-box-wrapper .section-title { color: #000000; }.shortcode-rand-2.feature-box-wrapper &gt; *:nth-child(1) { margin-bottom: 45px; }.shortcode-rand-2.feature-box-wrapper &gt; *:nth-child(2) { margin-bottom: 35px; }.shortcode-rand-2.feature-box-wrapper {background: -moz-linear-gradient(141deg,  0%,  51%,  75%);\\r\\n\\t\\t\\t\\tbackground: -webkit-linear-gradient(141deg,  0%,  51%,  75%);\\r\\n\\t\\t\\t\\tbackground: linear-gradient(141deg,  0%,  51%,  75%);}.shortcode-rand-2 .feature-box-icon { font-size: 70px; }.shortcode-rand-2:hover .feature-box-icon { background: none; }&quot;\" ><div class=\"feature-box-title\"><h4 class=\"section-title\">Gestion passive de la r\u00e9sidence<\/h4><\/div><!-- .feature-box-title --><div class=\"feature-box-icon text-center squared theme-color none\"><span class=\"icon-user-following\"><\/span><\/div><!-- .feature-box-icon --><div class=\"feature-box-content\"><span style=\"color: #000000\">Autorisation obtenue pour s&rsquo;installer l\u00e9galement en Andorre sans contrat de travail, \u00eatre investisseur\/retrait\u00e9 ou exercer des activit\u00e9s sportives, culturelles ou scientifiques.<\/span><\/div><!-- .feature-box-content --><\/div><!-- .feature-box-wrapper -->[\/vc_column_inner][vc_column_inner offset=\u00a0\u00bbvc_col-lg-4 vc_col-md-4&Prime;]<div class=\"feature-box-wrapper feature-box-style-2 text-left vc_custom_1665825670531 shortcode-rand-3 zoacres-inline-css\" data-css=\"&quot;.shortcode-rand-3.feature-box-wrapper .section-title { color: #000000; }.shortcode-rand-3.feature-box-wrapper { color: #ffffff; }.shortcode-rand-3.feature-box-wrapper &gt; *:nth-child(1) { margin-bottom: 45px; }.shortcode-rand-3.feature-box-wrapper &gt; *:nth-child(2) { margin-bottom: 35px; }.shortcode-rand-3.feature-box-wrapper {background: -moz-linear-gradient(141deg,  0%,  51%,  75%);\\r\\n\\t\\t\\t\\tbackground: -webkit-linear-gradient(141deg,  0%,  51%,  75%);\\r\\n\\t\\t\\t\\tbackground: linear-gradient(141deg,  0%,  51%,  75%);}.shortcode-rand-3 .feature-box-icon { font-size: 70px; }.shortcode-rand-3 .feature-box-icon { color: #2f6580; }.shortcode-rand-3:hover .feature-box-icon { background: none; }&quot;\" ><div class=\"feature-box-title\"><h4 class=\"section-title\">Gestion d&#039;entreprise<\/h4><\/div><!-- .feature-box-title --><div class=\"feature-box-icon text-center squared none\"><span class=\"icon-badge\"><\/span><\/div><!-- .feature-box-icon --><div class=\"feature-box-content\"><span style=\"color: #000000\">Services de gestion administrative qui demandent et ex\u00e9cutent des proc\u00e9dures qui ne n\u00e9cessitent pas l&rsquo;application de la technique juridique ou du plaidoyer.<\/span><br \/>\n<span style=\"color: #000000\">Nous offrons \u00e9galement des services de consultation en mati\u00e8re de fiscalit\u00e9, de comptabilit\u00e9 et de travail.<\/span><\/div><!-- .feature-box-content --><\/div><!-- .feature-box-wrapper -->[\/vc_column_inner][vc_column_inner offset=\u00a0\u00bbvc_col-lg-4 vc_col-md-4&Prime;]<div class=\"feature-box-wrapper feature-box-style-2 text-left vc_custom_1665825863538 shortcode-rand-4 zoacres-inline-css\" data-css=\"&quot;.shortcode-rand-4.feature-box-wrapper .section-title { color: #000000; }.shortcode-rand-4.feature-box-wrapper &gt; *:nth-child(1) { margin-bottom: 45px; }.shortcode-rand-4.feature-box-wrapper &gt; *:nth-child(2) { margin-bottom: 35px; }.shortcode-rand-4.feature-box-wrapper {background: -moz-linear-gradient(141deg,  0%,  51%,  75%);\\r\\n\\t\\t\\t\\tbackground: -webkit-linear-gradient(141deg,  0%,  51%,  75%);\\r\\n\\t\\t\\t\\tbackground: linear-gradient(141deg,  0%,  51%,  75%);}.shortcode-rand-4 .feature-box-icon { font-size: 70px; }.shortcode-rand-4:hover .feature-box-icon { background: none; }&quot;\" ><div class=\"feature-box-title\"><h4 class=\"section-title\">Projets immobiliers<\/h4><\/div><!-- .feature-box-title --><div class=\"feature-box-icon text-center squared theme-color none\"><span class=\"icon-handbag\"><\/span><\/div><!-- .feature-box-icon --><div class=\"feature-box-content\"><span style=\"color: #000000\">Nous sommes un groupe de professionnels d\u00e9vou\u00e9s sp\u00e9cialis\u00e9s dans la gestion de projets immobiliers offrant des plans de haute qualit\u00e9 dans une s\u00e9lection de secteurs clients \u00e0 travers le monde.<\/span><\/div><!-- .feature-box-content --><\/div><!-- .feature-box-wrapper -->[\/vc_column_inner][\/vc_row_inner][vc_empty_space height=\u00a0\u00bb60px\u00a0\u00bb][vc_row_inner][vc_column_inner width=\u00a0\u00bb1\/4&Prime;]<div class=\"counter-wrapper  counter-style-1 shortcode-rand-5 zoacres-inline-css\" data-css=\"&quot;.shortcode-rand-5.counter-wrapper &gt; *:nth-child(1) { margin-bottom: 5px; }.shortcode-rand-5.counter-wrapper, .shortcode-rand-5.counter-wrapper h3, .shortcode-rand-5.counter-wrapper h4 { color: #00afff; }&quot;\"><div class=\"counter-value\"><h3><span class=\"counter-up\" data-count=\"15300\">0<\/span><span class=\"counter-suffix\">+<\/span><\/h3><\/div><!-- .counter-value --><div class=\"counter-title\"><h4>Clients heureux<\/h4><\/div><!-- .counter-title --><\/div><!-- .counter-wrapper -->[\/vc_column_inner][vc_column_inner width=\u00a0\u00bb1\/4&Prime;]<div class=\"counter-wrapper  counter-style-1 shortcode-rand-6 zoacres-inline-css\" data-css=\"&quot;.shortcode-rand-6.counter-wrapper &gt; *:nth-child(1) { margin-bottom: 5px; }.shortcode-rand-6.counter-wrapper, .shortcode-rand-6.counter-wrapper h3, .shortcode-rand-6.counter-wrapper h4 { color: #00afff; }&quot;\"><div class=\"counter-value\"><h3><span class=\"counter-up\" data-count=\"5100\">0<\/span><span class=\"counter-suffix\">+<\/span><\/h3><\/div><!-- .counter-value --><div class=\"counter-title\"><h4>Commande en file d&#039;attente<\/h4><\/div><!-- .counter-title --><\/div><!-- .counter-wrapper -->[\/vc_column_inner][vc_column_inner width=\u00a0\u00bb1\/4&Prime;]<div class=\"counter-wrapper  counter-style-1 shortcode-rand-7 zoacres-inline-css\" data-css=\"&quot;.shortcode-rand-7.counter-wrapper &gt; *:nth-child(1) { margin-bottom: 5px; }.shortcode-rand-7.counter-wrapper, .shortcode-rand-7.counter-wrapper h3, .shortcode-rand-7.counter-wrapper h4 { color: #00afff; }&quot;\"><div class=\"counter-value\"><h3><span class=\"counter-up\" data-count=\"20\">0<\/span><span class=\"counter-suffix\">+<\/span><\/h3><\/div><!-- .counter-value --><div class=\"counter-title\"><h4>vivre<\/h4><\/div><!-- .counter-title --><\/div><!-- .counter-wrapper -->[\/vc_column_inner][vc_column_inner width=\u00a0\u00bb1\/4&Prime;]<div class=\"counter-wrapper  counter-style-1 shortcode-rand-8 zoacres-inline-css\" data-css=\"&quot;.shortcode-rand-8.counter-wrapper &gt; *:nth-child(1) { margin-bottom: 5px; }.shortcode-rand-8.counter-wrapper, .shortcode-rand-8.counter-wrapper h3, .shortcode-rand-8.counter-wrapper h4 { color: #00afff; }&quot;\"><div class=\"counter-value\"><h3><span class=\"counter-up\" data-count=\"62\">0<\/span><span class=\"counter-suffix\">+<\/span><\/h3><\/div><!-- .counter-value --><div class=\"counter-title\"><h4>R\u00e9compenses remport\u00e9es<\/h4><\/div><!-- .counter-title --><\/div><!-- .counter-wrapper -->[\/vc_column_inner][\/vc_row_inner][\/vc_column][\/vc_row][vc_row disable_element=\u00a0\u00bbyes\u00a0\u00bb css=\u00a0\u00bb.vc_custom_1665825312910{padding-top: 1px !important;padding-bottom: 1px !important;}\u00a0\u00bb][vc_column][vc_separator][\/vc_column][\/vc_row][vc_row full_width=\u00a0\u00bbstretch_row\u00a0\u00bb content_placement=\u00a0\u00bbmiddle\u00a0\u00bb disable_element=\u00a0\u00bbyes\u00a0\u00bb css=\u00a0\u00bb.vc_custom_1665825320478{padding-bottom: 180px !important;background-image: url(https:\/\/demo.zozothemes.com\/zoacres\/wp-content\/uploads\/2018\/08\/flower-bg1.png?id=3942) !important;background-position: 0 0 !important;background-repeat: no-repeat !important;}\u00a0\u00bb el_class=\u00a0\u00bbbackground-position-right\u00a0\u00bb][vc_column][vc_row_inner][vc_column_inner]<div class=\"section-title-wrapper text-center shortcode-rand-9 zoacres-inline-css\" data-css=\"&quot;.shortcode-rand-9 .section-title .title-prefix { color: #222222; }.shortcode-rand-9 .title-separator.separator-border { background-color: #00afff; }.shortcode-rand-9 .section-title { color: #000000; text-transform: none; }&quot;\"><div class=\"title-wrap\"><h2 class=\"section-title\">Nos Agents<\/h2><span class=\"title-separator separator-border theme-color-bg\"><\/span><\/div><!-- .title-wrap --><div class=\"section-description\">Lorem Ipsum est simplement un faux texte de l&rsquo;industrie de l&rsquo;impression et de la composition. Lorem Ipsum a \u00e9t\u00e9 celui de l&rsquo;industrie.<\/div><!-- .section-description --><\/div><!-- .section-title-wrapper -->[\/vc_column_inner][\/vc_row_inner][\/vc_column][\/vc_row][vc_row full_width=\u00a0\u00bbstretch_row\u00a0\u00bb disable_element=\u00a0\u00bbyes\u00a0\u00bb row_typo=\u00a0\u00bbwhite\u00a0\u00bb row_overlay=\u00a0\u00bbcustom\u00a0\u00bb css=\u00a0\u00bb.vc_custom_1665825328427{padding-top: 90px !important;padding-bottom: 80px !important;background-color: #00afff !important;background-position: 0 0 !important;background-repeat: repeat !important;}\u00a0\u00bb row_overlay_color=\u00a0\u00bb#00afff\u00a0\u00bb el_class=\u00a0\u00bbsection-rain-drops\u00a0\u00bb][vc_column]<div class=\"section-title-wrapper text-center shortcode-rand-11 zoacres-inline-css\" data-css=\"&quot;.shortcode-rand-11 .section-title .title-prefix { color: #ffffff; }.shortcode-rand-11 .title-separator.separator-border { background-color: #ffffff; }.shortcode-rand-11 .section-title { color: #ffffff; text-transform: none; }&quot;\"><div class=\"title-wrap\"><h2 class=\"section-title\">Ce qui fait de nous le choix pr\u00e9f\u00e9r\u00e9<\/h2><span class=\"title-separator separator-border theme-color-bg\"><\/span><\/div><!-- .title-wrap --><div class=\"section-description\"><\/div><!-- .section-description --><\/div><!-- .section-title-wrapper -->[vc_row_inner][vc_column_inner width=\u00a0\u00bb1\/2&Prime; offset=\u00a0\u00bbvc_col-lg-3 vc_col-md-6&Prime;]<div class=\"feature-box-wrapper feature-box-style-1 text-center vc_custom_1547461240992 shortcode-rand-12 zoacres-inline-css\" data-css=\"&quot;.shortcode-rand-12.feature-box-wrapper &gt; *:nth-child(1) { margin-bottom: 30px; }.shortcode-rand-12.feature-box-wrapper &gt; *:nth-child(2) { margin-bottom: 20px; }.shortcode-rand-12.feature-box-wrapper {background: -moz-linear-gradient(141deg,  0%,  51%,  75%);\\r\\n\\t\\t\\t\\tbackground: -webkit-linear-gradient(141deg,  0%,  51%,  75%);\\r\\n\\t\\t\\t\\tbackground: linear-gradient(141deg,  0%,  51%,  75%);}.shortcode-rand-12 .feature-box-icon { font-size: 24px; }.shortcode-rand-12:hover .feature-box-icon { background: none; }&quot;\" ><div class=\"feature-box-thumb\"><img loading=\"lazy\" decoding=\"async\" class=\"img-fluid squared\" src=\"https:\/\/immobiliaria360.com\/wp-content\/uploads\/2018\/08\/001-notepad.png\" width=\"64\" height=\"64\" alt=\"Choix maximum\" \/><\/div><!-- .feature-box-thumb --><div class=\"feature-box-title\"><h4 class=\"section-title\">Choix maximum<\/h4><\/div><!-- .feature-box-title --><div class=\"feature-box-content\">Lorem Ipsum est simplement un texte factice de la composition d&rsquo;impression.<\/div><!-- .feature-box-content --><\/div><!-- .feature-box-wrapper --><div class=\"feature-box-wrapper feature-box-style-1 text-center vc_custom_1547461246409 shortcode-rand-13 zoacres-inline-css\" data-css=\"&quot;.shortcode-rand-13.feature-box-wrapper &gt; *:nth-child(1) { margin-bottom: 30px; }.shortcode-rand-13.feature-box-wrapper &gt; *:nth-child(2) { margin-bottom: 20px; }.shortcode-rand-13.feature-box-wrapper {background: -moz-linear-gradient(141deg,  0%,  51%,  75%);\\r\\n\\t\\t\\t\\tbackground: -webkit-linear-gradient(141deg,  0%,  51%,  75%);\\r\\n\\t\\t\\t\\tbackground: linear-gradient(141deg,  0%,  51%,  75%);}.shortcode-rand-13 .feature-box-icon { font-size: 24px; }.shortcode-rand-13:hover .feature-box-icon { background: none; }&quot;\" ><div class=\"feature-box-thumb\"><img loading=\"lazy\" decoding=\"async\" class=\"img-fluid squared\" src=\"https:\/\/immobiliaria360.com\/wp-content\/uploads\/2018\/08\/003-like.png\" width=\"64\" height=\"64\" alt=\"Le vendeur nous pr\u00e9f\u00e8re\" \/><\/div><!-- .feature-box-thumb --><div class=\"feature-box-title\"><h4 class=\"section-title\">Le vendeur nous pr\u00e9f\u00e8re<\/h4><\/div><!-- .feature-box-title --><div class=\"feature-box-content\">Lorem Ipsum est simplement un texte factice de la composition d&rsquo;impression.<\/div><!-- .feature-box-content --><\/div><!-- .feature-box-wrapper -->[\/vc_column_inner][vc_column_inner width=\u00a0\u00bb1\/2&Prime; offset=\u00a0\u00bbvc_col-lg-3 vc_col-md-6&Prime;]<div class=\"feature-box-wrapper feature-box-style-1 text-center vc_custom_1547461252911 shortcode-rand-14 zoacres-inline-css\" data-css=\"&quot;.shortcode-rand-14.feature-box-wrapper &gt; *:nth-child(1) { margin-bottom: 30px; }.shortcode-rand-14.feature-box-wrapper &gt; *:nth-child(2) { margin-bottom: 20px; }.shortcode-rand-14.feature-box-wrapper {background: -moz-linear-gradient(141deg,  0%,  51%,  75%);\\r\\n\\t\\t\\t\\tbackground: -webkit-linear-gradient(141deg,  0%,  51%,  75%);\\r\\n\\t\\t\\t\\tbackground: linear-gradient(141deg,  0%,  51%,  75%);}.shortcode-rand-14 .feature-box-icon { font-size: 24px; }.shortcode-rand-14:hover .feature-box-icon { background: none; }&quot;\" ><div class=\"feature-box-thumb\"><img loading=\"lazy\" decoding=\"async\" class=\"img-fluid squared\" src=\"https:\/\/immobiliaria360.com\/wp-content\/uploads\/2018\/08\/002-shield.png\" width=\"64\" height=\"64\" alt=\"Les acheteurs nous font confiance\" \/><\/div><!-- .feature-box-thumb --><div class=\"feature-box-title\"><h4 class=\"section-title\">Les acheteurs nous font confiance<\/h4><\/div><!-- .feature-box-title --><div class=\"feature-box-content\">Lorem Ipsum est simplement un texte factice de la composition d&rsquo;impression.<\/div><!-- .feature-box-content --><\/div><!-- .feature-box-wrapper --><div class=\"feature-box-wrapper feature-box-style-1 text-center vc_custom_1547461258200 shortcode-rand-15 zoacres-inline-css\" data-css=\"&quot;.shortcode-rand-15.feature-box-wrapper &gt; *:nth-child(1) { margin-bottom: 30px; }.shortcode-rand-15.feature-box-wrapper &gt; *:nth-child(2) { margin-bottom: 20px; }.shortcode-rand-15.feature-box-wrapper {background: -moz-linear-gradient(141deg,  0%,  51%,  75%);\\r\\n\\t\\t\\t\\tbackground: -webkit-linear-gradient(141deg,  0%,  51%,  75%);\\r\\n\\t\\t\\t\\tbackground: linear-gradient(141deg,  0%,  51%,  75%);}.shortcode-rand-15 .feature-box-icon { font-size: 24px; }.shortcode-rand-15:hover .feature-box-icon { background: none; }&quot;\" ><div class=\"feature-box-thumb\"><img loading=\"lazy\" decoding=\"async\" class=\"img-fluid squared\" src=\"https:\/\/immobiliaria360.com\/wp-content\/uploads\/2018\/08\/004-woman.png\" width=\"64\" height=\"64\" alt=\"Conseils d&#039;experts\" \/><\/div><!-- .feature-box-thumb --><div class=\"feature-box-title\"><h4 class=\"section-title\">Conseils d&#039;experts<\/h4><\/div><!-- .feature-box-title --><div class=\"feature-box-content\">Lorem Ipsum est simplement un texte factice de la composition d&rsquo;impression.<\/div><!-- .feature-box-content --><\/div><!-- .feature-box-wrapper -->[\/vc_column_inner][vc_column_inner offset=\u00a0\u00bbvc_col-lg-6 vc_col-md-12&Prime;][vc_single_image image=\u00a0\u00bb6637&Prime; img_size=\u00a0\u00bbfull\u00a0\u00bb css_animation=\u00a0\u00bbfadeInRight\u00a0\u00bb el_class=\u00a0\u00bbmax-width-none\u00a0\u00bb][\/vc_column_inner][\/vc_row_inner][\/vc_column][\/vc_row][vc_row full_width=\u00a0\u00bbstretch_row\u00a0\u00bb disable_element=\u00a0\u00bbyes\u00a0\u00bb css=\u00a0\u00bb.vc_custom_1665825336715{background-color: #f8fafb !important;}\u00a0\u00bb][vc_column][vc_row_inner][vc_column_inner]<div class=\"section-title-wrapper margin-bottom-40 text-center shortcode-rand-16 zoacres-inline-css\" data-css=\"&quot;.shortcode-rand-16 .section-title .title-prefix { color: #222222; }.shortcode-rand-16 .title-wrap { margin: 0px 0px 0px 0px; }.shortcode-rand-16 .title-separator.separator-border { background-color: #00afff; }.shortcode-rand-16.section-title-wrapper &gt; *:nth-child(1) { margin-bottom: 35px; }.shortcode-rand-16 .section-title { color: #222222; text-transform: none; }&quot;\"><div class=\"title-wrap\"><h2 class=\"section-title\">Clients heureux<\/h2><span class=\"title-separator separator-border theme-color-bg\"><\/span><\/div><!-- .title-wrap --><div class=\"section-description\">Contrairement \u00e0 la croyance populaire, le Lorem Ipsum n&rsquo;est pas simplement un texte al\u00e9atoire. Il a ses racines dans un morceau de litt\u00e9rature latine classique de<\/div><!-- .section-description --><\/div><!-- .section-title-wrapper --><div class=\"testimonial-wrapper testimonial-2 text-center testimonial-light shortcode-rand-17 zoacres-inline-css\" data-css=\"&quot;.shortcode-rand-17.testimonial-wrapper .testimonial-inner &gt; *:nth-child(1) { margin-bottom: 0px; }.shortcode-rand-17.testimonial-wrapper .testimonial-inner &gt; *:nth-child(2) { margin-bottom: 20px; }&quot;\"><div class=\"row\"><div class=\"owl-carousel\" data-loop=\"1\" data-margin=\"7\" data-center=\"0\" data-nav=\"0\" data-dots=\"1\" data-autoplay=\"1\" data-items=\"3\" data-items-tab=\"2\" data-items-mob=\"1\" data-duration=\"5000\" data-smartspeed=\"250\" data-scrollby=\"1\" data-autoheight=\"false\"><div class=\"item\"><div class=\"col-lg-12 col-md-12\"><div class=\"testimonial-inner rounded\"><div class=\"testimonial-info\"><p><a href=\"https:\/\/immobiliaria360.com\/fr\/testimonial\/joana-miquel\/\" class=\"client-name\">Joana Miquel<\/a><\/p><\/div><!-- .testimonial-info --><div class=\"testimonial-excerpt\"><p>Hemos alquilado un piso a trav\u00e9s de esta agencia y todo ha sido perfecto y r\u00e1pido.<\/p>\n<\/div><!-- .testimonial-excerpt --><\/div><!-- .testimonial-inner --><\/div><!-- .cols --><\/div><!-- .item --><div class=\"item\"><div class=\"col-lg-12 col-md-12\"><div class=\"testimonial-inner rounded\"><div class=\"testimonial-info\"><p><a href=\"https:\/\/immobiliaria360.com\/fr\/testimonial\/emilio-amigo\/\" class=\"client-name\">Emilio Amigo<\/a><\/p><\/div><!-- .testimonial-info --><div class=\"testimonial-excerpt\"><p>Os hago llegar de parte de mi familia y m\u00eda lo agradecidos que estamos con el<\/p>\n<\/div><!-- .testimonial-excerpt --><\/div><!-- .testimonial-inner --><\/div><!-- .cols --><\/div><!-- .item --><div class=\"item\"><div class=\"col-lg-12 col-md-12\"><div class=\"testimonial-inner rounded\"><div class=\"testimonial-info\"><p><a href=\"https:\/\/immobiliaria360.com\/fr\/testimonial\/alberto-ramirez\/\" class=\"client-name\">Alberto Ramirez<\/a><\/p><\/div><!-- .testimonial-info --><div class=\"testimonial-excerpt\"><p>Hemos hecho una operaci\u00f3n con la inmoobiliaria 360\u00ba y s\u00f3lo podemos decir que son unos grandes<\/p>\n<\/div><!-- .testimonial-excerpt --><\/div><!-- .testimonial-inner --><\/div><!-- .cols --><\/div><!-- .item --><div class=\"item\"><div class=\"col-lg-12 col-md-12\"><div class=\"testimonial-inner rounded\"><div class=\"testimonial-info\"><p><a href=\"https:\/\/immobiliaria360.com\/fr\/testimonial\/marta-garriga\/\" class=\"client-name\">Marta Garriga<\/a><\/p><\/div><!-- .testimonial-info --><div class=\"testimonial-excerpt\"><p>He vendido mi piso antes de lo que esperaba. Sin duda he acertado al decidir de<\/p>\n<\/div><!-- .testimonial-excerpt --><\/div><!-- .testimonial-inner --><\/div><!-- .cols --><\/div><!-- .item --><\/div><!-- .owl-carousel --><\/div><!-- .row --><\/div><!-- .testimonial-wrapper -->[\/vc_column_inner][\/vc_row_inner][\/vc_column][\/vc_row]<\/p>\n<\/div>","protected":false},"excerpt":{"rendered":"<p>[vc_row full_width=\u00a0\u00bbstretch_row_content\u00a0\u00bb css=\u00a0\u00bb.vc_custom_1696339547920{background-color: #f4f6fd !important;}\u00a0\u00bb el_class=\u00a0\u00bbsc-custom\u00a0\u00bb el_id=\u00a0\u00bbConseil d&rsquo;investissement\u00a0\u00bb][vc_column][vc_row_inner css=\u00a0\u00bb.vc_custom_1696339542607{padding-right: 30px !important;padding-left: 30px !important;}\u00a0\u00bb][vc_column_inner][\/vc_column_inner][\/vc_row_inner][vc_column_text] [\/vc_column_text][\/vc_column][\/vc_row][vc_row disable_element=\u00a0\u00bbyes\u00a0\u00bb css=\u00a0\u00bb.vc_custom_1666188823790{margin-top:<\/p>\n","protected":false},"author":2,"featured_media":0,"parent":0,"menu_order":0,"comment_status":"closed","ping_status":"closed","template":"","meta":{"_acf_changed":false,"footnotes":""},"class_list":["post-7365","page","type-page","status-publish","hentry"],"acf":[],"_links":{"self":[{"href":"https:\/\/immobiliaria360.com\/fr\/wp-json\/wp\/v2\/pages\/7365","targetHints":{"allow":["GET"]}}],"collection":[{"href":"https:\/\/immobiliaria360.com\/fr\/wp-json\/wp\/v2\/pages"}],"about":[{"href":"https:\/\/immobiliaria360.com\/fr\/wp-json\/wp\/v2\/types\/page"}],"author":[{"embeddable":true,"href":"https:\/\/immobiliaria360.com\/fr\/wp-json\/wp\/v2\/users\/2"}],"replies":[{"embeddable":true,"href":"https:\/\/immobiliaria360.com\/fr\/wp-json\/wp\/v2\/comments?post=7365"}],"version-history":[{"count":1,"href":"https:\/\/immobiliaria360.com\/fr\/wp-json\/wp\/v2\/pages\/7365\/revisions"}],"predecessor-version":[{"id":7975,"href":"https:\/\/immobiliaria360.com\/fr\/wp-json\/wp\/v2\/pages\/7365\/revisions\/7975"}],"wp:attachment":[{"href":"https:\/\/immobiliaria360.com\/fr\/wp-json\/wp\/v2\/media?parent=7365"}],"curies":[{"name":"wp","href":"https:\/\/api.w.org\/{rel}","templated":true}]}}