{"id":7824,"date":"2022-10-14T00:46:22","date_gmt":"2022-10-13T23:46:22","guid":{"rendered":"https:\/\/immobiliaria360.com\/politique-de-confidentialite\/"},"modified":"2022-11-23T17:48:26","modified_gmt":"2022-11-23T16:48:26","slug":"politique-de-confidentialite","status":"publish","type":"page","link":"https:\/\/immobiliaria360.com\/fr\/politique-de-confidentialite\/","title":{"rendered":"Politique de confidentialit\u00e9"},"content":{"rendered":"<p><strong>T60 Immobili\u00e0ria<\/strong> es compromet a protegir la vostra privacitat i desenvolupar la tecnologia que us proporcioni l\u2019experi\u00e8ncia m\u00e9s segura a la plana web. Aquesta declaraci\u00f3 de privacitat \u00e9s v\u00e0lida per la plana web www.immobiliaria360.com i regula la recollida i l\u2019\u00fas de dades. Acceptant les pol\u00edtiques de privacitat, consentiu a les pr\u00e0ctiques descrites en aquesta declaraci\u00f3.<\/p>\n<h5>Qui \u00e9s el responsable de les dades?<\/h5>\n<p>L&rsquo;informem que qualsevol dada personal que vost\u00e8 faciliti a trav\u00e9s d&rsquo;aquest lloc web ser\u00e0 tractat per<strong> T60 Immobili\u00e0ria<\/strong> en qualitat de responsable del tractament. <strong>T60 Immobili\u00e0ria<\/strong> \u00e9s el titular d&rsquo;aquest lloc web, d&rsquo;ara endavant<strong> \u00a0\u00bb T60 Immobili\u00e0ria\u00a0\u00bb.<\/strong><\/p>\n<h5>Quines dades recollim i amb quina finalitat?<\/h5>\n<p>En compliment del que requereix la Llei 29\/2021, de 28 d\u2019octubre, qualificada de Protecci\u00f3 de Dades Personals (en endavant, \u00ab\u00a0LQDP\u00a0\u00bb), i amb els reglaments que la desenvolupen, s&rsquo;informa als usuaris d&rsquo;aquest lloc web que les dades que es recullen s\u00f3n les que vost\u00e8 completa al nostre formulari web (incloent-hi el seu nom, cognoms i correu electr\u00f2nic). Aquest tractament es far\u00e0 en base al vostre consentiment.<\/p>\n<h5>Quant de temps es conservaran les meves dades?<\/h5>\n<p><strong>T60 Immobili\u00e0ria<\/strong> conservar\u00e0 les seves dades personals el temps necessari per a les finalitats descrites m\u00e9s amunt. En cas que hi hagi una legislaci\u00f3 que obligui a<strong> T60 Immobili\u00e0ria<\/strong> a conservar les seves dades personals <strong>T60 Immobili\u00e0ria<\/strong> conservar\u00e0 les seves dades personals durant dit per\u00edode addicional per\u00f2 les mateixes seran bloquejades i nom\u00e9s es tractaran per garantir-ne la conservaci\u00f3. Finalitzats aquests terminis, les dades personals seran suprimides.<\/p>\n<h5>A qui passarem les vostres dades?<\/h5>\n<p>Per norma general, les vostres dades no es passaran a tercers si no comptem amb el vostre consentiment expr\u00e9s per a fer-ho.<\/p>\n<h5>De quins drets disposeu?<\/h5>\n<p>En compliment de la LQPD, i els seus reglaments de desenvolupament, <strong>T60 Immobili\u00e0ria<\/strong> li informa que disposeu dels drets d&rsquo;acc\u00e9s, rectificaci\u00f3, limitaci\u00f3 del tractament, portabilitat, supressi\u00f3 i oposici\u00f3 de les seves dades personals, reconeguts en l&rsquo;esmentada normativa. Per tal d\u2019exercir-los vost\u00e8 haur\u00e0 (d&rsquo;enviar una comunicaci\u00f3 escrita i signada a l&rsquo;adre\u00e7a de correu electr\u00f2nic a \u202finfo@immobiliaria360.com. Davant de qualsevol vulneraci\u00f3 dels seus drets, especialment quan vost\u00e8 no hagi obtingut satisfacci\u00f3 en el seu exercici, pot presentar una reclamaci\u00f3 davant l\u2019Ag\u00e8ncia Andorrana de Protecci\u00f3 de Dades. Tamb\u00e9 pot obtenir m\u00e9s informaci\u00f3 sobre els drets que l&rsquo;assisteixen dirigint-se a aquests organismes.<\/p>\n<h5>Possibles canvis en la pol\u00edtica de privacitat?<\/h5>\n<p>Aquesta pol\u00edtica de privacitat \u00e9s subjecta a eventuals canvis d&rsquo;acord amb la legislaci\u00f3 aplicable en cada moment. En tot cas, qualsevol modificaci\u00f3 d&rsquo;aquesta Pol\u00edtica de privacitat li ser\u00e0 degudament notificada perqu\u00e8 vost\u00e8 quedi informat dels canvis produ\u00efts i pugui atorgar el seu consentiment expr\u00e9s a aquests canvis.<\/p>\n","protected":false},"excerpt":{"rendered":"<p>T60 Immobili\u00e0ria es compromet a protegir la vostra privacitat i desenvolupar la tecnologia que us proporcioni l\u2019experi\u00e8ncia m\u00e9s segura a la plana web. Aquesta declaraci\u00f3 de privacitat \u00e9s v\u00e0lida per la plana web www.immobiliaria360.com i regula la recollida i l\u2019\u00fas de dades. Acceptant les pol\u00edtiques de privacitat, consentiu a les pr\u00e0ctiques descrites en aquesta declaraci\u00f3.<\/p>\n","protected":false},"author":3,"featured_media":0,"parent":0,"menu_order":0,"comment_status":"closed","ping_status":"closed","template":"","meta":{"_acf_changed":false,"footnotes":""},"class_list":["post-7824","page","type-page","status-publish","hentry"],"acf":[],"_links":{"self":[{"href":"https:\/\/immobiliaria360.com\/fr\/wp-json\/wp\/v2\/pages\/7824","targetHints":{"allow":["GET"]}}],"collection":[{"href":"https:\/\/immobiliaria360.com\/fr\/wp-json\/wp\/v2\/pages"}],"about":[{"href":"https:\/\/immobiliaria360.com\/fr\/wp-json\/wp\/v2\/types\/page"}],"author":[{"embeddable":true,"href":"https:\/\/immobiliaria360.com\/fr\/wp-json\/wp\/v2\/users\/3"}],"replies":[{"embeddable":true,"href":"https:\/\/immobiliaria360.com\/fr\/wp-json\/wp\/v2\/comments?post=7824"}],"version-history":[{"count":0,"href":"https:\/\/immobiliaria360.com\/fr\/wp-json\/wp\/v2\/pages\/7824\/revisions"}],"wp:attachment":[{"href":"https:\/\/immobiliaria360.com\/fr\/wp-json\/wp\/v2\/media?parent=7824"}],"curies":[{"name":"wp","href":"https:\/\/api.w.org\/{rel}","templated":true}]}}