{"id":7837,"date":"2022-11-23T17:19:53","date_gmt":"2022-11-23T16:19:53","guid":{"rendered":"https:\/\/immobiliaria360.com\/?page_id=7837"},"modified":"2022-11-24T09:00:17","modified_gmt":"2022-11-24T08:00:17","slug":"avis-juridique","status":"publish","type":"page","link":"https:\/\/immobiliaria360.com\/fr\/avis-juridique\/","title":{"rendered":"Avis juridique"},"content":{"rendered":"<h5>Donn\u00e9es d&rsquo;identification du responsable :<\/h5>\n<p><strong>T60 Immobili\u00e0ria<\/strong> est propri\u00e9taire du site www.immobiliaria360.com<\/p>\n<p>\u2022 Propri\u00e9taire : T60 Immobilier<br \/>\n\u2022 TRN\u00a0: F-033214-X<br \/>\n\u2022 Adresse : Avda Fiter i Rossell 45\u00aa, 1-2, Escaldes-Engordany.<br \/>\n\u2022 T\u00e9l\u00e9phone : +376 645 925<br \/>\n\u2022 Courriel\u00a0: info@immobiliaria360.com<\/p>\n<h5>Objet:<\/h5>\n<p>L&rsquo;objectif de cette page Web est de fournir des informations sur les biens immobiliers disponibles \u00e0 l&rsquo;achat, \u00e0 la vente et convertibles, avec ses six caract\u00e9ristiques et ses prix, offrant ainsi des services immobiliers professionnels.<\/p>\n<h5>Limitation de responsabilit\u00e9:<\/h5>\n<p><strong>T60 Immobilier<\/strong> Il n&rsquo;est pas responsable des dommages et pr\u00e9judices des produits ou qu&rsquo;il est dangereux de produire, de nature naturelle, qui d\u00e9rivent de l&rsquo;utilisation de l&rsquo;information, de la suite du WEB et des programmes qu&rsquo;il int\u00e8gre, et qui ne peuvent pas \u00eatre caus\u00e9, au titre \u00e9nonc\u00e9 et non Limitation: erreurs ou omissions dans les continguts, manque de disponibilit\u00e9 du WEB ou la transmission de virus ou programmes malveillants ou blessures dans les continguts, doivent malheureusement adopter toutes les mesures technologiques n\u00e9cessaires pour \u00e9viter- ho. Les informations \u00e9ventuelles sur le WEB sont \u00e0 jour \u00e0 la date de la derni\u00e8re mise \u00e0 jour, et <strong>T60 Immobili\u00e0ria<\/strong> ne garantit pas l&rsquo;absence d&rsquo;erreurs dans l&rsquo;acc\u00e8s au WEB ou dans le contingut, mais adoptera les mesures pertinentes pour \u00e9viter- le, corriger-le i \/o les mettre \u00e0 jour car aviat com est d\u00e9tect\u00e9.<br \/>\n<strong>T60 Immobili\u00e0ria<\/strong> se r\u00e9serve le droit de modifier et de mettre \u00e0 jour les informations sur le WEB, sa pr\u00e9sentation et configuration et les conditions d&rsquo;acc\u00e8s sans pr\u00e9avis et \u00e0 tout moment. Aix\u00ed mateix, <strong>T60 Immobili\u00e0ria<\/strong> se r\u00e9serve le droit de modifier et\/ou de modifier totalement ou partiellement les continguts du WEB et d&rsquo;en restreindre l&rsquo;acc\u00e8s.<br \/>\nSi vous n&rsquo;avez pas \u00e0 effectuer d&rsquo;op\u00e9rations de maintenance, de r\u00e9paration, de mise \u00e0 jour ou de meilleur service, <strong>T60 Immobilier<\/strong> Le droit de suspendre temporairement est r\u00e9serv\u00e9 et il n&rsquo;est pas n\u00e9cessaire de donner un pr\u00e9avis d&rsquo;acc\u00e8s au WEB, ici avec le droit de fournir ou d&rsquo;annuler les services, il n&rsquo;y a aucun mal \u00e0 essayer d&rsquo;\u00eatre en contact avec les utilisateurs, chaque fois que les circonstances sont la perm\u00e9thine.<br \/>\nL&rsquo;utilisation de ce WEB et des informations fournies rel\u00e8ve de la responsabilit\u00e9 de l&rsquo;utilisateur. Le chapitre trois peut \u00e9tablir une relation de cadrage entre les six pages Web et le WEB. Aix\u00ed mateix, <strong>T60 Immobili\u00e0ria<\/strong> n&rsquo;est pas responsable des continguts de tiers auxquels il est possible d&rsquo;acc\u00e9der en mitjan\u00e7ant les continguts des liens vers le WEB.<\/p>\n<h5>Services et produits du web :<\/h5>\n<p>Le WEB peut contenir des liens vers des pages Web \u00e9trang\u00e8res \u00e0 la carte, qui sont mises \u00e0 la disposition de l&rsquo;utilisateur dans le seul but de faciliter l&rsquo;acc\u00e8s \u00e0 des continguts, produits ou services qui peuvent ne pas l&rsquo;int\u00e9resser et que <strong>T60 Immobili\u00e0ria<\/strong> ne g\u00e8re ni ne contr\u00f4le au moment du cap. L&rsquo;inclusion de liens vers des portails tiers n&rsquo;implique en aucun cas un lien entre <strong>T60 Immobili\u00e0ria<\/strong> et les propri\u00e9taires des portails li\u00e9s. <strong>T60 Real Estate<\/strong> n&rsquo;assume aucune responsabilit\u00e9 directe ou indirecte en ce qui concerne la l\u00e9galit\u00e9, la v\u00e9racit\u00e9, l&rsquo;utilit\u00e9, la qualit\u00e9 ou la fiabilit\u00e9 des services et continguts appartenant \u00e0 des tiers, ou que ceux-ci g\u00e8rent ou contr\u00f4lent, auxquels ils peuvent acc\u00e9der via le WEB. \u00c0 toutes fins l\u00e9gales, il est entendu que toute relation contractuelle ou non contractuelle que l&rsquo;utilisateur doit conclure avec des tiers contactant le WEB est r\u00e9alis\u00e9e uniquement et exclusivement entre l&rsquo;utilisateur et des tiers. L&rsquo;utilisateur accepte que T60 Immobili\u00e0ria n&rsquo;assume aucune responsabilit\u00e9 pour les dommages ou dommages de toute nature caus\u00e9s par les n\u00e9gociations, conversations ou relations contractuelles ou non contractuelles entre l&rsquo;utilisateur et des tiers contact\u00e9s par le WEB. L&rsquo;utilisateur devra comprendre les indications, avis ou avertissements l\u00e9gaux que les portails tiers peuvent \u00e9tablir pour leur utilisation.<\/p>\n<h5>Responsabilit\u00e9s de l&rsquo;utilisateur du site Web :<\/h5>\n<p>L&rsquo;utilisateur est responsable du respect des lois et r\u00e8glements en vigueur et des r\u00e8gles applicables \u00e0 l&rsquo;utilisateur qui est realitzi dels produits et applications. De plus, l&rsquo;utilisation du WEB contraire \u00e0 la bonne foi est interdite, en particulier et de mani\u00e8re non exhaustive : utilisation contraire \u00e0 la r\u00e9glementation andorrane ou portant atteinte aux droits de tiers ; la publication ou la transmission de tout contenu violent, obsc\u00e8ne, injurieux, ill\u00e9gal, raciste, x\u00e9nophobe ou diffamatoire ; modifier ou interf\u00e9rer avec des pages Web personnelles frauduleuses ou des courriers \u00e9lectroniques ou des syst\u00e8mes d&rsquo;autres utilisateurs ou de tiers sans autorisation\u00a0; les fissures, num\u00e9ros de s\u00e9rie de programmes ou tout autre contingent qui viole les droits de propri\u00e9t\u00e9 intellectuelle de tiers\u00a0; le retrait et\/ou l&rsquo;utilisation de donn\u00e9es personnelles par d&rsquo;autres utilisateurs sans leur consentement expr\u00e8s ou qui contrevient aux dispositions de la loi qualifi\u00e9e 29\/2021 sur la protection des donn\u00e9es personnelles\u00a0; l&rsquo;utilisation du serveur de messagerie, du domaine et des adresses de courrier \u00e9lectronique \u00e0 des fins de courrier non desitjat, de bombardement de courrier, d&rsquo;usurpation d&rsquo;identit\u00e9, de fraude sous la garde de tiers, de propagation de virus (troians, etc.) ou de tout autre type d&rsquo;activitat realitzada amb \u00e0nim frauduleux ou d\u00e9lictueux. Il est express\u00e9ment interdit d&rsquo;acc\u00e9der, de modifier, de visualiser la configuration, la structure et les archives des serveurs WEB. Compte tenu de tout probl\u00e8me qui pourrait survenir dans les serveurs et les syst\u00e8mes de s\u00e9curit\u00e9 du WEB comme cons\u00e9quence directe d&rsquo;une action n\u00e9gligente de l&rsquo;utilisateur, cet utilisateur r\u00e9pondra de la responsabilit\u00e9 civile et p\u00e9nale correspondante. L&rsquo;utilisateur respectera les normes techniques disponibles sur le WEB dans l&rsquo;administration et le d\u00e9veloppement des produits utilis\u00e9s afin qu&rsquo;il ne se produise pas d&rsquo;abus qui ralentissent les serveurs et nuisent \u00e0 la fourniture des produits ou aux droits des autres utilisateurs.<\/p>\n<h5>Propri\u00e9t\u00e9 industrielle et intellectuelle :<\/h5>\n<p>Tous les \u00e9l\u00e9ments qui apparaissent sur le Web ne sont pas limit\u00e9s (photographies, musique, sons, animations, programmes, textes, noms de domaine, marques, informations et contenus compil\u00e9s \u00e0 partir de l&rsquo;ensemble du Web, etc.), ainsi que la structure, la conception graphique et le code de police sont le propri\u00e9taire de<strong> T60 Immobilier<\/strong>, ou si c&rsquo;est le cas, de tiers qui ont c\u00e9d\u00e9 les droits correspondants de l&rsquo;utilisateur, et que l&rsquo;utilisateur de ce site Web doit respecter, et qui sont donc prot\u00e9g\u00e9s par la r\u00e9glementation sur la propri\u00e9t\u00e9 intellectuelle. Ils ne peuvent pas effectuer d&rsquo;actes totaux ou partiels de reproduction, publication, traitement informatique, distribution, diffusion, transformation, compilation, modification, distribution ou communication publique du Web sans le consentement pr\u00e9alable et \u00e9crit de T60 Immobili\u00e0ria. L&rsquo;acc\u00e8s par l&rsquo;utilisateur aux continguts et aux services du Web n&rsquo;implique pas le droit \u00e0 la transmission, au transfert, \u00e0 l&rsquo;utilisation, \u00e0 la modification, \u00e0 l&rsquo;exploitation, \u00e0 la reproduction, \u00e0 la distribution ou \u00e0 la communication publique, objet de propri\u00e9t\u00e9 intellectuelle , sens l&rsquo;autorisation pr\u00e9alable et expresse sp\u00e9cifiquement accord\u00e9e \u00e0 cet effet par <strong>T60 Immobili\u00e0ria<\/strong> ou du troisi\u00e8me titulaire des droits, s&rsquo;il s&rsquo;agit d&rsquo;escau.<\/p>\n<p>Les utilisateurs du Web ne pourront faire qu&rsquo;un usage priv\u00e9 et personnel de leurs quotas, c&rsquo;est-\u00e0-dire qu&rsquo;ils n&rsquo;auront le droit de visualiser et de faire des copies des quotas que pour leur usage personnel et exclusif et d&rsquo;appliquer ces droits sur la base des principes de bonne foi et de la r\u00e9glementation applicable. Il est absolument interdit d&rsquo;utiliser le Web ou l&rsquo;un de ses \u00e9l\u00e9ments \u00e0 des fins commerciales ou ill\u00e9gales. L&rsquo;utilisation non autoris\u00e9e des informations contenues dans ce portail, ainsi que les dommages caus\u00e9s par les droits de propri\u00e9t\u00e9 intellectuelle, peuvent contribuer \u00e0 l&rsquo;exercice des actions en justice pertinentes et, le cas \u00e9ch\u00e9ant, aux responsabilit\u00e9s d\u00e9riv\u00e9es de cet exercice.<\/p>\n<h5>Protection des donn\u00e9es personnelles et cookies\u00a0:<\/h5>\n<p>Conform\u00e9ment \u00e0 la LQPD et \u00e0 ses r\u00e9glementations de d\u00e9veloppement, <strong>T60 Immobili\u00e0ria<\/strong> informe qu&rsquo;elle dispose des droits d&rsquo;acc\u00e8s, de rectification, de suppression, d&rsquo;opposition, de portabilit\u00e9 et de limitation des contrats reconnus dans les r\u00e9glementations susmentionn\u00e9es. Nous vous informons que ce site collecte des cookies. Retrouvez une explication exhaustive de celles-ci dans le <a href=\"https:\/\/immobiliaria360.com\/politica-cookies\/\">lien<\/a> suivant. Pour plus d&rsquo;informations sur la mani\u00e8re dont nous traiterons les donn\u00e9es personnelles, consultez le lien suivant <a href=\"https:\/\/immobiliaria360.com\/politica-de-privacitat\/\">.<\/a><\/p>\n<h5>Engagements\u00a0:<\/h5>\n<p>T60 Immobili\u00e0ria s&rsquo;engage \u00e0 ne pas faire de publicit\u00e9 mensong\u00e8re. En ce sens, les erreurs formelles ou num\u00e9riques qui peuvent \u00eatre trouv\u00e9es dans le contingent des diff\u00e9rentes sections du Web en raison de la maintenance et\/ou de la mise \u00e0 jour incompl\u00e8te ou d\u00e9fectueuse des informations contingentes dans ces sections du Web ne sont pas consid\u00e9r\u00e9es comme de la publicit\u00e9 trompeuse. Web \u00e0 la suite de tout ce isment dans cet appartement, <strong>T60 Immobili\u00e0ria<\/strong> s&rsquo;engage \u00e0 corriger cette situation si aviat avec const\u00e0ncia dels esmentats erreurs.<\/p>\n<h5>Acceptation:<\/h5>\n<p>L&rsquo;utilisation du Web implique l&rsquo;acceptation expresse et pleine de ces conditions g\u00e9n\u00e9rales et de toutes et chacune des dispositions incluses dans cet avis l\u00e9gal dans la version publi\u00e9e au moment o\u00f9 l&rsquo;utilisateur acc\u00e8de \u00e0 cet avis (\u00e0 l&rsquo;exception de la politique de confidentialit\u00e9, que je acceptera express\u00e9ment). Par cons\u00e9quent, il est recommand\u00e9 \u00e0 l&rsquo;utilisateur de consulter cette notice l\u00e9gale chaque fois qu&rsquo;il acc\u00e8de au Web, car il est possible de produire des modifications dans les conditions g\u00e9n\u00e9rales, sans pr\u00e9judice des conditions particuli\u00e8res pouvant \u00eatre appliqu\u00e9es \u00e0 certains services sp\u00e9cifiques du Web.<\/p>\n<h5>L\u00e9gislation applicable et juridiction :<\/h5>\n<p>Les pr\u00e9sentes conditions d&rsquo;acc\u00e8s et d&rsquo;utilisation sont soumises \u00e0 la l\u00e9gislation andorrane et \u00e0 la comp\u00e9tence de ses tribunaux.<\/p>\n","protected":false},"excerpt":{"rendered":"<p>Donn\u00e9es d&rsquo;identification du responsable : T60 Immobili\u00e0ria est propri\u00e9taire du site www.immobiliaria360.com \u2022 Propri\u00e9taire : T60 Immobilier \u2022 TRN\u00a0: F-033214-X \u2022 Adresse : Avda Fiter i Rossell 45\u00aa, 1-2, Escaldes-Engordany. \u2022 T\u00e9l\u00e9phone : +376 645 925 \u2022 Courriel\u00a0: info@immobiliaria360.com Objet: L&rsquo;objectif de cette page Web est de fournir des informations sur les biens immobiliers disponibles<\/p>\n","protected":false},"author":2,"featured_media":0,"parent":0,"menu_order":0,"comment_status":"closed","ping_status":"closed","template":"","meta":{"_acf_changed":false,"footnotes":""},"class_list":["post-7837","page","type-page","status-publish","hentry"],"acf":[],"_links":{"self":[{"href":"https:\/\/immobiliaria360.com\/fr\/wp-json\/wp\/v2\/pages\/7837","targetHints":{"allow":["GET"]}}],"collection":[{"href":"https:\/\/immobiliaria360.com\/fr\/wp-json\/wp\/v2\/pages"}],"about":[{"href":"https:\/\/immobiliaria360.com\/fr\/wp-json\/wp\/v2\/types\/page"}],"author":[{"embeddable":true,"href":"https:\/\/immobiliaria360.com\/fr\/wp-json\/wp\/v2\/users\/2"}],"replies":[{"embeddable":true,"href":"https:\/\/immobiliaria360.com\/fr\/wp-json\/wp\/v2\/comments?post=7837"}],"version-history":[{"count":0,"href":"https:\/\/immobiliaria360.com\/fr\/wp-json\/wp\/v2\/pages\/7837\/revisions"}],"wp:attachment":[{"href":"https:\/\/immobiliaria360.com\/fr\/wp-json\/wp\/v2\/media?parent=7837"}],"curies":[{"name":"wp","href":"https:\/\/api.w.org\/{rel}","templated":true}]}}